{"id":5227,"date":"2023-11-24T07:58:46","date_gmt":"2023-11-24T07:58:46","guid":{"rendered":"https:\/\/wpachem.com\/?post_type=product&#038;p=5227"},"modified":"2023-11-24T07:58:48","modified_gmt":"2023-11-24T07:58:48","slug":"galaxolide-cas-1222-05-5","status":"publish","type":"product","link":"https:\/\/wpachem.com\/vi\/product\/galaxolide-cas-1222-05-5\/","title":{"rendered":"Galaxolide CAS 1222-05-5"},"content":{"rendered":"<p><strong>\u0110\u1eb7c \u0111i\u1ec3m<\/strong><\/p>\n<table class=\"border-none text-left\">\n<tbody>\n<tr>\n<th class=\"width-pc-30\" align=\"left\" valign=\"top\">Tr\u1ea1ng th\u00e1i v\u1eadt l\u00fd<\/th>\n<td class=\"width-pc-70\" align=\"left\" valign=\"top\">Ch\u1ea5t l\u1ecfng. \u0110\u1ed9 nh\u1edbt.<\/td>\n<\/tr>\n<tr>\n<th class=\"width-pc-30\" align=\"left\" valign=\"top\">M\u00e0u s\u1eafc<\/th>\n<td class=\"width-pc-70\" align=\"left\" valign=\"top\">Trong su\u1ed1t kh\u00f4ng m\u00e0u.<\/td>\n<\/tr>\n<tr>\n<th class=\"width-pc-30\" align=\"left\" valign=\"top\">M\u00f9i<\/th>\n<td class=\"width-pc-70\" align=\"left\" valign=\"top\">\u00a0x\u1ea1 h\u01b0\u01a1ng<\/td>\n<\/tr>\n<tr>\n<th class=\"width-pc-30\" align=\"left\" valign=\"top\">\u0110i\u1ec3m n\u00f3ng ch\u1ea3y\/\u0111i\u1ec3m \u0111\u00f3ng b\u0103ng<\/th>\n<td class=\"width-pc-70\" align=\"left\" valign=\"top\">&lt; -20 \u00b0C. \u00c1p su\u1ea5t Atm.:101 320 Pa.<\/td>\n<\/tr>\n<tr>\n<th class=\"width-pc-30\" align=\"left\" valign=\"top\">\u0110i\u1ec3m s\u00f4i ho\u1eb7c \u0111i\u1ec3m s\u00f4i ban \u0111\u1ea7u v\u00e0 ph\u1ea1m vi s\u00f4i<\/th>\n<td class=\"width-pc-70\" align=\"left\" valign=\"top\">318 \u00b0C. \u00c1p su\u1ea5t Atm.:101 325 Pa.<\/td>\n<\/tr>\n<tr>\n<th class=\"width-pc-30\" align=\"left\" valign=\"top\">T\u00ednh d\u1ec5 ch\u00e1y<\/th>\n<td class=\"width-pc-70\" align=\"left\" valign=\"top\">kh\u00f4ng c\u00f3 d\u1eef li\u1ec7u c\u00f3 s\u1eb5n<\/td>\n<\/tr>\n<tr>\n<th class=\"width-pc-30\" align=\"left\" valign=\"top\">Gi\u1edbi h\u1ea1n n\u1ed5 tr\u00ean v\u00e0 d\u01b0\u1edbi\/gi\u1edbi h\u1ea1n ch\u00e1y n\u1ed5<\/th>\n<td class=\"width-pc-70\" align=\"left\" valign=\"top\">kh\u00f4ng c\u00f3 d\u1eef li\u1ec7u c\u00f3 s\u1eb5n<\/td>\n<\/tr>\n<tr>\n<th class=\"width-pc-30\" align=\"left\" valign=\"top\">\u0110i\u1ec3m ch\u1edbp ch\u00e1y<\/th>\n<td class=\"width-pc-70\" align=\"left\" valign=\"top\">144 \u00b0C. \u00c1p su\u1ea5t Atm.:102 800 Pa.<\/td>\n<\/tr>\n<tr>\n<th class=\"width-pc-30\" align=\"left\" valign=\"top\">Nhi\u1ec7t \u0111\u1ed9 t\u1ef1 b\u1ed1c ch\u00e1y<\/th>\n<td class=\"width-pc-70\" align=\"left\" valign=\"top\">355 \u00b0C. \u00c1p su\u1ea5t Atm.: 1 011,3 \u2013 1 011,7 hPa. Ghi ch\u00fa: Nhi\u1ec7t \u0111\u1ed9 th\u1ea5p nh\u1ea5t x\u1ea3y ra \u0111\u00e1nh l\u1eeda l\u00e0 356\u00b0C; nhi\u1ec7t \u0111\u1ed9 n\u00e0y \u0111\u01b0\u1ee3c l\u00e0m tr\u00f2n \u0111\u1ebfn b\u1ed9i s\u1ed1 g\u1ea7n nh\u1ea5t c\u1ee7a 5\u00b0C.<\/td>\n<\/tr>\n<tr>\n<th class=\"width-pc-30\" align=\"left\" valign=\"top\">Nhi\u1ec7t \u0111\u1ed9 ph\u00e2n h\u1ee7y<\/th>\n<td class=\"width-pc-70\" align=\"left\" valign=\"top\">kh\u00f4ng c\u00f3 d\u1eef li\u1ec7u c\u00f3 s\u1eb5n<\/td>\n<\/tr>\n<tr>\n<th class=\"width-pc-30\" align=\"left\" valign=\"top\">\u0111\u1ed9 pH<\/th>\n<td class=\"width-pc-70\" align=\"left\" valign=\"top\">kh\u00f4ng c\u00f3 d\u1eef li\u1ec7u c\u00f3 s\u1eb5n<\/td>\n<\/tr>\n<tr>\n<th class=\"width-pc-30\" align=\"left\" valign=\"top\">\u0110\u1ed9 nh\u1edbt \u0111\u1ed9ng h\u1ecdc<\/th>\n<td class=\"width-pc-70\" align=\"left\" valign=\"top\">\u0111\u1ed9 nh\u1edbt \u0111\u1ed9ng (t\u00ednh b\u1eb1ng mPa\u00b7s) = 12 914. Nhi\u1ec7t \u0111\u1ed9: 20\u00b0C. Ghi ch\u00fa: B\u00e1o c\u00e1o th\u1eed nghi\u1ec7m \u0111\u01b0\u1ee3c bi\u1ec3u th\u1ecb l\u00e0 12915 c Poise.<\/td>\n<\/tr>\n<tr>\n<th class=\"width-pc-30\" align=\"left\" valign=\"top\">\u0110\u1ed9 h\u00f2a tan<\/th>\n<td class=\"width-pc-70\" align=\"left\" valign=\"top\">Trong n\u01b0\u1edbc, 1,75 mg\/L \u1edf 25 \u0111\u1ed9 C<\/td>\n<\/tr>\n<tr>\n<th class=\"width-pc-30\" align=\"left\" valign=\"top\">H\u1ec7 s\u1ed1 ph\u00e2n chia n-octanol\/n\u01b0\u1edbc<\/th>\n<td class=\"width-pc-70\" align=\"left\" valign=\"top\">log Pow = 5,3. Nhi\u1ec7t \u0111\u1ed9: 25 \u00b0C.<\/td>\n<\/tr>\n<tr>\n<th class=\"width-pc-30\" align=\"left\" valign=\"top\">\u00c1p su\u1ea5t h\u01a1i<\/th>\n<td class=\"width-pc-70\" align=\"left\" valign=\"top\">0,073 Pa. Nhi\u1ec7t \u0111\u1ed9: 25 \u00b0C. Ghi ch\u00fa: \u0110\u1ed9 l\u1ec7ch chu\u1ea9n l\u00e0 0,0123 Pa.<\/td>\n<\/tr>\n<tr>\n<th class=\"width-pc-30\" align=\"left\" valign=\"top\">M\u1eadt \u0111\u1ed9 v\u00e0\/ho\u1eb7c m\u1eadt \u0111\u1ed9 t\u01b0\u01a1ng \u0111\u1ed1i<\/th>\n<td class=\"width-pc-70\" align=\"left\" valign=\"top\">0,99 \u2013 1,015 g\/cm\u00b3. Nhi\u1ec7t \u0111\u1ed9: 20 \u00b0C.<\/td>\n<\/tr>\n<\/tbody>\n<\/table>\n<p><strong>\u0110\u00f3ng g\u00f3i &amp; l\u01b0u tr\u1eef<\/strong><\/p>\n<p>B\u1ea3o qu\u1ea3n trong h\u1ed9p k\u00edn \u1edf n\u01a1i kh\u00f4 r\u00e1o, tho\u00e1ng m\u00e1t, th\u00f4ng gi\u00f3 t\u1ed1t. B\u1ea3o qu\u1ea3n ri\u00eang v\u1edbi h\u1ed9p \u0111\u1ef1ng th\u1ef1c ph\u1ea9m ho\u1eb7c v\u1eadt li\u1ec7u kh\u00f4ng t\u01b0\u01a1ng th\u00edch.<\/p>","protected":false},"excerpt":{"rendered":"<p>T\u00ean s\u1ea3n ph\u1ea9m: Galaxolide<br \/>\nS\u1ed1 CAS: 1222-05-5<br \/>\nNguy\u00ean t\u1eed: C18H26O<br \/>\nNgo\u1ea1i quan: Ch\u1ea5t l\u1ecfng nh\u1edbt kh\u00f4ng m\u00e0u trong su\u1ed1t<\/p>\n<p>&nbsp;<\/p>","protected":false},"featured_media":2109,"template":"","meta":{"_acf_changed":false,"_gspb_post_css":""},"product_brand":[],"product_cat":[61],"product_tag":[],"class_list":{"0":"post-5227","1":"product","2":"type-product","3":"status-publish","4":"has-post-thumbnail","6":"product_cat-flavor-and-fragrance","8":"first","9":"instock","10":"shipping-taxable","11":"product-type-simple"},"acf":[],"_links":{"self":[{"href":"https:\/\/wpachem.com\/vi\/wp-json\/wp\/v2\/product\/5227","targetHints":{"allow":["GET"]}}],"collection":[{"href":"https:\/\/wpachem.com\/vi\/wp-json\/wp\/v2\/product"}],"about":[{"href":"https:\/\/wpachem.com\/vi\/wp-json\/wp\/v2\/types\/product"}],"version-history":[{"count":0,"href":"https:\/\/wpachem.com\/vi\/wp-json\/wp\/v2\/product\/5227\/revisions"}],"wp:featuredmedia":[{"embeddable":true,"href":"https:\/\/wpachem.com\/vi\/wp-json\/wp\/v2\/media\/2109"}],"wp:attachment":[{"href":"https:\/\/wpachem.com\/vi\/wp-json\/wp\/v2\/media?parent=5227"}],"wp:term":[{"taxonomy":"product_brand","embeddable":true,"href":"https:\/\/wpachem.com\/vi\/wp-json\/wp\/v2\/product_brand?post=5227"},{"taxonomy":"product_cat","embeddable":true,"href":"https:\/\/wpachem.com\/vi\/wp-json\/wp\/v2\/product_cat?post=5227"},{"taxonomy":"product_tag","embeddable":true,"href":"https:\/\/wpachem.com\/vi\/wp-json\/wp\/v2\/product_tag?post=5227"}],"curies":[{"name":"wp","href":"https:\/\/api.w.org\/{rel}","templated":true}]}}