{"id":5230,"date":"2023-11-24T08:16:58","date_gmt":"2023-11-24T08:16:58","guid":{"rendered":"https:\/\/wpachem.com\/?post_type=product&#038;p=5230"},"modified":"2023-11-24T08:16:58","modified_gmt":"2023-11-24T08:16:58","slug":"musk-ketone-cas-541-91-3","status":"publish","type":"product","link":"https:\/\/wpachem.com\/vi\/product\/musk-ketone-cas-541-91-3\/","title":{"rendered":"Xeton x\u1ea1 h\u01b0\u01a1ng CAS 541-91-3"},"content":{"rendered":"<p><strong>\u0110\u1eb7c \u0111i\u1ec3m<\/strong><\/p>\n<ul class=\"list3\">\n<li>Ngo\u1ea1i quan: D\u1ea7u kh\u00f4ng m\u00e0u.<\/li>\n<li>M\u00f9i h\u01b0\u01a1ng: X\u1ea1 h\u01b0\u01a1ng \u0111\u1ed9ng v\u1eadt m\u1ec1m m\u1ea1i, ng\u1ecdt ng\u00e0o m\u1ea1nh m\u1ebd<\/li>\n<li>\u0110i\u1ec3m n\u00f3ng ch\u1ea3y\/\u0111i\u1ec3m \u0111\u00f3ng b\u0103ng: -12 \u00b0C. Ghi ch\u00fa: 261 \u00b1 -272,65\u00b0C.<\/li>\n<li>\u0110i\u1ec3m s\u00f4i ho\u1eb7c \u0111i\u1ec3m s\u00f4i ban \u0111\u1ea7u v\u00e0 ph\u1ea1m vi s\u00f4i: 322 \u00b0C. \u00c1p su\u1ea5t Atm.: 97,3 kPa. Ghi ch\u00fa: 321,85\u00b0C.<\/li>\n<li>\u0110i\u1ec3m ch\u1edbp ch\u00e1y: 155 \u00b0C. \u00c1p su\u1ea5t Atm.: 101,325 kPa.<\/li>\n<li>Nhi\u1ec7t \u0111\u1ed9 t\u1ef1 b\u1ed1c ch\u00e1y: 235 \u00b0C. \u00c1p su\u1ea5t Atm.: 999,4 \u2013 1 014,2 hPa.<\/li>\n<li>\u0110\u1ed9 h\u00f2a tan: Cloroform, Methanol (\u00edt)<\/li>\n<li>H\u1ec7 s\u1ed1 ph\u00e2n chia n-octanol\/n\u01b0\u1edbc: log Pow = 6,06. Nhi\u1ec7t \u0111\u1ed9: 25 \u00b0C.<\/li>\n<li>\u00c1p su\u1ea5t h\u01a1i: 0,024 Pa. Nhi\u1ec7t \u0111\u1ed9: 20 \u00b0C. Ghi ch\u00fa: Ngo\u1ea1i suy.; 0,041 Pa. Nhi\u1ec7t \u0111\u1ed9: 25 \u00b0C. Ghi ch\u00fa: Ngo\u1ea1i suy.; 0,49 Pa. Nhi\u1ec7t \u0111\u1ed9: 50 \u00b0C. Ghi ch\u00fa: N\u1ed9i suy.<\/li>\n<li>M\u1eadt \u0111\u1ed9 v\u00e0\/ho\u1eb7c m\u1eadt \u0111\u1ed9 t\u01b0\u01a1ng \u0111\u1ed1i: 0,919. Nhi\u1ec7t \u0111\u1ed9: 20 \u00b0C.<\/li>\n<\/ul>\n<p><strong>\u0110\u00f3ng g\u00f3i &amp; l\u01b0u tr\u1eef<\/strong><\/p>\n<p>B\u1ea3o qu\u1ea3n trong h\u1ed9p k\u00edn \u1edf n\u01a1i kh\u00f4 r\u00e1o, tho\u00e1ng m\u00e1t, th\u00f4ng gi\u00f3 t\u1ed1t. B\u1ea3o qu\u1ea3n ri\u00eang v\u1edbi h\u1ed9p \u0111\u1ef1ng th\u1ef1c ph\u1ea9m ho\u1eb7c v\u1eadt li\u1ec7u kh\u00f4ng t\u01b0\u01a1ng th\u00edch.<\/p>","protected":false},"excerpt":{"rendered":"<p>T\u00ean s\u1ea3n ph\u1ea9m: Musk Ketone<br \/>\nS\u1ed1 hi\u1ec7u: 541-91-3<br \/>\nMF: C16H30O<br \/>\nNgo\u1ea1i quan: D\u1ea7u kh\u00f4ng m\u00e0u<\/p>","protected":false},"featured_media":4816,"template":"","meta":{"_acf_changed":false,"_gspb_post_css":""},"product_brand":[],"product_cat":[61],"product_tag":[],"class_list":{"0":"post-5230","1":"product","2":"type-product","3":"status-publish","4":"has-post-thumbnail","6":"product_cat-flavor-and-fragrance","8":"first","9":"instock","10":"shipping-taxable","11":"product-type-simple"},"acf":[],"_links":{"self":[{"href":"https:\/\/wpachem.com\/vi\/wp-json\/wp\/v2\/product\/5230","targetHints":{"allow":["GET"]}}],"collection":[{"href":"https:\/\/wpachem.com\/vi\/wp-json\/wp\/v2\/product"}],"about":[{"href":"https:\/\/wpachem.com\/vi\/wp-json\/wp\/v2\/types\/product"}],"version-history":[{"count":0,"href":"https:\/\/wpachem.com\/vi\/wp-json\/wp\/v2\/product\/5230\/revisions"}],"wp:featuredmedia":[{"embeddable":true,"href":"https:\/\/wpachem.com\/vi\/wp-json\/wp\/v2\/media\/4816"}],"wp:attachment":[{"href":"https:\/\/wpachem.com\/vi\/wp-json\/wp\/v2\/media?parent=5230"}],"wp:term":[{"taxonomy":"product_brand","embeddable":true,"href":"https:\/\/wpachem.com\/vi\/wp-json\/wp\/v2\/product_brand?post=5230"},{"taxonomy":"product_cat","embeddable":true,"href":"https:\/\/wpachem.com\/vi\/wp-json\/wp\/v2\/product_cat?post=5230"},{"taxonomy":"product_tag","embeddable":true,"href":"https:\/\/wpachem.com\/vi\/wp-json\/wp\/v2\/product_tag?post=5230"}],"curies":[{"name":"wp","href":"https:\/\/api.w.org\/{rel}","templated":true}]}}