{"id":5232,"date":"2023-11-24T08:26:26","date_gmt":"2023-11-24T08:26:26","guid":{"rendered":"https:\/\/wpachem.com\/?post_type=product&#038;p=5232"},"modified":"2023-11-24T08:26:27","modified_gmt":"2023-11-24T08:26:27","slug":"furaneol-cas-3658-77-3","status":"publish","type":"product","link":"https:\/\/wpachem.com\/vi\/product\/furaneol-cas-3658-77-3\/","title":{"rendered":"Furaneol CAS 3658-77-3"},"content":{"rendered":"<p><strong>\u0110\u1eb7c \u0111i\u1ec3m<\/strong><\/p>\n<p>Ch\u1ea5t r\u1eafn m\u00e0u tr\u1eafng \u0111\u1ebfn v\u00e0ng nh\u1ea1t. \u0110i\u1ec3m n\u00f3ng ch\u1ea3y 78 ~ 80\u2103. Ng\u1ecdt, n\u01b0\u1edbng, t\u1ea9m b\u1ed9t, h\u01b0\u01a1ng v\u1ecb n\u1ea5u \u0103n v\u1edbi tr\u00e1i c\u00e2y v\u00e0 caramel. H\u00f2a tan trong etanol. C\u00e1c s\u1ea3n ph\u1ea9m t\u1ef1 nhi\u00ean c\u00f3 trong nh\u1eefng th\u1ee9 nh\u01b0 d\u1ee9a t\u01b0\u01a1i v\u00e0 s\u00fap th\u1ecbt b\u00f2.<\/p>\n<p><strong>\u1ee8ng d\u1ee5ng<\/strong><\/p>\n<p>GB 2760\u20131996 quy \u0111\u1ecbnh vi\u1ec7c s\u1eed d\u1ee5ng gia v\u1ecb \u0103n \u0111\u01b0\u1ee3c \u0111\u01b0\u1ee3c ph\u00e9p. C\u00f3 th\u1ec3 s\u1eed d\u1ee5ng cho c\u00e1c lo\u1ea1i b\u00e1nh n\u01b0\u1edbng, b\u00e1nh m\u00ec, m\u1ea1ch nha, \u0111\u01b0\u1eddng n\u00e2u, d\u00e2u t\u00e2y, m\u1ee9t, caramel v\u00e0 c\u00e1c h\u01b0\u01a1ng v\u1ecb kh\u00e1c.<\/p>\n<p><strong>\u0110\u00f3ng g\u00f3i &amp; l\u01b0u tr\u1eef<\/strong><\/p>\n<p>Gi\u1eef th\u00f9ng ch\u1ee9a \u0111\u00f3ng ch\u1eb7t \u1edf n\u01a1i kh\u00f4 r\u00e1o v\u00e0 th\u00f4ng gi\u00f3 t\u1ed1t. Nhi\u1ec7t \u0111\u1ed9 l\u01b0u tr\u1eef khuy\u1ebfn ngh\u1ecb 2 \u2013 8 \u0111\u1ed9 C. B\u1ea3o qu\u1ea3n trong kh\u00ed tr\u01a1. Nh\u1ea1y c\u1ea3m v\u1edbi kh\u00f4ng kh\u00ed. \u2026 L\u1edbp l\u01b0u tr\u1eef (TRGS 510): Ch\u1ea5t r\u1eafn kh\u00f4ng ch\u00e1y.<\/p>","protected":false},"excerpt":{"rendered":"<p>T\u00ean s\u1ea3n ph\u1ea9m: Furaneol<br \/>\nS\u1ed1 hi\u1ec7u: 3658-77-3<br \/>\nCh\u1ea5t trung gian: C6H8O3<br \/>\nNgo\u1ea1i quan: Ch\u1ea5t r\u1eafn m\u00e0u tr\u1eafng \u0111\u1ebfn v\u00e0ng nh\u1ea1t<\/p>","protected":false},"featured_media":2096,"template":"","meta":{"_acf_changed":false,"_gspb_post_css":""},"product_brand":[],"product_cat":[61],"product_tag":[],"class_list":{"0":"post-5232","1":"product","2":"type-product","3":"status-publish","4":"has-post-thumbnail","6":"product_cat-flavor-and-fragrance","8":"first","9":"instock","10":"shipping-taxable","11":"product-type-simple"},"acf":[],"_links":{"self":[{"href":"https:\/\/wpachem.com\/vi\/wp-json\/wp\/v2\/product\/5232","targetHints":{"allow":["GET"]}}],"collection":[{"href":"https:\/\/wpachem.com\/vi\/wp-json\/wp\/v2\/product"}],"about":[{"href":"https:\/\/wpachem.com\/vi\/wp-json\/wp\/v2\/types\/product"}],"version-history":[{"count":0,"href":"https:\/\/wpachem.com\/vi\/wp-json\/wp\/v2\/product\/5232\/revisions"}],"wp:featuredmedia":[{"embeddable":true,"href":"https:\/\/wpachem.com\/vi\/wp-json\/wp\/v2\/media\/2096"}],"wp:attachment":[{"href":"https:\/\/wpachem.com\/vi\/wp-json\/wp\/v2\/media?parent=5232"}],"wp:term":[{"taxonomy":"product_brand","embeddable":true,"href":"https:\/\/wpachem.com\/vi\/wp-json\/wp\/v2\/product_brand?post=5232"},{"taxonomy":"product_cat","embeddable":true,"href":"https:\/\/wpachem.com\/vi\/wp-json\/wp\/v2\/product_cat?post=5232"},{"taxonomy":"product_tag","embeddable":true,"href":"https:\/\/wpachem.com\/vi\/wp-json\/wp\/v2\/product_tag?post=5232"}],"curies":[{"name":"wp","href":"https:\/\/api.w.org\/{rel}","templated":true}]}}