{"id":5234,"date":"2023-11-24T08:37:35","date_gmt":"2023-11-24T08:37:35","guid":{"rendered":"https:\/\/wpachem.com\/?post_type=product&#038;p=5234"},"modified":"2023-11-24T08:39:03","modified_gmt":"2023-11-24T08:39:03","slug":"citronellol-cas-106-22-9","status":"publish","type":"product","link":"https:\/\/wpachem.com\/vi\/product\/citronellol-cas-106-22-9\/","title":{"rendered":"Citronellol CAS 106-22-9"},"content":{"rendered":"<p><strong>\u0110\u1eb7c tr\u01b0ng<\/strong><\/p>\n<ul class=\"list3\">\n<li>Ngo\u1ea1i quan: Ch\u1ea5t l\u1ecfng trong su\u1ed1t g\u1ea7n nh\u01b0 kh\u00f4ng m\u00e0u<\/li>\n<li>M\u00f9i: M\u00f9i hoa h\u1ed3ng t\u01b0\u01a1i<\/li>\n<li>\u0110i\u1ec3m n\u00f3ng ch\u1ea3y\/\u0111i\u1ec3m \u0111\u00f3ng b\u0103ng: 158\u00b0C (dec.)(lit.)<\/li>\n<li>\u0110i\u1ec3m s\u00f4i ho\u1eb7c \u0111i\u1ec3m s\u00f4i ban \u0111\u1ea7u v\u00e0 ph\u1ea1m vi s\u00f4i: 220\u00b0C<\/li>\n<li>\u0110i\u1ec3m ch\u1edbp ch\u00e1y: 102\u00b0C (lit.)<\/li>\n<li>\u0110\u1ed9 nh\u1edbt \u0111\u1ed9ng h\u1ecdc: 11,1 mPa s (\u0111\u1ed9ng) \u1edf 20 \u0111\u1ed9 C; 5,33 mPa s (\u0111\u1ed9ng) \u1edf 40 \u0111\u1ed9 C<\/li>\n<li>\u0110\u1ed9 h\u00f2a tan: Trong n\u01b0\u1edbc, 200 mg\/L \u1edf 25 \u0111\u1ed9 C<\/li>\n<li>H\u1ec7 s\u1ed1 ph\u00e2n chia n-octanol\/n\u01b0\u1edbc: log Kow = 3,91<\/li>\n<li>\u00c1p su\u1ea5t h\u01a1i: ~0,02 mm Hg (25 \u00b0C)<\/li>\n<li>M\u1eadt \u0111\u1ed9 v\u00e0\/ho\u1eb7c m\u1eadt \u0111\u1ed9 t\u01b0\u01a1ng \u0111\u1ed1i: 0,854<\/li>\n<li>M\u1eadt \u0111\u1ed9 h\u01a1i t\u01b0\u01a1ng \u0111\u1ed1i: 5,4 (so v\u1edbi kh\u00f4ng kh\u00ed)<\/li>\n<\/ul>\n<p><strong>\u1ee8ng d\u1ee5ng<\/strong><\/p>\n<p>Citronellol, c\u00f2n \u0111\u01b0\u1ee3c g\u1ecdi l\u00e0 r\u01b0\u1ee3u vani, c\u00f2n \u0111\u01b0\u1ee3c g\u1ecdi l\u00e0 r\u01b0\u1ee3u hemerocallis \u03b2-male, ch\u1ee7 y\u1ebfu t\u1eeb hoa h\u1ed3ng, s\u1ea3, phong l\u1eef, khuynh di\u1ec7p, balsam v\u00e0 c\u00e1c lo\u1ea1i tinh d\u1ea7u kh\u00e1c, trong tinh d\u1ea7u g\u1eebng cao c\u1ea5p c\u0169ng ch\u1ee9a m\u1ed9t l\u01b0\u1ee3ng nh\u1ecf citronellol. Citronellol l\u00e0 m\u1ed9t h\u1ee3p ch\u1ea5t monoterpene kh\u00f4ng v\u00f2ng, l\u00e0 lo\u1ea1i r\u01b0\u1ee3u monoterpene \u0111\u01a1n gi\u1ea3n nh\u1ea5t. Chemicalbook c\u00f3 th\u1ec3 \u0111\u01b0\u1ee3c s\u1eed d\u1ee5ng \u0111\u1ec3 ch\u1ebf bi\u1ebfn nhi\u1ec1u lo\u1ea1i h\u01b0\u01a1ng li\u1ec7u v\u00e0 n\u01b0\u1edbc hoa, v\u1edbi h\u01b0\u01a1ng th\u01a1m hoa h\u1ed3ng thanh l\u1ecbch h\u01a1n geraniol. Ngo\u00e0i ra, citronellol \u0111\u00e3 \u0111\u01b0\u1ee3c ch\u1ee9ng minh l\u00e2m s\u00e0ng l\u00e0 c\u00f3 nhi\u1ec1u ho\u1ea1t t\u00ednh thu\u1ed1c v\u00e0 c\u00f3 th\u1ec3 \u0111\u01b0\u1ee3c s\u1eed d\u1ee5ng \u0111\u1ec3 ch\u1ed1ng vi\u00eam, ch\u1ed1ng co gi\u1eadt, gi\u1ea3m \u0111au v\u00e0 h\u1ea1 cholesterol. Citronellol c\u0169ng l\u00e0 m\u1ed9t ch\u1ea5t trung gian quan tr\u1ecdng trong qu\u00e1 tr\u00ecnh t\u1ed5ng h\u1ee3p to\u00e0n b\u1ed9 nhi\u1ec1u h\u1ee3p ch\u1ea5t quang h\u1ecdc.<\/p>\n<p><strong>\u0110\u00f3ng g\u00f3i &amp; l\u01b0u tr\u1eef<\/strong><\/p>\n<p>\u0110\u1eady k\u00edn h\u1ed9p \u0111\u1ef1ng v\u00e0 b\u1ea3o qu\u1ea3n \u1edf n\u01a1i kh\u00f4 r\u00e1o, th\u00f4ng gi\u00f3 t\u1ed1t.<\/p>","protected":false},"excerpt":{"rendered":"<p>T\u00ean s\u1ea3n ph\u1ea9m: Citronellol<br \/>\nS\u1ed1 h\u1ed3 s\u01a1: 106-22-9<br \/>\nNguy\u00ean t\u1eed: C10H18O<br \/>\nNgo\u1ea1i quan: Ch\u1ea5t l\u1ecfng trong su\u1ed1t g\u1ea7n nh\u01b0 kh\u00f4ng m\u00e0u<\/p>","protected":false},"featured_media":4788,"template":"","meta":{"_acf_changed":false,"_gspb_post_css":""},"product_brand":[],"product_cat":[61],"product_tag":[],"class_list":{"0":"post-5234","1":"product","2":"type-product","3":"status-publish","4":"has-post-thumbnail","6":"product_cat-flavor-and-fragrance","8":"first","9":"instock","10":"shipping-taxable","11":"product-type-simple"},"acf":[],"_links":{"self":[{"href":"https:\/\/wpachem.com\/vi\/wp-json\/wp\/v2\/product\/5234","targetHints":{"allow":["GET"]}}],"collection":[{"href":"https:\/\/wpachem.com\/vi\/wp-json\/wp\/v2\/product"}],"about":[{"href":"https:\/\/wpachem.com\/vi\/wp-json\/wp\/v2\/types\/product"}],"version-history":[{"count":0,"href":"https:\/\/wpachem.com\/vi\/wp-json\/wp\/v2\/product\/5234\/revisions"}],"wp:featuredmedia":[{"embeddable":true,"href":"https:\/\/wpachem.com\/vi\/wp-json\/wp\/v2\/media\/4788"}],"wp:attachment":[{"href":"https:\/\/wpachem.com\/vi\/wp-json\/wp\/v2\/media?parent=5234"}],"wp:term":[{"taxonomy":"product_brand","embeddable":true,"href":"https:\/\/wpachem.com\/vi\/wp-json\/wp\/v2\/product_brand?post=5234"},{"taxonomy":"product_cat","embeddable":true,"href":"https:\/\/wpachem.com\/vi\/wp-json\/wp\/v2\/product_cat?post=5234"},{"taxonomy":"product_tag","embeddable":true,"href":"https:\/\/wpachem.com\/vi\/wp-json\/wp\/v2\/product_tag?post=5234"}],"curies":[{"name":"wp","href":"https:\/\/api.w.org\/{rel}","templated":true}]}}