{"id":5236,"date":"2023-11-24T08:50:35","date_gmt":"2023-11-24T08:50:35","guid":{"rendered":"https:\/\/wpachem.com\/?post_type=product&#038;p=5236"},"modified":"2023-11-24T08:50:35","modified_gmt":"2023-11-24T08:50:35","slug":"citronellal-cas-106-23-0","status":"publish","type":"product","link":"https:\/\/wpachem.com\/vi\/product\/citronellal-cas-106-23-0\/","title":{"rendered":"S\u1ea3 CAS 106-23-0"},"content":{"rendered":"<p><strong>\u0110\u1eb7c \u0111i\u1ec3m<\/strong><\/p>\n<ul class=\"list3\">\n<li>Ngo\u1ea1i h\u00ecnh: ch\u1ea5t l\u1ecfng<\/li>\n<li>\u0110\u1ed9 pH: 7 (H2O)<\/li>\n<li>\u0110i\u1ec3m n\u00f3ng ch\u1ea3y\/\u0111i\u1ec3m \u0111\u00f3ng b\u0103ng: -16\u00b0C (\u01b0\u1edbc t\u00ednh)<\/li>\n<li>\u0110i\u1ec3m s\u00f4i ban \u0111\u1ea7u v\u00e0 ph\u1ea1m vi s\u00f4i: 207 \u00b0C \u2013 s\u00e1ng.<\/li>\n<li>\u0110i\u1ec3m ch\u1edbp ch\u00e1y: 74 \u00b0C \u2013 c\u1ed1c k\u00edn<\/li>\n<li>Gi\u1edbi h\u1ea1n ch\u00e1y n\u1ed5 tr\u00ean\/d\u01b0\u1edbi: Gi\u1edbi h\u1ea1n n\u1ed5 tr\u00ean: 4,5 %(V) Gi\u1edbi h\u1ea1n n\u1ed5 d\u01b0\u1edbi: 1,2 %(V)<\/li>\n<li>\u00c1p su\u1ea5t h\u01a1i: 0,16 hPa \u1edf 20 \u00b0C \u2013 H\u01b0\u1edbng d\u1eabn th\u1eed nghi\u1ec7m OECD 104 0,26 hPa \u1edf 25 \u00b0C \u2013 H\u01b0\u1edbng d\u1eabn th\u1eed nghi\u1ec7m OECD 104<\/li>\n<li>M\u1eadt \u0111\u1ed9 t\u01b0\u01a1ng \u0111\u1ed1i: 0,858 (20\/4\u2103)<\/li>\n<li>\u0110\u1ed9 h\u00f2a tan trong n\u01b0\u1edbc: 0,088 g\/l \u1edf 25 \u00b0C<\/li>\n<li>H\u1ec7 s\u1ed1 ph\u00e2n chia: n-octanol\/n\u01b0\u1edbc Pow: 3,62 \u1edf 25 \u00b0C \u2013 H\u01b0\u1edbng d\u1eabn th\u1eed nghi\u1ec7m OECD 107 \u2013 Kh\u00f4ng mong \u0111\u1ee3i c\u00f3 hi\u1ec7n t\u01b0\u1ee3ng t\u00edch l\u0169y sinh h\u1ecdc.<\/li>\n<li>Nhi\u1ec7t \u0111\u1ed9 t\u1ef1 b\u1ed1c ch\u00e1y: 202 \u00b0C \u1edf 1,013 hPa<\/li>\n<li>\u0110\u1ed9 nh\u1edbt: \u0110\u1ed9 nh\u1edbt, \u0111\u1ed9ng h\u1ecdc: 1,82 mm2\/s \u1edf 20 \u00b0C<\/li>\n<\/ul>\n<p><strong>\u1ee8ng d\u1ee5ng<\/strong><\/p>\n<p>D\u00f9ng \u0111\u1ec3 pha ch\u1ebf tinh ch\u1ea5t, c\u00f3 m\u00f9i h\u01b0\u01a1ng chanh, s\u1ea3 m\u1ea1nh m\u1ebd nh\u01b0 hoa h\u1ed3ng<\/p>\n<p><strong>\u0110\u00f3ng g\u00f3i &amp; l\u01b0u tr\u1eef<\/strong><\/p>\n<p>Tr\u00e1nh xa ng\u1ecdn l\u1eeda tr\u1ea7n, b\u1ec1 m\u1eb7t n\u00f3ng v\u00e0 ngu\u1ed3n g\u00e2y ch\u00e1y. Th\u1ef1c hi\u1ec7n c\u00e1c bi\u1ec7n ph\u00e1p ph\u00f2ng ng\u1eeba ph\u00f3ng t\u0129nh \u0111i\u1ec7n.<\/p>","protected":false},"excerpt":{"rendered":"<p>T\u00ean s\u1ea3n ph\u1ea9m: Citronellal<br \/>\nS\u1ed1 hi\u1ec7u: 106-23-0<br \/>\nMF: C9H8O<br \/>\nNgo\u1ea1i h\u00ecnh: ch\u1ea5t l\u1ecfng<\/p>","protected":false},"featured_media":4875,"template":"","meta":{"_acf_changed":false,"_gspb_post_css":""},"product_brand":[],"product_cat":[61],"product_tag":[],"class_list":{"0":"post-5236","1":"product","2":"type-product","3":"status-publish","4":"has-post-thumbnail","6":"product_cat-flavor-and-fragrance","8":"first","9":"instock","10":"shipping-taxable","11":"product-type-simple"},"acf":[],"_links":{"self":[{"href":"https:\/\/wpachem.com\/vi\/wp-json\/wp\/v2\/product\/5236","targetHints":{"allow":["GET"]}}],"collection":[{"href":"https:\/\/wpachem.com\/vi\/wp-json\/wp\/v2\/product"}],"about":[{"href":"https:\/\/wpachem.com\/vi\/wp-json\/wp\/v2\/types\/product"}],"version-history":[{"count":0,"href":"https:\/\/wpachem.com\/vi\/wp-json\/wp\/v2\/product\/5236\/revisions"}],"wp:featuredmedia":[{"embeddable":true,"href":"https:\/\/wpachem.com\/vi\/wp-json\/wp\/v2\/media\/4875"}],"wp:attachment":[{"href":"https:\/\/wpachem.com\/vi\/wp-json\/wp\/v2\/media?parent=5236"}],"wp:term":[{"taxonomy":"product_brand","embeddable":true,"href":"https:\/\/wpachem.com\/vi\/wp-json\/wp\/v2\/product_brand?post=5236"},{"taxonomy":"product_cat","embeddable":true,"href":"https:\/\/wpachem.com\/vi\/wp-json\/wp\/v2\/product_cat?post=5236"},{"taxonomy":"product_tag","embeddable":true,"href":"https:\/\/wpachem.com\/vi\/wp-json\/wp\/v2\/product_tag?post=5236"}],"curies":[{"name":"wp","href":"https:\/\/api.w.org\/{rel}","templated":true}]}}