{"id":5238,"date":"2023-11-24T08:57:48","date_gmt":"2023-11-24T08:57:48","guid":{"rendered":"https:\/\/wpachem.com\/?post_type=product&#038;p=5238"},"modified":"2023-11-24T08:57:48","modified_gmt":"2023-11-24T08:57:48","slug":"hedione-cas-24851-98-7","status":"publish","type":"product","link":"https:\/\/wpachem.com\/vi\/product\/hedione-cas-24851-98-7\/","title":{"rendered":"Hedione CAS 24851-98-7"},"content":{"rendered":"<p><strong>\u0110\u1eb7c \u0111i\u1ec3m<\/strong><\/p>\n<p>C\u1ecf nh\u1ea1t m\u00e0u v\u00e0ng nh\u1ea1t \u0111\u1ebfn v\u00e0ng trong su\u1ed1t ch\u1ea5t l\u1ecfng nh\u1eddn. C\u00f3 m\u00f9i Riley t\u01b0\u01a1i. \u0110i\u1ec3m s\u00f4i 300\u2103, m\u1eadt \u0111\u1ed9 t\u01b0\u01a1ng \u0111\u1ed1i (d421)0,9968, chi\u1ebft su\u1ea5t (nD20)1,4583. \u00cdt tan trong n\u01b0\u1edbc, tan trong etanol v\u00e0 d\u1ea7u. S\u1ea3n ph\u1ea9m t\u1ef1 nhi\u00ean c\u00f3 trong d\u1ea7u hoa nh\u00e0i, v.v.<\/p>\n<p><strong>\u1ee8ng d\u1ee5ng<\/strong><\/p>\n<p>C\u00f3 th\u1ec3 d\u00f9ng \u0111\u1ec3 pha ch\u1ebf tinh d\u1ea7u hoa nh\u00e0i nh\u00e2n t\u1ea1o, hoa nh\u00e0i v\u00e0 hoa hu\u1ec7. D\u00f9ng m\u1ed9t l\u01b0\u1ee3ng nh\u1ecf trong hoa linh lan, l\u00e0m \u0111\u1eb7c l\u1ea1i v\u00e0 t\u1ea1o \u0111\u1ed9 tr\u00f2n nh\u1eb9. C\u0169ng d\u00f9ng trong hoa lan tim tr\u01a1n kh\u00f4ng hoa, lo\u1ea1i ph\u01b0\u01a1ng \u0110\u00f4ng, lo\u1ea1i n\u01b0\u1edbc hoa m\u1edbi, hi\u1ec7u qu\u1ea3 r\u1ea5t t\u1ed1t. C\u00f3 th\u1ec3 d\u00f9ng k\u1ebft h\u1ee3p v\u1edbi h\u01b0\u01a1ng g\u1ed7.<\/p>\n<p><strong>\u0110\u00f3ng g\u00f3i &amp; l\u01b0u tr\u1eef<\/strong><\/p>\n<p>B\u1ea3o qu\u1ea3n \u1edf n\u01a1i m\u00e1t m\u1ebb. Gi\u1eef h\u1ed9p \u0111\u1ef1ng \u0111\u00f3ng ch\u1eb7t \u1edf n\u01a1i kh\u00f4 r\u00e1o v\u00e0 th\u00f4ng gi\u00f3 t\u1ed1t. C\u00e1c h\u1ed9p \u0111\u1ef1ng \u0111\u00e3 m\u1edf ph\u1ea3i \u0111\u01b0\u1ee3c \u0111\u1eady k\u00edn c\u1ea9n th\u1eadn v\u00e0 gi\u1eef th\u1eb3ng \u0111\u1ee9ng \u0111\u1ec3 tr\u00e1nh r\u00f2 r\u1ec9.<\/p>","protected":false},"excerpt":{"rendered":"<p>T\u00ean s\u1ea3n ph\u1ea9m: Hedione<br \/>\nS\u1ed1 hi\u1ec7u: 24851-98-7<br \/>\nMF: C9H8O<br \/>\nNgo\u1ea1i quan: Ch\u1ea5t l\u1ecfng nh\u1eddn trong su\u1ed1t m\u00e0u v\u00e0ng c\u1ecf nh\u1ea1t \u0111\u1ebfn v\u00e0ng<\/p>","protected":false},"featured_media":3322,"template":"","meta":{"_acf_changed":false,"_gspb_post_css":""},"product_brand":[],"product_cat":[61],"product_tag":[],"class_list":{"0":"post-5238","1":"product","2":"type-product","3":"status-publish","4":"has-post-thumbnail","6":"product_cat-flavor-and-fragrance","8":"first","9":"instock","10":"shipping-taxable","11":"product-type-simple"},"acf":[],"_links":{"self":[{"href":"https:\/\/wpachem.com\/vi\/wp-json\/wp\/v2\/product\/5238","targetHints":{"allow":["GET"]}}],"collection":[{"href":"https:\/\/wpachem.com\/vi\/wp-json\/wp\/v2\/product"}],"about":[{"href":"https:\/\/wpachem.com\/vi\/wp-json\/wp\/v2\/types\/product"}],"version-history":[{"count":0,"href":"https:\/\/wpachem.com\/vi\/wp-json\/wp\/v2\/product\/5238\/revisions"}],"wp:featuredmedia":[{"embeddable":true,"href":"https:\/\/wpachem.com\/vi\/wp-json\/wp\/v2\/media\/3322"}],"wp:attachment":[{"href":"https:\/\/wpachem.com\/vi\/wp-json\/wp\/v2\/media?parent=5238"}],"wp:term":[{"taxonomy":"product_brand","embeddable":true,"href":"https:\/\/wpachem.com\/vi\/wp-json\/wp\/v2\/product_brand?post=5238"},{"taxonomy":"product_cat","embeddable":true,"href":"https:\/\/wpachem.com\/vi\/wp-json\/wp\/v2\/product_cat?post=5238"},{"taxonomy":"product_tag","embeddable":true,"href":"https:\/\/wpachem.com\/vi\/wp-json\/wp\/v2\/product_tag?post=5238"}],"curies":[{"name":"wp","href":"https:\/\/api.w.org\/{rel}","templated":true}]}}