{"id":5240,"date":"2023-11-24T09:04:03","date_gmt":"2023-11-24T09:04:03","guid":{"rendered":"https:\/\/wpachem.com\/?post_type=product&#038;p=5240"},"modified":"2023-11-24T09:04:46","modified_gmt":"2023-11-24T09:04:46","slug":"helional-heliotropi-cas-1205-17-0","status":"publish","type":"product","link":"https:\/\/wpachem.com\/vi\/product\/helional-heliotropi-cas-1205-17-0\/","title":{"rendered":"Helional\/Heliotropi CAS 1205-17-0"},"content":{"rendered":"<p><strong>\u0110\u1eb7c \u0111i\u1ec3m<\/strong><\/p>\n<p>\u0110\u00e2y l\u00e0 m\u1ed9t lo\u1ea1i h\u01b0\u01a1ng d\u01b0a h\u1ea5u t\u01b0\u01a1i v\u00e0 h\u01b0\u01a1ng hoa t\u1eed \u0111inh h\u01b0\u01a1ng nh\u1eb9 c\u1ee7a thung l\u0169ng v\u00e0 hoa nh\u00e0i gi\u1ed1ng nh\u01b0 h\u01b0\u01a1ng th\u00ec l\u00e0, \u0111\u01b0\u1ee3c s\u1eed d\u1ee5ng r\u1ed9ng r\u00e3i trong vi\u1ec7c ch\u1ebf bi\u1ebfn h\u01b0\u01a1ng hoa nh\u00e0i, hoa tai th\u1ecf v\u00e0 c\u00e1c lo\u1ea1i hoa kh\u00e1c, h\u01b0\u01a1ng v\u1ecb m\u1edbi ki\u1ec3u r\u1eebng, ki\u1ec3u gi\u00f3 bi\u1ec3n, h\u01b0\u01a1ng th\u01a1m l\u00e2u d\u00e0i.<\/p>\n<ul class=\"list3\">\n<li>Tr\u1ea1ng th\u00e1i v\u1eadt l\u00fd: Ch\u1ea5t l\u1ecfng m\u00e0u v\u00e0ng nh\u1ea1t. M\u00f9i gi\u1ed1ng nh\u01b0 hoa.<\/li>\n<li>\u0110i\u1ec3m n\u00f3ng ch\u1ea3y\/\u0111i\u1ec3m \u0111\u00f3ng b\u0103ng: 148\u00b0C (lit.)<\/li>\n<li>\u0110i\u1ec3m s\u00f4i ho\u1eb7c \u0111i\u1ec3m s\u00f4i ban \u0111\u1ea7u v\u00e0 ph\u1ea1m vi s\u00f4i: 154\u00b0C\/6mmHg(lit.)<\/li>\n<li>\u0110i\u1ec3m ch\u1edbp ch\u00e1y: 53\u00b0C (lit.)<\/li>\n<li>\u00c1p su\u1ea5t h\u01a1i: 0,0027mmHg \u1edf 25\u00b0C<\/li>\n<li>M\u1eadt \u0111\u1ed9 v\u00e0\/ho\u1eb7c m\u1eadt \u0111\u1ed9 t\u01b0\u01a1ng \u0111\u1ed1i: 1,162<\/li>\n<\/ul>\n<p><strong>\u1ee8ng d\u1ee5ng<\/strong><\/p>\n<p>L\u00e0 lo\u1ea1i gia v\u1ecb \u0111\u01b0\u1ee3c s\u1eed d\u1ee5ng r\u1ed9ng r\u00e3i tr\u00ean th\u1ebf gi\u1edbi, c\u00f3 m\u00f9i h\u01b0\u01a1ng hoa nh\u1eb9 nh\u00e0ng nh\u01b0 hoa tai th\u1ecf. Trong c\u00f4ng th\u1ee9c m\u1ef9 ph\u1ea9m v\u00e0 n\u01b0\u1edbc hoa x\u00e0 ph\u00f2ng, h\u00e0m l\u01b0\u1ee3ng n\u1eb1m trong 20%, h\u00e0m l\u01b0\u1ee3ng l\u1edbn, gi\u00e1 th\u00e0nh cao.<\/p>\n<p><strong>\u0110\u00f3ng g\u00f3i &amp; l\u01b0u tr\u1eef<\/strong><\/p>\n<p>B\u1ea3o qu\u1ea3n trong h\u1ed9p k\u00edn \u1edf n\u01a1i kh\u00f4 r\u00e1o, tho\u00e1ng m\u00e1t, th\u00f4ng gi\u00f3 t\u1ed1t. B\u1ea3o qu\u1ea3n ri\u00eang v\u1edbi h\u1ed9p \u0111\u1ef1ng th\u1ef1c ph\u1ea9m ho\u1eb7c v\u1eadt li\u1ec7u kh\u00f4ng t\u01b0\u01a1ng th\u00edch.<\/p>","protected":false},"excerpt":{"rendered":"<p>T\u00ean s\u1ea3n ph\u1ea9m: Helional\/Heliotropi<br \/>\nS\u1ed1 hi\u1ec7u: 1205-17-0<br \/>\nMF: 1205-17-0<br \/>\nNgo\u1ea1i quan: Ch\u1ea5t l\u1ecfng m\u00e0u v\u00e0ng nh\u1ea1t<\/p>","protected":false},"featured_media":4756,"template":"","meta":{"_acf_changed":false,"_gspb_post_css":""},"product_brand":[],"product_cat":[61],"product_tag":[],"class_list":{"0":"post-5240","1":"product","2":"type-product","3":"status-publish","4":"has-post-thumbnail","6":"product_cat-flavor-and-fragrance","8":"first","9":"instock","10":"shipping-taxable","11":"product-type-simple"},"acf":[],"_links":{"self":[{"href":"https:\/\/wpachem.com\/vi\/wp-json\/wp\/v2\/product\/5240","targetHints":{"allow":["GET"]}}],"collection":[{"href":"https:\/\/wpachem.com\/vi\/wp-json\/wp\/v2\/product"}],"about":[{"href":"https:\/\/wpachem.com\/vi\/wp-json\/wp\/v2\/types\/product"}],"version-history":[{"count":0,"href":"https:\/\/wpachem.com\/vi\/wp-json\/wp\/v2\/product\/5240\/revisions"}],"wp:featuredmedia":[{"embeddable":true,"href":"https:\/\/wpachem.com\/vi\/wp-json\/wp\/v2\/media\/4756"}],"wp:attachment":[{"href":"https:\/\/wpachem.com\/vi\/wp-json\/wp\/v2\/media?parent=5240"}],"wp:term":[{"taxonomy":"product_brand","embeddable":true,"href":"https:\/\/wpachem.com\/vi\/wp-json\/wp\/v2\/product_brand?post=5240"},{"taxonomy":"product_cat","embeddable":true,"href":"https:\/\/wpachem.com\/vi\/wp-json\/wp\/v2\/product_cat?post=5240"},{"taxonomy":"product_tag","embeddable":true,"href":"https:\/\/wpachem.com\/vi\/wp-json\/wp\/v2\/product_tag?post=5240"}],"curies":[{"name":"wp","href":"https:\/\/api.w.org\/{rel}","templated":true}]}}