{"id":5242,"date":"2023-11-24T09:32:15","date_gmt":"2023-11-24T09:32:15","guid":{"rendered":"https:\/\/wpachem.com\/?post_type=product&#038;p=5242"},"modified":"2023-11-24T09:32:15","modified_gmt":"2023-11-24T09:32:15","slug":"linalyl-acetate-cas-115-95-7","status":"publish","type":"product","link":"https:\/\/wpachem.com\/vi\/product\/linalyl-acetate-cas-115-95-7\/","title":{"rendered":"Linalyl axetat CAS 115-95-7"},"content":{"rendered":"<p><strong>\u0110\u1eb7c \u0111i\u1ec3m<\/strong><\/p>\n<ul class=\"list3\">\n<li>Ngo\u1ea1i h\u00ecnh: Ch\u1ea5t l\u1ecfng trong su\u1ed1t kh\u00f4ng m\u00e0u<\/li>\n<li>M\u00f9i h\u01b0\u01a1ng: \u2026m\u00f9i hoa qu\u1ea3, g\u1ee3i nh\u1edb \u0111\u1ebfn cam bergamot v\u00e0 c\u0169ng c\u00f3 m\u1ed9t s\u1ed1 \u0111\u1eb7c \u0111i\u1ec3m c\u1ee7a qu\u1ea3 l\u00ea<\/li>\n<li>\u0110i\u1ec3m n\u00f3ng ch\u1ea3y\/\u0111i\u1ec3m \u0111\u00f3ng b\u0103ng: 71\u00b0C (lit.)<\/li>\n<li>\u0110i\u1ec3m s\u00f4i ho\u1eb7c \u0111i\u1ec3m s\u00f4i ban \u0111\u1ea7u v\u00e0 ph\u1ea1m vi s\u00f4i: 220\u00b0C<\/li>\n<li>T\u00ednh d\u1ec5 ch\u00e1y: D\u1ec5 ch\u00e1y.<\/li>\n<li>\u0110i\u1ec3m ch\u1edbp ch\u00e1y: 85\u00b0C (lit.)<\/li>\n<li>Nhi\u1ec7t \u0111\u1ed9 t\u1ef1 b\u1ed1c ch\u00e1y: 225\u00b0C<\/li>\n<li>\u0110\u1ed9 nh\u1edbt \u0111\u1ed9ng h\u1ecdc: 2,4 mm2\/s \u1edf 23\u00b0C<\/li>\n<li>\u0110\u1ed9 h\u00f2a tan: Cloroform (\u00cdt), Methanol (\u00cdt)<\/li>\n<li>H\u1ec7 s\u1ed1 ph\u00e2n chia n-octanol\/n\u01b0\u1edbc: log Kow = 3,93<\/li>\n<li>\u00c1p su\u1ea5t h\u01a1i: 0,1 mm Hg (20 \u00b0C)<\/li>\n<li>M\u1eadt \u0111\u1ed9 v\u00e0\/ho\u1eb7c m\u1eadt \u0111\u1ed9 t\u01b0\u01a1ng \u0111\u1ed1i: 0,901<\/li>\n<li>M\u1eadt \u0111\u1ed9 h\u01a1i t\u01b0\u01a1ng \u0111\u1ed1i: 6,8 (so v\u1edbi kh\u00f4ng kh\u00ed)<\/li>\n<\/ul>\n<p><strong>\u1ee8ng d\u1ee5ng<\/strong><\/p>\n<ol>\n<li>Th\u00edch h\u1ee3p cho n\u01b0\u1edbc hoa, n\u01b0\u1edbc x\u1ea3 t\u00f3c, m\u1ef9 ph\u1ea9m v\u00e0 x\u00e0 ph\u00f2ng. \u0110\u00e2y l\u00e0 nguy\u00ean li\u1ec7u th\u00f4 quan tr\u1ecdng \u0111\u1ec3 ch\u1ebf bi\u1ebfn cam bergamot, l\u00e1 cam, hoa o\u1ea3i h\u01b0\u01a1ng, hoa o\u1ea3i h\u01b0\u01a1ng h\u1ed7n h\u1ee3p v\u00e0 c\u00e1c lo\u1ea1i h\u01b0\u01a1ng li\u1ec7u kh\u00e1c. \u0110\u00e2y c\u0169ng l\u00e0 m\u1ed9t trong nh\u1eefng h\u01b0\u01a1ng li\u1ec7u c\u01a1 b\u1ea3n \u0111\u1ec3 ch\u1ebf bi\u1ebfn hoa nh\u00e0i, hoa cam v\u00e0 c\u00e1c lo\u1ea1i h\u01b0\u01a1ng li\u1ec7u kh\u00e1c. N\u00f3 \u0111\u01b0\u1ee3c s\u1eed d\u1ee5ng cho c\u00e1c h\u01b0\u01a1ng hoa ng\u1ecdt ng\u00e0o v\u00e0 t\u01b0\u01a1i m\u00e1t nh\u01b0 hoa ng\u1ecdc lan t\u00e2y nh\u01b0 m\u1ed9t ch\u1ea5t \u0111i\u1ec1u ch\u1ec9nh ph\u1ed1i h\u1ee3p \u0111\u1ec3 t\u0103ng c\u01b0\u1eddng h\u01b0\u01a1ng th\u01a1m c\u1ee7a tr\u00e1i c\u00e2y. N\u00f3 c\u0169ng c\u00f3 th\u1ec3 \u0111\u01b0\u1ee3c s\u1eed d\u1ee5ng v\u1edbi l\u01b0\u1ee3ng nh\u1ecf trong h\u01b0\u01a1ng li\u1ec7u th\u1ef1c ph\u1ea9m.<\/li>\n<li>C\u00f3 th\u1ec3 d\u00f9ng \u0111\u1ec3 ch\u1ebf bi\u1ebfn h\u01b0\u01a1ng v\u1ecb d\u1ee9a, l\u00fd gai, cam qu\u00fdt, \u0111\u00e0o v\u00e0 c\u00e1c lo\u1ea1i h\u01b0\u01a1ng v\u1ecb tr\u00e1i c\u00e2y kh\u00e1c, l\u01b0\u1ee3ng d\u00f9ng theo nhu c\u1ea7u s\u1ea3n xu\u1ea5t th\u00f4ng th\u01b0\u1eddng. K\u1eb9o cao su th\u01b0\u1eddng l\u00e0 13mg\/kg; k\u1eb9o ng\u1ecdt l\u00e0 11mg\/kg; \u0111\u1ed3 n\u01b0\u1edbng l\u00e0 8,9mg\/kg; \u0111\u1ed3 u\u1ed1ng l\u1ea1nh l\u00e0 3,8mg\/kg.<\/li>\n<li>D\u00f9ng \u0111\u1ec3 pha ch\u1ebf n\u01b0\u1edbc hoa cao c\u1ea5p v\u00e0 n\u01b0\u1edbc th\u01a1m v\u1ec7 sinh<\/li>\n<\/ol>\n<p><strong>\u0110\u00f3ng g\u00f3i &amp; l\u01b0u tr\u1eef<\/strong><\/p>\n<p>Quy \u0111\u1ecbnh \u0111\u1ec3 ch\u1ee9a ch\u1ea5t th\u1ea3i t\u1eeb ch\u1eefa ch\u00e1y. L\u01b0u tr\u1eef \u1edf khu v\u1ef1c kh\u00f4ng c\u00f3 c\u1ed1ng r\u00e3nh ho\u1eb7c l\u1ed1i v\u00e0o c\u1ed1ng r\u00e3nh. Th\u00f4ng gi\u00f3 d\u1ecdc theo s\u00e0n. Gi\u1eef th\u00f9ng ch\u1ee9a \u0111\u00f3ng ch\u1eb7t \u1edf n\u01a1i kh\u00f4 r\u00e1o v\u00e0 th\u00f4ng gi\u00f3 t\u1ed1t. Nhi\u1ec7t \u0111\u1ed9 l\u01b0u tr\u1eef khuy\u1ebfn ngh\u1ecb 2-8 \u0111\u1ed9 C.<\/p>","protected":false},"excerpt":{"rendered":"<p>T\u00ean s\u1ea3n ph\u1ea9m: Linalyl acetate<br \/>\nS\u1ed1 CAS: 115-95-7<br \/>\nCh\u1ea5t trung gian: C12H20O2<br \/>\nNgo\u1ea1i quan: Ch\u1ea5t l\u1ecfng trong su\u1ed1t kh\u00f4ng m\u00e0u<\/p>","protected":false},"featured_media":4787,"template":"","meta":{"_acf_changed":false,"_gspb_post_css":""},"product_brand":[],"product_cat":[61],"product_tag":[],"class_list":{"0":"post-5242","1":"product","2":"type-product","3":"status-publish","4":"has-post-thumbnail","6":"product_cat-flavor-and-fragrance","8":"first","9":"instock","10":"shipping-taxable","11":"product-type-simple"},"acf":[],"_links":{"self":[{"href":"https:\/\/wpachem.com\/vi\/wp-json\/wp\/v2\/product\/5242","targetHints":{"allow":["GET"]}}],"collection":[{"href":"https:\/\/wpachem.com\/vi\/wp-json\/wp\/v2\/product"}],"about":[{"href":"https:\/\/wpachem.com\/vi\/wp-json\/wp\/v2\/types\/product"}],"version-history":[{"count":0,"href":"https:\/\/wpachem.com\/vi\/wp-json\/wp\/v2\/product\/5242\/revisions"}],"wp:featuredmedia":[{"embeddable":true,"href":"https:\/\/wpachem.com\/vi\/wp-json\/wp\/v2\/media\/4787"}],"wp:attachment":[{"href":"https:\/\/wpachem.com\/vi\/wp-json\/wp\/v2\/media?parent=5242"}],"wp:term":[{"taxonomy":"product_brand","embeddable":true,"href":"https:\/\/wpachem.com\/vi\/wp-json\/wp\/v2\/product_brand?post=5242"},{"taxonomy":"product_cat","embeddable":true,"href":"https:\/\/wpachem.com\/vi\/wp-json\/wp\/v2\/product_cat?post=5242"},{"taxonomy":"product_tag","embeddable":true,"href":"https:\/\/wpachem.com\/vi\/wp-json\/wp\/v2\/product_tag?post=5242"}],"curies":[{"name":"wp","href":"https:\/\/api.w.org\/{rel}","templated":true}]}}