{"id":5244,"date":"2023-11-24T09:41:19","date_gmt":"2023-11-24T09:41:19","guid":{"rendered":"https:\/\/wpachem.com\/?post_type=product&#038;p=5244"},"modified":"2023-11-24T09:41:19","modified_gmt":"2023-11-24T09:41:19","slug":"raspberry-ketone-cas-5471-51-2","status":"publish","type":"product","link":"https:\/\/wpachem.com\/vi\/product\/raspberry-ketone-cas-5471-51-2\/","title":{"rendered":"M\u00e2m x\u00f4i Ketone CAS 5471-51-2"},"content":{"rendered":"<p><strong>\u0110\u1eb7c \u0111i\u1ec3m<\/strong><\/p>\n<ul class=\"list3\">\n<li>Ngo\u1ea1i quan: tinh th\u1ec3 m\u00e0u v\u00e0ng nh\u1ea1t<\/li>\n<li>\u0110i\u1ec3m n\u00f3ng ch\u1ea3y\/\u0111i\u1ec3m \u0111\u00f3ng b\u0103ng\u0110i\u1ec3m n\u00f3ng ch\u1ea3y\/ph\u1ea1m vi: 81 \u2013 85 \u00b0C \u2013 s\u00e1ng.<\/li>\n<li>\u0110i\u1ec3m s\u00f4i ban \u0111\u1ea7u v\u00e0 ph\u1ea1m vi s\u00f4i: 292 \u00b0C<\/li>\n<li>\u0110\u1ed9 h\u00f2a tan trong n\u01b0\u1edbc 95% etanol: h\u00f2a tan 50mg\/mL, trong \u0111\u1ebfn h\u01a1i \u0111\u1ee5c, kh\u00f4ng m\u00e0u \u0111\u1ebfn v\u00e0ng nh\u1ea1t ho\u1eb7c n\u00e2u r\u00e1m n\u1eafng<\/li>\n<\/ul>\n<p><strong>\u1ee8ng d\u1ee5ng<\/strong><\/p>\n<ol>\n<li>\u0110\u01b0\u1ee3c d\u00f9ng \u0111\u1ec3 ch\u1ebf bi\u1ebfn gia v\u1ecb th\u1ef1c ph\u1ea9m, c\u00f3 t\u00e1c d\u1ee5ng t\u0103ng h\u01b0\u01a1ng th\u01a1m, v\u1ecb ng\u1ecdt, \u0111\u1ed3ng th\u1eddi c\u0169ng c\u00f3 th\u1ec3 d\u00f9ng trong h\u01b0\u01a1ng li\u1ec7u m\u1ef9 ph\u1ea9m, x\u00e0 ph\u00f2ng.<\/li>\n<li>\u0110\u01b0\u1ee3c s\u1eed d\u1ee5ng r\u1ed9ng r\u00e3i trong d\u00e2u t\u00e2y, m\u00e2m x\u00f4i, d\u1ee9a, \u0111\u00e0o v\u00e0 c\u00e1c h\u01b0\u01a1ng v\u1ecb \u0103n \u0111\u01b0\u1ee3c kh\u00e1c, th\u01b0\u1eddng l\u00e0 h\u01b0\u01a1ng v\u1ecb tr\u00e1i c\u00e2y nh\u01b0 m\u1ed9t ch\u1ea5t c\u1ed1 \u0111\u1ecbnh. Trong h\u01b0\u01a1ng li\u1ec7u h\u00f3a h\u1ecdc h\u00e0ng ng\u00e0y c\u00f3 th\u1ec3 \u0111\u01b0\u1ee3c s\u1eed d\u1ee5ng trong hoa nh\u00e0i, hoa, hoa hu\u1ec7 v\u00e0 c\u00e1c c\u00f4ng th\u1ee9c kh\u00e1c. L\u00e0 m\u1ed9t ch\u1ea5t \u0111i\u1ec1u ch\u1ec9nh, n\u00f3 \u0111\u01b0\u1ee3c s\u1eed d\u1ee5ng trong h\u01b0\u01a1ng hoa nh\u00e0i, hoa d\u00e0nh d\u00e0nh, hoa hu\u1ec7 v\u00e0 c\u00e1c h\u01b0\u01a1ng v\u1ecb hoa kh\u00e1c h\u00e0ng ng\u00e0y. Trong h\u01b0\u01a1ng v\u1ecb th\u1ef1c ph\u1ea9m, n\u00f3 \u0111\u01b0\u1ee3c s\u1eed d\u1ee5ng trong d\u00e2u t\u00e2y, d\u1ee9a, \u0111\u00e0o, m\u1eadn, c\u00e1 treo v\u00e0 c\u00e1c h\u01b0\u01a1ng v\u1ecb kh\u00e1c.<\/li>\n<li>L\u00e0 m\u1ed9t ch\u1ea5t \u0111i\u1ec1u ch\u1ec9nh, n\u00f3 \u0111\u01b0\u1ee3c s\u1eed d\u1ee5ng trong c\u00e1c lo\u1ea1i gia v\u1ecb h\u00e0ng ng\u00e0y nh\u01b0 hoa nh\u00e0i v\u00e0 hoa hu\u1ec7, v\u00e0 trong c\u00e1c lo\u1ea1i gia v\u1ecb \u0103n \u0111\u01b0\u1ee3c, n\u00f3 ch\u1ee7 y\u1ebfu \u0111\u01b0\u1ee3c s\u1eed d\u1ee5ng trong c\u00e1c lo\u1ea1i gia v\u1ecb nh\u01b0 d\u00e2u t\u00e2y, d\u1ee9a, \u0111\u00e0o v\u00e0 m\u1eadn. N\u00f3 \u0111\u01b0\u1ee3c s\u1eed d\u1ee5ng trong y h\u1ecdc nh\u01b0 ch\u1ea5t trung gian amin \u0111\u00f3ng g\u00f3i Lankdot, v.v.<\/li>\n<\/ol>\n<p><strong>\u0110\u00f3ng g\u00f3i &amp; L\u01b0u tr\u1eef<\/strong><\/p>\n<p>B\u1ea3o qu\u1ea3n n\u01a1i tho\u00e1ng m\u00e1t. \u0110\u1eady k\u00edn h\u1ed9p \u0111\u1ef1ng \u1edf n\u01a1i kh\u00f4 r\u00e1o, th\u00f4ng gi\u00f3 t\u1ed1t.<\/p>","protected":false},"excerpt":{"rendered":"<p>T\u00ean s\u1ea3n ph\u1ea9m: Raspberry Ketone<br \/>\nS\u1ed1 hi\u1ec7u: 5471-51-2<br \/>\nCh\u1ea5t trung gian: C10H12O2<br \/>\nNgo\u1ea1i quan: tinh th\u1ec3 m\u00e0u v\u00e0ng nh\u1ea1t<\/p>","protected":false},"featured_media":4816,"template":"","meta":{"_acf_changed":false,"_gspb_post_css":""},"product_brand":[],"product_cat":[61],"product_tag":[],"class_list":{"0":"post-5244","1":"product","2":"type-product","3":"status-publish","4":"has-post-thumbnail","6":"product_cat-flavor-and-fragrance","8":"first","9":"instock","10":"shipping-taxable","11":"product-type-simple"},"acf":[],"_links":{"self":[{"href":"https:\/\/wpachem.com\/vi\/wp-json\/wp\/v2\/product\/5244","targetHints":{"allow":["GET"]}}],"collection":[{"href":"https:\/\/wpachem.com\/vi\/wp-json\/wp\/v2\/product"}],"about":[{"href":"https:\/\/wpachem.com\/vi\/wp-json\/wp\/v2\/types\/product"}],"version-history":[{"count":0,"href":"https:\/\/wpachem.com\/vi\/wp-json\/wp\/v2\/product\/5244\/revisions"}],"wp:featuredmedia":[{"embeddable":true,"href":"https:\/\/wpachem.com\/vi\/wp-json\/wp\/v2\/media\/4816"}],"wp:attachment":[{"href":"https:\/\/wpachem.com\/vi\/wp-json\/wp\/v2\/media?parent=5244"}],"wp:term":[{"taxonomy":"product_brand","embeddable":true,"href":"https:\/\/wpachem.com\/vi\/wp-json\/wp\/v2\/product_brand?post=5244"},{"taxonomy":"product_cat","embeddable":true,"href":"https:\/\/wpachem.com\/vi\/wp-json\/wp\/v2\/product_cat?post=5244"},{"taxonomy":"product_tag","embeddable":true,"href":"https:\/\/wpachem.com\/vi\/wp-json\/wp\/v2\/product_tag?post=5244"}],"curies":[{"name":"wp","href":"https:\/\/api.w.org\/{rel}","templated":true}]}}