{"id":5247,"date":"2023-11-24T09:50:26","date_gmt":"2023-11-24T09:50:26","guid":{"rendered":"https:\/\/wpachem.com\/?post_type=product&#038;p=5247"},"modified":"2023-12-06T05:49:11","modified_gmt":"2023-12-06T05:49:11","slug":"__trashed","status":"publish","type":"product","link":"https:\/\/wpachem.com\/vi\/product\/__trashed\/","title":{"rendered":"Ambroxan CAS 6790-58-5"},"content":{"rendered":"<p><strong>\u0110\u1eb7c \u0111i\u1ec3m<\/strong><\/p>\n<ul class=\"list3\">\n<li>Ngo\u1ea1i quan: tinh th\u1ec3 m\u00e0u tr\u1eafng<\/li>\n<li>\u0110i\u1ec3m n\u00f3ng ch\u1ea3y\/\u0111i\u1ec3m \u0111\u00f3ng b\u0103ng\u0110i\u1ec3m n\u00f3ng ch\u1ea3y\/ph\u1ea1m vi: 74 \u2013 76 \u00b0C \u2013 s\u00e1ng.<\/li>\n<li>\u0110i\u1ec3m s\u00f4i ban \u0111\u1ea7u v\u00e0 ph\u1ea1m vi s\u00f4i: 273,9\u00b18,0 \u00b0C (D\u1ef1 \u0111o\u00e1n)<\/li>\n<\/ul>\n<p><strong>\u1ee8ng d\u1ee5ng<\/strong><\/p>\n<p>Norambergris ether c\u00f3 m\u00f9i th\u01a1m m\u1ea1nh m\u1ebd, \u0111\u1eb7c tr\u01b0ng c\u1ee7a h\u1ed5 ph\u00e1ch. \u0110\u01b0\u1ee3c s\u1eed d\u1ee5ng trong n\u01b0\u1edbc hoa cao c\u1ea5p v\u00e0 h\u01b0\u01a1ng li\u1ec7u m\u1ef9 ph\u1ea9m, v\u00ec kh\u00f4ng k\u00edch th\u00edch c\u01a1 th\u1ec3 con ng\u01b0\u1eddi v\u00e0 kh\u00f4ng g\u00e2y d\u1ecb \u1ee9ng v\u1edbi \u0111\u1ed9ng v\u1eadt, r\u1ea5t ph\u00f9 h\u1ee3p \u0111\u1ec3 t\u1ea1o h\u01b0\u01a1ng cho da, t\u00f3c v\u00e0 v\u1ea3i. Th\u01b0\u1eddng \u0111\u01b0\u1ee3c s\u1eed d\u1ee5ng trong x\u00e0 ph\u00f2ng, ph\u1ea5n r\u00f4m, kem v\u00e0 d\u1ea7u g\u1ed9i \u0111\u1ec3 th\u00eam h\u01b0\u01a1ng th\u01a1m v\u00e0 c\u1ed1 \u0111\u1ecbnh h\u01b0\u01a1ng th\u01a1m. Li\u1ec1u l\u01b0\u1ee3ng th\u00f4ng th\u01b0\u1eddng l\u00e0 0,1-0,2%. S\u1ea3n ph\u1ea9m tinh khi\u1ebft ch\u01b0ng c\u1ea5t t\u01b0\u01a1i, c\u00f3 m\u00f9i th\u01a1m kh\u00f4ng n\u1ed5i b\u1eadt, khi pha lo\u00e3ng v\u1edbi 10% v\u1edbi c\u1ed3n v\u00e0 ti\u1ebfp x\u00fac v\u1edbi kh\u00f4ng kh\u00ed trong m\u1ed9t th\u1eddi gian, m\u00f9i th\u01a1m s\u1ebd tr\u1edf n\u00ean m\u1ec1m m\u1ea1i v\u00e0 \u00eam d\u1ecbu h\u01a1n. Hi\u1ec7u qu\u1ea3 c\u1ee7a s\u1ea3n ph\u1ea9m r\u1ea5t n\u1ed5i b\u1eadt, c\u00f3 th\u1ec3 c\u1ea3i thi\u1ec7n \u0111\u00e1ng k\u1ec3 s\u1ef1 khu\u1ebfch t\u00e1n c\u1ee7a tinh ch\u1ea5t, t\u0103ng c\u01b0\u1eddng v\u00e0 n\u00e2ng cao hi\u1ec7u qu\u1ea3 t\u1eeb \u0111\u1ea7u c\u1ee7a h\u01b0\u01a1ng th\u01a1m lu\u00f4n \u0111\u01b0\u1ee3c th\u1ef1c hi\u1ec7n. Vi\u1ec7c \u1ee9ng d\u1ee5ng nguy\u00ean li\u1ec7u h\u1ed5 ph\u00e1ch trong thu\u1ed1c l\u00e1 l\u00e0 th\u00e0nh ph\u1ea7n h\u01b0\u01a1ng th\u01a1m ch\u00ednh c\u1ee7a thu\u1ed1c l\u00e1 c\u00f3 h\u01b0\u01a1ng v\u1ecb, v\u00e0 h\u1ed5 ph\u00e1ch l\u00e0 m\u1ed9t h\u01b0\u01a1ng v\u1ecb \u0111\u1eb7c bi\u1ec7t n\u1ed5i b\u1eadt, c\u00f3 \u0111\u00f3ng g\u00f3p quan tr\u1ecdng v\u00e0o kh\u00f3i c\u1ee7a thu\u1ed1c l\u00e1 h\u1ed7n h\u1ee3p. Normouthiol c\u0169ng \u0111\u01b0\u1ee3c s\u1eed d\u1ee5ng r\u1ed9ng r\u00e3i trong ng\u00e0nh c\u00f4ng nghi\u1ec7p thu\u1ed1c l\u00e1 v\u00e0 n\u01b0\u1edbc hoa \u0111\u00e3 qua x\u1eed l\u00fd b\u1eb1ng kh\u00f3i. \u0110\u01b0\u1ee3c s\u1eed d\u1ee5ng trong c\u00f4ng nghi\u1ec7p thu\u1ed1c l\u00e1 \u0111\u1ec3 t\u0103ng th\u00eam h\u01b0\u01a1ng v\u1ecb, h\u00e0i h\u00f2a v\u1edbi h\u01b0\u01a1ng v\u1ecb \u0111\u1eb7c tr\u01b0ng c\u1ee7a thu\u1ed1c l\u00e1, c\u00f3 th\u1ec3 che gi\u1ea5u t\u1ea1p ch\u1ea5t, ngay c\u1ea3 khi s\u1eed d\u1ee5ng v\u1edbi l\u01b0\u1ee3ng nh\u1ecf c\u0169ng c\u00f3 th\u1ec3 c\u1ea3i thi\u1ec7n ch\u1ea5t l\u01b0\u1ee3ng h\u01b0\u01a1ng v\u1ecb c\u1ee7a thu\u1ed1c l\u00e1, \u0111\u1eb7c bi\u1ec7t th\u00edch h\u1ee3p cho thu\u1ed1c l\u00e1 h\u1ed7n h\u1ee3p \u0111\u1ec3 t\u0103ng th\u00eam h\u01b0\u01a1ng v\u1ecb v\u00e0 t\u0103ng c\u01b0\u1eddng h\u01b0\u01a1ng v\u1ecb c\u1ee7a thu\u1ed1c l\u00e1 ph\u01b0\u01a1ng \u0110\u00f4ng.<\/p>\n<p><strong>\u0110\u00f3ng g\u00f3i &amp; l\u01b0u tr\u1eef<\/strong><\/p>\n<p>B\u1ea3o qu\u1ea3n n\u01a1i tho\u00e1ng m\u00e1t. \u0110\u1eady k\u00edn h\u1ed9p \u0111\u1ef1ng \u1edf n\u01a1i kh\u00f4 r\u00e1o, th\u00f4ng gi\u00f3 t\u1ed1t.<\/p>","protected":false},"excerpt":{"rendered":"<p>T\u00ean s\u1ea3n ph\u1ea9m: Ambroxan<br \/>\nS\u1ed1 hi\u1ec7u: 6790-58-5<br \/>\nNguy\u00ean t\u1eed: C16H28O<br \/>\nNgo\u1ea1i quan: tinh th\u1ec3 m\u00e0u tr\u1eafng<\/p>","protected":false},"featured_media":4787,"template":"","meta":{"_acf_changed":false,"_gspb_post_css":""},"product_brand":[],"product_cat":[61],"product_tag":[],"class_list":{"0":"post-5247","1":"product","2":"type-product","3":"status-publish","4":"has-post-thumbnail","6":"product_cat-flavor-and-fragrance","8":"first","9":"instock","10":"shipping-taxable","11":"product-type-simple"},"acf":[],"_links":{"self":[{"href":"https:\/\/wpachem.com\/vi\/wp-json\/wp\/v2\/product\/5247","targetHints":{"allow":["GET"]}}],"collection":[{"href":"https:\/\/wpachem.com\/vi\/wp-json\/wp\/v2\/product"}],"about":[{"href":"https:\/\/wpachem.com\/vi\/wp-json\/wp\/v2\/types\/product"}],"version-history":[{"count":0,"href":"https:\/\/wpachem.com\/vi\/wp-json\/wp\/v2\/product\/5247\/revisions"}],"wp:featuredmedia":[{"embeddable":true,"href":"https:\/\/wpachem.com\/vi\/wp-json\/wp\/v2\/media\/4787"}],"wp:attachment":[{"href":"https:\/\/wpachem.com\/vi\/wp-json\/wp\/v2\/media?parent=5247"}],"wp:term":[{"taxonomy":"product_brand","embeddable":true,"href":"https:\/\/wpachem.com\/vi\/wp-json\/wp\/v2\/product_brand?post=5247"},{"taxonomy":"product_cat","embeddable":true,"href":"https:\/\/wpachem.com\/vi\/wp-json\/wp\/v2\/product_cat?post=5247"},{"taxonomy":"product_tag","embeddable":true,"href":"https:\/\/wpachem.com\/vi\/wp-json\/wp\/v2\/product_tag?post=5247"}],"curies":[{"name":"wp","href":"https:\/\/api.w.org\/{rel}","templated":true}]}}