{"id":5374,"date":"2023-12-01T07:52:38","date_gmt":"2023-12-01T07:52:38","guid":{"rendered":"https:\/\/wpachem.com\/?post_type=product&#038;p=5374"},"modified":"2023-12-01T08:17:54","modified_gmt":"2023-12-01T08:17:54","slug":"coumarin-cas-91-64-5","status":"publish","type":"product","link":"https:\/\/wpachem.com\/vi\/product\/coumarin-cas-91-64-5\/","title":{"rendered":"Coumarin CAS 91-64-5"},"content":{"rendered":"<p><strong>\u0110\u1eb7c \u0111i\u1ec3m<\/strong><\/p>\n<p>Tinh th\u1ec3 m\u00e0u tr\u1eafng, th\u0103ng hoa, c\u00f3 m\u00f9i s\u1ea3, m\u00f9i thu\u1ed1c thoang tho\u1ea3ng. Kh\u00f4ng tan trong n\u01b0\u1edbc l\u1ea1nh, tan trong n\u01b0\u1edbc n\u00f3ng, ethanol, ether, cloroform.<\/p>\n<p><strong>\u1ee8ng d\u1ee5ng<\/strong><\/p>\n<p>1. Coumarin l\u00e0 m\u1ed9t lo\u1ea1i gia v\u1ecb quan tr\u1ecdng, th\u01b0\u1eddng \u0111\u01b0\u1ee3c s\u1eed d\u1ee5ng nh\u01b0 m\u1ed9t ch\u1ea5t c\u1ed1 \u0111\u1ecbnh. N\u00f3 \u0111\u01b0\u1ee3c s\u1eed d\u1ee5ng \u0111\u1ec3 ch\u1ebf t\u1ea1o n\u01b0\u1edbc hoa v\u00e0 tinh ch\u1ea5t n\u01b0\u1edbc v\u1ec7 sinh, v\u00e0 c\u0169ng \u0111\u01b0\u1ee3c s\u1eed d\u1ee5ng nh\u01b0 m\u1ed9t ch\u1ea5t t\u1ea1o m\u00f9i cho thu\u1ed1c l\u00e1, s\u1ea3n ph\u1ea9m cao su, s\u1ea3n ph\u1ea9m nh\u1ef1a, v.v. \u1ede \u0110\u1ee9c, coumarin b\u1ecb c\u1ea5m nh\u01b0 m\u1ed9t ch\u1ea5t ph\u1ee5 gia thu\u1ed1c l\u00e1.<\/p>\n<p>2. N\u00f3 \u0111\u01b0\u1ee3c s\u1eed d\u1ee5ng trong s\u1ea3n xu\u1ea5t n\u01b0\u1edbc hoa, nh\u01b0 m\u1ed9t ch\u1ea5t c\u1ed1 \u0111\u1ecbnh v\u00e0 c\u0169ng trong ng\u00e0nh c\u00f4ng nghi\u1ec7p m\u1ea1 \u0111i\u1ec7n<\/p>\n<p>3. S\u1eed d\u1ee5ng l\u00e0m ch\u1ec9 th\u1ecb hu\u1ef3nh quang.<\/p>\n<p><strong>\u0110\u00f3ng g\u00f3i &amp; L\u01b0u tr\u1eef<\/strong><\/p>\n<p>KH\u00d4NG c\u00f3 ng\u1ecdn l\u1eeda h\u1edf. X\u1eed l\u00fd \u1edf n\u01a1i th\u00f4ng gi\u00f3 t\u1ed1t. M\u1eb7c qu\u1ea7n \u00e1o b\u1ea3o h\u1ed9 ph\u00f9 h\u1ee3p. Tr\u00e1nh ti\u1ebfp x\u00fac v\u1edbi da v\u00e0 m\u1eaft. Tr\u00e1nh h\u00ecnh th\u00e0nh b\u1ee5i v\u00e0 kh\u00ed dung. S\u1eed d\u1ee5ng c\u00e1c c\u00f4ng c\u1ee5 kh\u00f4ng ph\u00e1t tia l\u1eeda. Ng\u0103n ng\u1eeba h\u1ecfa ho\u1ea1n do h\u01a1i n\u01b0\u1edbc ph\u00f3ng t\u0129nh \u0111i\u1ec7n. T\u00e1ch bi\u1ec7t v\u1edbi th\u1ef1c ph\u1ea9m v\u00e0 th\u1ee9c \u0103n ch\u0103n nu\u00f4i.<\/p>\n<p>&nbsp;<\/p>","protected":false},"excerpt":{"rendered":"<p>T\u00ean s\u1ea3n ph\u1ea9m: Coumarin<br \/>\nS\u1ed1 CAS: 91-64-5<br \/>\nNguy\u00ean t\u1eed: C9H6O2<br \/>\nNgo\u1ea1i quan: Tinh th\u1ec3 m\u00e0u tr\u1eafng<\/p>","protected":false},"featured_media":4797,"template":"","meta":{"_acf_changed":false,"_gspb_post_css":""},"product_brand":[],"product_cat":[61],"product_tag":[],"class_list":{"0":"post-5374","1":"product","2":"type-product","3":"status-publish","4":"has-post-thumbnail","6":"product_cat-flavor-and-fragrance","8":"first","9":"instock","10":"shipping-taxable","11":"product-type-simple"},"acf":[],"_links":{"self":[{"href":"https:\/\/wpachem.com\/vi\/wp-json\/wp\/v2\/product\/5374","targetHints":{"allow":["GET"]}}],"collection":[{"href":"https:\/\/wpachem.com\/vi\/wp-json\/wp\/v2\/product"}],"about":[{"href":"https:\/\/wpachem.com\/vi\/wp-json\/wp\/v2\/types\/product"}],"version-history":[{"count":0,"href":"https:\/\/wpachem.com\/vi\/wp-json\/wp\/v2\/product\/5374\/revisions"}],"wp:featuredmedia":[{"embeddable":true,"href":"https:\/\/wpachem.com\/vi\/wp-json\/wp\/v2\/media\/4797"}],"wp:attachment":[{"href":"https:\/\/wpachem.com\/vi\/wp-json\/wp\/v2\/media?parent=5374"}],"wp:term":[{"taxonomy":"product_brand","embeddable":true,"href":"https:\/\/wpachem.com\/vi\/wp-json\/wp\/v2\/product_brand?post=5374"},{"taxonomy":"product_cat","embeddable":true,"href":"https:\/\/wpachem.com\/vi\/wp-json\/wp\/v2\/product_cat?post=5374"},{"taxonomy":"product_tag","embeddable":true,"href":"https:\/\/wpachem.com\/vi\/wp-json\/wp\/v2\/product_tag?post=5374"}],"curies":[{"name":"wp","href":"https:\/\/api.w.org\/{rel}","templated":true}]}}