{"id":5381,"date":"2023-12-01T08:27:30","date_gmt":"2023-12-01T08:27:30","guid":{"rendered":"https:\/\/wpachem.com\/?post_type=product&#038;p=5381"},"modified":"2023-12-01T08:27:31","modified_gmt":"2023-12-01T08:27:31","slug":"civetone-cas-542-46-1","status":"publish","type":"product","link":"https:\/\/wpachem.com\/vi\/product\/civetone-cas-542-46-1\/","title":{"rendered":"S\u00e1o \u0111en CAS 542-46-1"},"content":{"rendered":"<p><strong>\u0110\u1eb7c \u0111i\u1ec3m<\/strong><\/p>\n<p>Tinh th\u1ec3 m\u00e0u tr\u1eafng ho\u1eb7c kh\u00f4ng m\u00e0u. \u0110i\u1ec3m s\u00f4i 344\u2103, \u0111i\u1ec3m n\u00f3ng ch\u1ea3y &gt;31\u2103, t\u1ef7 tr\u1ecdng t\u01b0\u01a1ng \u0111\u1ed1i 0,9135-0,9200, chi\u1ebft su\u1ea5t 1,482-1,483, tan trong etanol 95% v\u00e0 d\u1ea7u. H\u01b0\u01a1ng th\u01a1m \u0111\u1ed9ng v\u1eadt, m\u00f9i c\u1ea7y h\u01b0\u01a1ng ng\u1ecdt \u1ea5m, m\u00f9i x\u1ea1 h\u01b0\u01a1ng nh\u1eb9, c\u1ef1c m\u1ea1nh, c\u00f3 th\u1ec3 lan t\u1ecfa, l\u01b0u h\u01b0\u01a1ng c\u1ef1c l\u00e2u.<\/p>\n<p><strong>\u1ee8ng d\u1ee5ng<\/strong><\/p>\n<ol>\n<li>N\u00f3 \u0111\u01b0\u1ee3c s\u1eed d\u1ee5ng nh\u01b0 m\u1ed9t ch\u1ea5t c\u1ed1 \u0111\u1ecbnh r\u1ea5t h\u1eefu \u00edch trong tinh ch\u1ea5t c\u1ee7a hoa lan tim \u0111\u01a1n gi\u1ea3n, h\u01b0\u01a1ng ph\u01b0\u01a1ng \u0110\u00f4ng, n\u01b0\u1edbc hoa cam qu\u00fdt v\u00e0 nhi\u1ec1u h\u01b0\u01a1ng hoa, ch\u1eb3ng h\u1ea1n nh\u01b0 hoa nh\u00e0i, alba, th\u1ee7y ti\u00ean, hoa h\u1ed3ng, v.v. C\u00f3 th\u1ec3 ph\u1ed1i h\u1ee3p t\u1ed1t v\u1edbi h\u01b0\u01a1ng hoa, aldehyde, hoa lan tim \u0111\u01a1n gi\u1ea3n, h\u01b0\u01a1ng ph\u01b0\u01a1ng \u0110\u00f4ng v\u00e0 \u0111\u1ed9ng v\u1eadt c\u1ee7a Chemicalbook. N\u00f3 l\u00e0 m\u1ed9t lo\u1ea1i gia v\u1ecb kh\u00f4ng th\u1ec3 thi\u1ebfu \u0111\u1ec3 ch\u1ebf bi\u1ebfn h\u01b0\u01a1ng c\u1ea7y h\u01b0\u01a1ng nh\u00e2n t\u1ea1o, v\u00e0 li\u1ec1u l\u01b0\u1ee3ng chung l\u00e0 1%-2%.<\/li>\n<li>\u0110\u01b0\u1ee3c s\u1eed d\u1ee5ng nh\u01b0 m\u1ed9t ch\u1ea5t thay th\u1ebf x\u1ea1 h\u01b0\u01a1ng. N\u00f3 c\u00f3 kh\u1ea3 n\u0103ng c\u1ed1 \u0111\u1ecbnh h\u01b0\u01a1ng th\u01a1m m\u1ea1nh m\u1ebd v\u00e0 th\u01b0\u1eddng \u0111\u01b0\u1ee3c s\u1eed d\u1ee5ng nh\u01b0 m\u1ed9t ch\u1ea5t c\u1ed1 \u0111\u1ecbnh. \u0110\u1ed1i v\u1edbi vi\u1ec7c pha tr\u1ed9n c\u00e1c lo\u1ea1i n\u01b0\u1edbc hoa cao c\u1ea5p, l\u01b0\u1ee3ng trong n\u01b0\u1edbc hoa l\u00e0 0,04-0,4%, l\u01b0\u1ee3ng trong d\u1ea7u d\u01b0\u1ee1ng v\u00e0 kem d\u01b0\u1ee1ng da l\u00e0 0,003-0,02%.<\/li>\n<\/ol>\n<p><strong>\u0110\u00f3ng g\u00f3i &amp; L\u01b0u tr\u1eef<\/strong><\/p>\n<p>B\u1ea3o qu\u1ea3n trong h\u1ed9p k\u00edn \u1edf n\u01a1i kh\u00f4 r\u00e1o, tho\u00e1ng m\u00e1t, th\u00f4ng gi\u00f3 t\u1ed1t. B\u1ea3o qu\u1ea3n ri\u00eang v\u1edbi h\u1ed9p \u0111\u1ef1ng th\u1ef1c ph\u1ea9m ho\u1eb7c v\u1eadt li\u1ec7u kh\u00f4ng t\u01b0\u01a1ng th\u00edch.<\/p>","protected":false},"excerpt":{"rendered":"<p>T\u00ean s\u1ea3n ph\u1ea9m: Civetone<br \/>\nS\u1ed1 hi\u1ec7u: 542-46-1<br \/>\nMF: C17H30O<br \/>\nNgo\u1ea1i quan: Tinh th\u1ec3 m\u00e0u tr\u1eafng ho\u1eb7c kh\u00f4ng m\u00e0u<\/p>","protected":false},"featured_media":4759,"template":"","meta":{"_acf_changed":false,"_gspb_post_css":""},"product_brand":[],"product_cat":[61],"product_tag":[],"class_list":{"0":"post-5381","1":"product","2":"type-product","3":"status-publish","4":"has-post-thumbnail","6":"product_cat-flavor-and-fragrance","8":"first","9":"instock","10":"shipping-taxable","11":"product-type-simple"},"acf":[],"_links":{"self":[{"href":"https:\/\/wpachem.com\/vi\/wp-json\/wp\/v2\/product\/5381","targetHints":{"allow":["GET"]}}],"collection":[{"href":"https:\/\/wpachem.com\/vi\/wp-json\/wp\/v2\/product"}],"about":[{"href":"https:\/\/wpachem.com\/vi\/wp-json\/wp\/v2\/types\/product"}],"version-history":[{"count":0,"href":"https:\/\/wpachem.com\/vi\/wp-json\/wp\/v2\/product\/5381\/revisions"}],"wp:featuredmedia":[{"embeddable":true,"href":"https:\/\/wpachem.com\/vi\/wp-json\/wp\/v2\/media\/4759"}],"wp:attachment":[{"href":"https:\/\/wpachem.com\/vi\/wp-json\/wp\/v2\/media?parent=5381"}],"wp:term":[{"taxonomy":"product_brand","embeddable":true,"href":"https:\/\/wpachem.com\/vi\/wp-json\/wp\/v2\/product_brand?post=5381"},{"taxonomy":"product_cat","embeddable":true,"href":"https:\/\/wpachem.com\/vi\/wp-json\/wp\/v2\/product_cat?post=5381"},{"taxonomy":"product_tag","embeddable":true,"href":"https:\/\/wpachem.com\/vi\/wp-json\/wp\/v2\/product_tag?post=5381"}],"curies":[{"name":"wp","href":"https:\/\/api.w.org\/{rel}","templated":true}]}}