{"id":5383,"date":"2023-12-01T08:34:33","date_gmt":"2023-12-01T08:34:33","guid":{"rendered":"https:\/\/wpachem.com\/?post_type=product&#038;p=5383"},"modified":"2023-12-01T08:34:33","modified_gmt":"2023-12-01T08:34:33","slug":"borneol-cas-76-49-3","status":"publish","type":"product","link":"https:\/\/wpachem.com\/vi\/product\/borneol-cas-76-49-3\/","title":{"rendered":"Borneol CAS 76-49-3"},"content":{"rendered":"<p><strong>\u0110\u1eb7c \u0111i\u1ec3m<\/strong><\/p>\n<p>Borneol l\u00e0 tinh th\u1ec3 gi\u00f2n d\u1ea1ng v\u1ea3y trong su\u1ed1t kh\u00f4ng m\u00e0u ho\u1eb7c tr\u1eafng, ho\u1eb7c d\u1ea1ng b\u1ed9t k\u1ebft tinh v\u00e0 d\u1ea1ng kh\u1ed1i. Tan trong etanol, clorofom, x\u0103ng, h\u1ea7u nh\u01b0 kh\u00f4ng tan trong n\u01b0\u1edbc.<\/p>\n<p>C\u00f3 m\u00f9i th\u01a1m n\u1ed3ng c\u1ee7a th\u00f4ng, long n\u00e3o v\u00e0 b\u1ea1c h\u00e0. C\u00f3 th\u1ec3 th\u0103ng hoa b\u1eb1ng nhi\u1ec7t, c\u00f3 th\u1ec3 bay h\u01a1i ch\u1eadm \u1edf nhi\u1ec7t \u0111\u1ed9 ph\u00f2ng v\u1edbi c\u1ea3m gi\u00e1c n\u00f3ng r\u00e1t. \u0110i\u1ec3m n\u00f3ng ch\u1ea3y l\u00e0 208 \u00b0 C v\u00e0 \u0111i\u1ec3m s\u00f4i l\u00e0 212 \u00b0 C<\/p>\n<p><strong>\u1ee8ng d\u1ee5ng<\/strong><\/p>\n<ol>\n<li>Gia v\u1ecb \u0103n \u0111\u01b0\u1ee3c. Ch\u1ee7 y\u1ebfu d\u00f9ng \u0111\u1ec3 ch\u1ebf bi\u1ebfn h\u01b0\u01a1ng b\u1ea1c h\u00e0, chanh tr\u1eafng v\u00e0 h\u1ea1t. \u0110\u01b0\u1ee3c s\u1eed d\u1ee5ng r\u1ed9ng r\u00e3i trong ng\u00e0nh d\u01b0\u1ee3c ph\u1ea9m.<\/li>\n<li>L\u00e0 m\u1ed9t thu\u1ed1c th\u1eed sinh h\u00f3a, n\u00f3 c\u0169ng \u0111\u01b0\u1ee3c s\u1eed d\u1ee5ng trong ng\u00e0nh d\u01b0\u1ee3c ph\u1ea9m<\/li>\n<li>\u0110\u01b0\u1ee3c s\u1eed d\u1ee5ng r\u1ed9ng r\u00e3i trong vi\u1ec7c ch\u1ebf bi\u1ebfn h\u01b0\u01a1ng th\u1ea3o, hoa o\u1ea3i h\u01b0\u01a1ng v\u00e0 c\u00e1c lo\u1ea1i h\u01b0\u01a1ng li\u1ec7u kh\u00e1c.<\/li>\n<\/ol>\n<p><strong>\u0110\u00f3ng g\u00f3i &amp; L\u01b0u tr\u1eef<\/strong><\/p>\n<p>B\u1ea3o qu\u1ea3n trong h\u1ed9p k\u00edn \u1edf n\u01a1i kh\u00f4 r\u00e1o, tho\u00e1ng m\u00e1t, th\u00f4ng gi\u00f3 t\u1ed1t. B\u1ea3o qu\u1ea3n ri\u00eang v\u1edbi h\u1ed9p \u0111\u1ef1ng th\u1ef1c ph\u1ea9m ho\u1eb7c v\u1eadt li\u1ec7u kh\u00f4ng t\u01b0\u01a1ng th\u00edch.<\/p>","protected":false},"excerpt":{"rendered":"<p>T\u00ean s\u1ea3n ph\u1ea9m: Borneol<br \/>\nS\u1ed1 hi\u1ec7u: 76-49-3<br \/>\nNguy\u00ean t\u1eed: C10H18O<br \/>\nNgo\u1ea1i quan: d\u1ea1ng tinh th\u1ec3 gi\u00f2n, trong su\u1ed1t kh\u00f4ng m\u00e0u ho\u1eb7c tr\u1eafng, ho\u1eb7c d\u1ea1ng b\u1ed9t tinh th\u1ec3 v\u00e0 d\u1ea1ng kh\u1ed1i.<\/p>","protected":false},"featured_media":4674,"template":"","meta":{"_acf_changed":false,"_gspb_post_css":""},"product_brand":[],"product_cat":[61],"product_tag":[],"class_list":{"0":"post-5383","1":"product","2":"type-product","3":"status-publish","4":"has-post-thumbnail","6":"product_cat-flavor-and-fragrance","8":"first","9":"instock","10":"shipping-taxable","11":"product-type-simple"},"acf":[],"_links":{"self":[{"href":"https:\/\/wpachem.com\/vi\/wp-json\/wp\/v2\/product\/5383","targetHints":{"allow":["GET"]}}],"collection":[{"href":"https:\/\/wpachem.com\/vi\/wp-json\/wp\/v2\/product"}],"about":[{"href":"https:\/\/wpachem.com\/vi\/wp-json\/wp\/v2\/types\/product"}],"version-history":[{"count":0,"href":"https:\/\/wpachem.com\/vi\/wp-json\/wp\/v2\/product\/5383\/revisions"}],"wp:featuredmedia":[{"embeddable":true,"href":"https:\/\/wpachem.com\/vi\/wp-json\/wp\/v2\/media\/4674"}],"wp:attachment":[{"href":"https:\/\/wpachem.com\/vi\/wp-json\/wp\/v2\/media?parent=5383"}],"wp:term":[{"taxonomy":"product_brand","embeddable":true,"href":"https:\/\/wpachem.com\/vi\/wp-json\/wp\/v2\/product_brand?post=5383"},{"taxonomy":"product_cat","embeddable":true,"href":"https:\/\/wpachem.com\/vi\/wp-json\/wp\/v2\/product_cat?post=5383"},{"taxonomy":"product_tag","embeddable":true,"href":"https:\/\/wpachem.com\/vi\/wp-json\/wp\/v2\/product_tag?post=5383"}],"curies":[{"name":"wp","href":"https:\/\/api.w.org\/{rel}","templated":true}]}}