{"id":5388,"date":"2023-12-01T09:07:26","date_gmt":"2023-12-01T09:07:26","guid":{"rendered":"https:\/\/wpachem.com\/?post_type=product&#038;p=5388"},"modified":"2023-12-01T09:07:26","modified_gmt":"2023-12-01T09:07:26","slug":"cineole-cas-406-67-7","status":"publish","type":"product","link":"https:\/\/wpachem.com\/vi\/product\/cineole-cas-406-67-7\/","title":{"rendered":"Cineole CAS 406-67-7"},"content":{"rendered":"<p><strong>\u0110\u1eb7c \u0111i\u1ec3m<\/strong><\/p>\n<p>Cineole l\u00e0 m\u1ed9t h\u1ee3p ch\u1ea5t monoterpene bicyclic. N\u00f3 ch\u1ee7 y\u1ebfu \u0111\u01b0\u1ee3c t\u00ecm th\u1ea5y trong Eucalyptus, Lauraceae, v\u00e0 c\u00e2y x\u00f4 th\u01a1m, hoa o\u1ea3i h\u01b0\u01a1ng, c\u1ecf x\u1ea1 h\u01b0\u01a1ng, h\u01b0\u01a1ng th\u1ea3o v\u00e0 c\u00e1c lo\u1ea1i c\u00e2y kh\u00e1c trong h\u1ecd Labiaceae. Trong nh\u1eefng n\u0103m g\u1ea7n \u0111\u00e2y, n\u00f3 c\u0169ng \u0111\u01b0\u1ee3c t\u00ecm th\u1ea5y trong nhi\u1ec1u lo\u1ea1i n\u1ea5m n\u1ed9i sinh th\u1ef1c v\u1eadt.<\/p>\n<p><strong>\u1ee8ng d\u1ee5ng<\/strong><\/p>\n<p>N\u00f3 c\u00f3 nhi\u1ec1u ho\u1ea1t t\u00ednh d\u01b0\u1ee3c l\u00fd, nh\u01b0 thu\u1ed1c xua \u0111u\u1ed5i, kh\u00e1ng khu\u1ea9n v\u00e0 ch\u1ed1ng vi\u00eam, v\u00e0 \u0111\u01b0\u1ee3c s\u1eed d\u1ee5ng trong \u0111i\u1ec1u tr\u1ecb b\u1ec7nh gh\u1ebb, b\u1ec7nh \u0111\u01b0\u1eddng ti\u00eau h\u00f3a, b\u1ec7nh vi\u00eam \u0111\u01b0\u1eddng h\u00f4 h\u1ea5p v\u00e0 vi\u00eam li\u00ean quan \u0111\u1ebfn b\u1ec7nh tho\u00e1i h\u00f3a th\u1ea7n kinh. N\u00f3 c\u0169ng c\u00f3 t\u00e1c d\u1ee5ng h\u1ea1 huy\u1ebft \u00e1p, b\u1ea3o v\u1ec7 gan v\u00e0 ch\u1ed1ng kh\u1ed1i u, v\u00e0 \u0111\u01b0\u1ee3c s\u1eed d\u1ee5ng r\u1ed9ng r\u00e3i trong c\u00e1c l\u0129nh v\u1ef1c y h\u1ecdc, th\u1ef1c ph\u1ea9m v\u00e0 m\u1ef9 ph\u1ea9m.<\/p>","protected":false},"excerpt":{"rendered":"<p>T\u00ean s\u1ea3n ph\u1ea9m: Cineole<br \/>\nS\u1ed1 hi\u1ec7u: 406-67-7<br \/>\nMF: C4H5BrCl3F<br \/>\nNgo\u1ea1i quan: Ch\u1ea5t l\u1ecfng nh\u1eddn kh\u00f4ng m\u00e0u \u0111\u1ebfn v\u00e0ng nh\u1ea1t<\/p>","protected":false},"featured_media":4756,"template":"","meta":{"_acf_changed":false,"_gspb_post_css":""},"product_brand":[],"product_cat":[61],"product_tag":[],"class_list":{"0":"post-5388","1":"product","2":"type-product","3":"status-publish","4":"has-post-thumbnail","6":"product_cat-flavor-and-fragrance","8":"first","9":"instock","10":"shipping-taxable","11":"product-type-simple"},"acf":[],"_links":{"self":[{"href":"https:\/\/wpachem.com\/vi\/wp-json\/wp\/v2\/product\/5388","targetHints":{"allow":["GET"]}}],"collection":[{"href":"https:\/\/wpachem.com\/vi\/wp-json\/wp\/v2\/product"}],"about":[{"href":"https:\/\/wpachem.com\/vi\/wp-json\/wp\/v2\/types\/product"}],"version-history":[{"count":0,"href":"https:\/\/wpachem.com\/vi\/wp-json\/wp\/v2\/product\/5388\/revisions"}],"wp:featuredmedia":[{"embeddable":true,"href":"https:\/\/wpachem.com\/vi\/wp-json\/wp\/v2\/media\/4756"}],"wp:attachment":[{"href":"https:\/\/wpachem.com\/vi\/wp-json\/wp\/v2\/media?parent=5388"}],"wp:term":[{"taxonomy":"product_brand","embeddable":true,"href":"https:\/\/wpachem.com\/vi\/wp-json\/wp\/v2\/product_brand?post=5388"},{"taxonomy":"product_cat","embeddable":true,"href":"https:\/\/wpachem.com\/vi\/wp-json\/wp\/v2\/product_cat?post=5388"},{"taxonomy":"product_tag","embeddable":true,"href":"https:\/\/wpachem.com\/vi\/wp-json\/wp\/v2\/product_tag?post=5388"}],"curies":[{"name":"wp","href":"https:\/\/api.w.org\/{rel}","templated":true}]}}