{"id":5392,"date":"2023-12-04T07:50:07","date_gmt":"2023-12-04T07:50:07","guid":{"rendered":"https:\/\/wpachem.com\/?post_type=product&#038;p=5392"},"modified":"2023-12-04T07:50:07","modified_gmt":"2023-12-04T07:50:07","slug":"citronella-acid-ester-cas-150-84-5","status":"publish","type":"product","link":"https:\/\/wpachem.com\/vi\/product\/citronella-acid-ester-cas-150-84-5\/","title":{"rendered":"Este axit s\u1ea3 CAS 150-84-5"},"content":{"rendered":"<p><strong>\u0110\u1eb7c \u0111i\u1ec3m<\/strong><\/p>\n<p>Ch\u1ea5t l\u1ecfng kh\u00f4ng m\u00e0u c\u00f3 m\u00f9i hoa h\u1ed3ng n\u1ed3ng n\u00e0n v\u1edbi h\u01b0\u01a1ng m\u01a1, t\u01b0\u01a1ng t\u1ef1 nh\u01b0 tinh d\u1ea7u chanh. \u0110i\u1ec3m s\u00f4i 229\u2103, v\u00f2ng quay [\u03b1]D-1\u00b015 &#039;~ +2\u00b018&#039;. Tan trong ethanol v\u00e0 h\u1ea7u h\u1ebft c\u00e1c lo\u1ea1i d\u1ea7u kh\u00f4ng bay h\u01a1i, kh\u00f4ng tan trong propylene glycol, glycerin v\u00e0 n\u01b0\u1edbc. C\u00e1c s\u1ea3n ph\u1ea9m t\u1ef1 nhi\u00ean t\u1ed3n t\u1ea1i trong h\u01a1n 20 lo\u1ea1i tinh d\u1ea7u nh\u01b0 tinh d\u1ea7u s\u1ea3 v\u00e0 tinh d\u1ea7u phong l\u1eef.<\/p>\n<p><strong>\u1ee8ng d\u1ee5ng<\/strong><\/p>\n<ol>\n<li>GB 2760\u20131996 quy \u0111\u1ecbnh vi\u1ec7c s\u1eed d\u1ee5ng \u0111\u01b0\u1ee3c ph\u00e9p c\u00e1c lo\u1ea1i gia v\u1ecb \u0103n \u0111\u01b0\u1ee3c. Ch\u1ee7 y\u1ebfu \u0111\u01b0\u1ee3c s\u1eed d\u1ee5ng \u0111\u1ec3 ch\u1ebf bi\u1ebfn h\u01b0\u01a1ng hoa h\u1ed3ng, hoa o\u1ea3i h\u01b0\u01a1ng, t\u00e1o, chu\u1ed1i, m\u01a1 v\u00e0 cam qu\u00fdt. N\u00f3 c\u0169ng \u0111\u01b0\u1ee3c s\u1eed d\u1ee5ng trong s\u1ed1t mayonnaise, n\u01b0\u1edbc s\u1ed1t tr\u1ed9n salad v\u00e0 n\u01b0\u1edbc s\u1ed1t.<\/li>\n<li>N\u00f3 l\u00e0 lo\u1ea1i hoa h\u1ed3ng, lo\u1ea1i hoa c\u1ea9m ch\u01b0\u1edbng trong h\u01b0\u01a1ng th\u01a1m ph\u1ed1i h\u1ee3p ng\u1ecdt ng\u00e0o. C\u00f3 th\u1ec3 \u0111\u01b0\u1ee3c s\u1eed d\u1ee5ng v\u1edbi s\u1ed1 l\u01b0\u1ee3ng nh\u1ecf \u0111\u1ec3 l\u00e0m ng\u1ecdt h\u01b0\u01a1ng hoa m\u1ed9c t\u00ea, hoa o\u1ea3i h\u01b0\u01a1ng, hoa t\u1eed \u0111inh h\u01b0\u01a1ng, hoa linh lan, hoa sen v\u00e0 hoa m\u1eabu \u0111\u01a1n. Trong h\u01b0\u01a1ng th\u01a1m l\u00e1, r\u1ec5 c\u00e2y c\u1ea3i, hoa lan tim \u0111\u01a1n gi\u1ea3n, h\u01b0\u01a1ng th\u01a1m c\u1ee7a Chemicalbook chanh, cam qu\u00fdt, Zhanlong v\u00e0 c\u00e1c h\u01b0\u01a1ng v\u1ecb kh\u00f4ng ph\u1ea3i hoa v\u00e0 aldehyde kh\u00e1c, n\u00f3 c\u0169ng c\u00f3 th\u1ec3 mang l\u1ea1i h\u01b0\u01a1ng v\u1ecb t\u01b0\u01a1i m\u00e1t, ng\u1ecdt ng\u00e0o, tr\u00e1i c\u00e2y. N\u00f3 c\u00f3 th\u1ec3 \u0111\u01b0\u1ee3c s\u1eed d\u1ee5ng trong h\u01b0\u01a1ng v\u1ecb th\u1ef1c ph\u1ea9m, ch\u1eb3ng h\u1ea1n nh\u01b0 t\u00e1o, m\u01a1, chu\u1ed1i, b\u01b0\u1edfi, chanh, v.v.<\/li>\n<li>D\u00f9ng \u0111\u1ec3 pha ch\u1ebf h\u01b0\u01a1ng hoa h\u1ed3ng, hoa o\u1ea3i h\u01b0\u01a1ng v\u00e0 c\u00e1c h\u01b0\u01a1ng li\u1ec7u h\u00f3a h\u1ecdc h\u00e0ng ng\u00e0y kh\u00e1c<\/li>\n<\/ol>\n<p><strong>\u0110\u00f3ng g\u00f3i &amp; L\u01b0u tr\u1eef<\/strong><\/p>\n<p>B\u1ea3o qu\u1ea3n trong h\u1ed9p k\u00edn \u1edf n\u01a1i kh\u00f4 r\u00e1o, tho\u00e1ng m\u00e1t, th\u00f4ng gi\u00f3 t\u1ed1t. B\u1ea3o qu\u1ea3n ri\u00eang v\u1edbi h\u1ed9p \u0111\u1ef1ng th\u1ef1c ph\u1ea9m ho\u1eb7c v\u1eadt li\u1ec7u kh\u00f4ng t\u01b0\u01a1ng th\u00edch.<\/p>","protected":false},"excerpt":{"rendered":"<p>T\u00ean s\u1ea3n ph\u1ea9m: Este axit s\u1ea3<br \/>\nS\u1ed1 CAS: 150-84-5<br \/>\nCh\u1ea5t trung gian: C12H20O2<br \/>\nNgo\u1ea1i quan: Ch\u1ea5t l\u1ecfng kh\u00f4ng m\u00e0u c\u00f3 m\u00f9i th\u01a1m n\u1ed3ng c\u1ee7a hoa h\u1ed3ng<\/p>","protected":false},"featured_media":4816,"template":"","meta":{"_acf_changed":false,"_gspb_post_css":""},"product_brand":[],"product_cat":[61],"product_tag":[],"class_list":{"0":"post-5392","1":"product","2":"type-product","3":"status-publish","4":"has-post-thumbnail","6":"product_cat-flavor-and-fragrance","8":"first","9":"instock","10":"shipping-taxable","11":"product-type-simple"},"acf":[],"_links":{"self":[{"href":"https:\/\/wpachem.com\/vi\/wp-json\/wp\/v2\/product\/5392","targetHints":{"allow":["GET"]}}],"collection":[{"href":"https:\/\/wpachem.com\/vi\/wp-json\/wp\/v2\/product"}],"about":[{"href":"https:\/\/wpachem.com\/vi\/wp-json\/wp\/v2\/types\/product"}],"version-history":[{"count":0,"href":"https:\/\/wpachem.com\/vi\/wp-json\/wp\/v2\/product\/5392\/revisions"}],"wp:featuredmedia":[{"embeddable":true,"href":"https:\/\/wpachem.com\/vi\/wp-json\/wp\/v2\/media\/4816"}],"wp:attachment":[{"href":"https:\/\/wpachem.com\/vi\/wp-json\/wp\/v2\/media?parent=5392"}],"wp:term":[{"taxonomy":"product_brand","embeddable":true,"href":"https:\/\/wpachem.com\/vi\/wp-json\/wp\/v2\/product_brand?post=5392"},{"taxonomy":"product_cat","embeddable":true,"href":"https:\/\/wpachem.com\/vi\/wp-json\/wp\/v2\/product_cat?post=5392"},{"taxonomy":"product_tag","embeddable":true,"href":"https:\/\/wpachem.com\/vi\/wp-json\/wp\/v2\/product_tag?post=5392"}],"curies":[{"name":"wp","href":"https:\/\/api.w.org\/{rel}","templated":true}]}}