{"id":5395,"date":"2023-12-04T08:01:17","date_gmt":"2023-12-04T08:01:17","guid":{"rendered":"https:\/\/wpachem.com\/?post_type=product&#038;p=5395"},"modified":"2023-12-04T08:01:17","modified_gmt":"2023-12-04T08:01:17","slug":"carvacrol-cas-499-75-2","status":"publish","type":"product","link":"https:\/\/wpachem.com\/vi\/product\/carvacrol-cas-499-75-2\/","title":{"rendered":"Carvacrol CAS 499-75-2"},"content":{"rendered":"<p><strong>\u0110\u1eb7c \u0111i\u1ec3m<\/strong><\/p>\n<p>Carvacrol c\u00f2n \u0111\u01b0\u1ee3c g\u1ecdi l\u00e0 2-para-cymol, isothymol, isothymol, isopropyl o-cresol. C\u00e1c s\u1ea3n ph\u1ea9m t\u1ef1 nhi\u00ean \u0111\u01b0\u1ee3c t\u00ecm th\u1ea5y trong d\u1ea7u c\u1ecf x\u1ea1 h\u01b0\u01a1ng (kho\u1ea3ng 70%), d\u1ea7u oregano (kho\u1ea3ng 80%) v\u00e0 d\u1ea7u oregano. M\u1ed9t lo\u1ea1i d\u1ea7u kh\u00f4ng m\u00e0u \u0111\u1ebfn h\u01a1i v\u00e0ng, h\u01a1i nh\u1edbt. Trong kh\u00f4ng kh\u00ed v\u00e0 \u00e1nh s\u00e1ng, m\u00e0u s\u1eabm l\u1ea1i. N\u00f3 c\u00f3 m\u00f9i th\u01a1m, m\u00f9i th\u01a1m m\u00e1t, m\u00f9i th\u1ea3o m\u1ed9c, c\u00f3 m\u00f9i gi\u1ed1ng nh\u01b0 thymol. \u0110i\u1ec3m s\u00f4i 238\u2103, \u0111i\u1ec3m n\u00f3ng ch\u1ea3y 0,5 ~ 1\u2103, \u0111i\u1ec3m ch\u1edbp ch\u00e1y 100\u2103. H\u00f2a tan trong ethanol, etyl ete, propylen glycol v\u00e0 ki\u1ec1m, kh\u00f4ng tan trong n\u01b0\u1edbc. Tr\u1ed9n trong d\u1ea7u. B\u1ed1c h\u01a1i v\u1edbi h\u01a1i n\u01b0\u1edbc. Th\u1ecf transoral LD50100mg\/kg.<\/p>\n<p><strong>\u1ee8ng d\u1ee5ng<\/strong><\/p>\n<ol>\n<li>N\u00f3 ch\u1ee7 y\u1ebfu \u0111\u01b0\u1ee3c s\u1eed d\u1ee5ng \u0111\u1ec3 ch\u1ebf bi\u1ebfn th\u00ec l\u00e0, eugonium, b\u1ea1c h\u00e0, vani v\u00e0 c\u00e1c h\u01b0\u01a1ng v\u1ecb kh\u00e1c, cho kem \u0111\u00e1nh r\u0103ng, b\u1ed9t nha khoa, s\u1ea3n ph\u1ea9m ch\u0103m s\u00f3c r\u0103ng mi\u1ec7ng, b\u1ed9t tan, x\u00e0 ph\u00f2ng v\u00e0 c\u00e1c s\u1ea3n ph\u1ea9m c\u00f4ng nghi\u1ec7p h\u00e0ng ng\u00e0y.<\/li>\n<li>N\u00f3 \u0111\u01b0\u1ee3c s\u1eed d\u1ee5ng trong y t\u1ebf nh\u01b0 m\u1ed9t lo\u1ea1i thu\u1ed1c g\u00e2y t\u00ea t\u1ea1i ch\u1ed7<\/li>\n<li>N\u00f3 ti\u00eau di\u1ec7t vi khu\u1ea9n v\u00e0 k\u00fd sinh tr\u00f9ng \u0111\u01b0\u1eddng ru\u1ed9t v\u00e0 c\u00f3 th\u1ec3 \u0111\u01b0\u1ee3c s\u1eed d\u1ee5ng nh\u01b0 m\u1ed9t ch\u1ea5t kh\u1eed tr\u00f9ng v\u00e0 thu\u1ed1c di\u1ec7t n\u1ea5m<\/li>\n<\/ol>\n<p><strong>\u0110\u00f3ng g\u00f3i &amp; L\u01b0u tr\u1eef<\/strong><\/p>\n<p>B\u1ea3o qu\u1ea3n trong h\u1ed9p k\u00edn \u1edf n\u01a1i kh\u00f4 r\u00e1o, tho\u00e1ng m\u00e1t, th\u00f4ng gi\u00f3 t\u1ed1t. B\u1ea3o qu\u1ea3n ri\u00eang v\u1edbi h\u1ed9p \u0111\u1ef1ng th\u1ef1c ph\u1ea9m ho\u1eb7c v\u1eadt li\u1ec7u kh\u00f4ng t\u01b0\u01a1ng th\u00edch.<\/p>","protected":false},"excerpt":{"rendered":"<p>T\u00ean s\u1ea3n ph\u1ea9m: Carvacrol<br \/>\nS\u1ed1 hi\u1ec7u: 499-75-2<br \/>\nCh\u1ea5t trung gian: C10H12O2<br \/>\nNgo\u1ea1i quan: D\u1ea7u kh\u00f4ng m\u00e0u \u0111\u1ebfn cam nh\u1ea1t \u0111\u1ebfn v\u00e0ng<\/p>","protected":false},"featured_media":3321,"template":"","meta":{"_acf_changed":false,"_gspb_post_css":""},"product_brand":[],"product_cat":[61],"product_tag":[],"class_list":{"0":"post-5395","1":"product","2":"type-product","3":"status-publish","4":"has-post-thumbnail","6":"product_cat-flavor-and-fragrance","8":"first","9":"instock","10":"shipping-taxable","11":"product-type-simple"},"acf":[],"_links":{"self":[{"href":"https:\/\/wpachem.com\/vi\/wp-json\/wp\/v2\/product\/5395","targetHints":{"allow":["GET"]}}],"collection":[{"href":"https:\/\/wpachem.com\/vi\/wp-json\/wp\/v2\/product"}],"about":[{"href":"https:\/\/wpachem.com\/vi\/wp-json\/wp\/v2\/types\/product"}],"version-history":[{"count":0,"href":"https:\/\/wpachem.com\/vi\/wp-json\/wp\/v2\/product\/5395\/revisions"}],"wp:featuredmedia":[{"embeddable":true,"href":"https:\/\/wpachem.com\/vi\/wp-json\/wp\/v2\/media\/3321"}],"wp:attachment":[{"href":"https:\/\/wpachem.com\/vi\/wp-json\/wp\/v2\/media?parent=5395"}],"wp:term":[{"taxonomy":"product_brand","embeddable":true,"href":"https:\/\/wpachem.com\/vi\/wp-json\/wp\/v2\/product_brand?post=5395"},{"taxonomy":"product_cat","embeddable":true,"href":"https:\/\/wpachem.com\/vi\/wp-json\/wp\/v2\/product_cat?post=5395"},{"taxonomy":"product_tag","embeddable":true,"href":"https:\/\/wpachem.com\/vi\/wp-json\/wp\/v2\/product_tag?post=5395"}],"curies":[{"name":"wp","href":"https:\/\/api.w.org\/{rel}","templated":true}]}}