{"id":5397,"date":"2023-12-05T09:53:19","date_gmt":"2023-12-05T09:53:19","guid":{"rendered":"https:\/\/wpachem.com\/?post_type=product&#038;p=5397"},"modified":"2023-12-05T09:53:19","modified_gmt":"2023-12-05T09:53:19","slug":"phellandrene-cas-4221-98-1","status":"publish","type":"product","link":"https:\/\/wpachem.com\/vi\/product\/phellandrene-cas-4221-98-1\/","title":{"rendered":"Phellandrene CAS 4221-98-1"},"content":{"rendered":"<p><strong>\u0110\u1eb7c tr\u01b0ng<\/strong><\/p>\n<ul class=\"list3\">\n<li>Ngo\u1ea1i quan: ch\u1ea5t l\u1ecfng m\u00e0u v\u00e0ng nh\u1ea1t<\/li>\n<li>\u0110i\u1ec3m s\u00f4i ban \u0111\u1ea7u v\u00e0 ph\u1ea1m vi s\u00f4i: 171 \u2013 174 \u00b0C<\/li>\n<li>\u0110i\u1ec3m ch\u1edbp ch\u00e1y: 42,0 \u00b0C \u2013 c\u1ed1c k\u00edn<\/li>\n<li>M\u1eadt \u0111\u1ed9 t\u01b0\u01a1ng \u0111\u1ed1i: 0,844 g\/mL \u1edf 20 \u00b0C<\/li>\n<li>H\u1ec7 s\u1ed1 ph\u00e2n chia: n-octanol\/waterlog Pow: 2,36<\/li>\n<\/ul>\n<p><strong>\u0110\u00f3ng g\u00f3i &amp; L\u01b0u tr\u1eef<\/strong><\/p>\n<p>\u0110\u1ec3 h\u00f3a ch\u1ea5t trong th\u00f9ng ch\u1ee9a ban \u0111\u1ea7u. Kh\u00f4ng tr\u1ed9n l\u1eabn v\u1edbi ch\u1ea5t th\u1ea3i kh\u00e1c. X\u1eed l\u00fd th\u00f9ng ch\u1ee9a ch\u01b0a v\u1ec7 sinh nh\u01b0 x\u1eed l\u00fd s\u1ea3n ph\u1ea9m.<\/p>","protected":false},"excerpt":{"rendered":"<p>T\u00ean s\u1ea3n ph\u1ea9m: Phellandrene<br \/>\nS\u1ed1 hi\u1ec7u: 4221-98-1<br \/>\nMF: C10H16<br \/>\nNgo\u1ea1i quan: ch\u1ea5t l\u1ecfng m\u00e0u v\u00e0ng nh\u1ea1t<\/p>","protected":false},"featured_media":3321,"template":"","meta":{"_acf_changed":false,"_gspb_post_css":""},"product_brand":[],"product_cat":[61],"product_tag":[],"class_list":{"0":"post-5397","1":"product","2":"type-product","3":"status-publish","4":"has-post-thumbnail","6":"product_cat-flavor-and-fragrance","8":"first","9":"instock","10":"shipping-taxable","11":"product-type-simple"},"acf":[],"_links":{"self":[{"href":"https:\/\/wpachem.com\/vi\/wp-json\/wp\/v2\/product\/5397","targetHints":{"allow":["GET"]}}],"collection":[{"href":"https:\/\/wpachem.com\/vi\/wp-json\/wp\/v2\/product"}],"about":[{"href":"https:\/\/wpachem.com\/vi\/wp-json\/wp\/v2\/types\/product"}],"version-history":[{"count":0,"href":"https:\/\/wpachem.com\/vi\/wp-json\/wp\/v2\/product\/5397\/revisions"}],"wp:featuredmedia":[{"embeddable":true,"href":"https:\/\/wpachem.com\/vi\/wp-json\/wp\/v2\/media\/3321"}],"wp:attachment":[{"href":"https:\/\/wpachem.com\/vi\/wp-json\/wp\/v2\/media?parent=5397"}],"wp:term":[{"taxonomy":"product_brand","embeddable":true,"href":"https:\/\/wpachem.com\/vi\/wp-json\/wp\/v2\/product_brand?post=5397"},{"taxonomy":"product_cat","embeddable":true,"href":"https:\/\/wpachem.com\/vi\/wp-json\/wp\/v2\/product_cat?post=5397"},{"taxonomy":"product_tag","embeddable":true,"href":"https:\/\/wpachem.com\/vi\/wp-json\/wp\/v2\/product_tag?post=5397"}],"curies":[{"name":"wp","href":"https:\/\/api.w.org\/{rel}","templated":true}]}}