{"id":5436,"date":"2023-12-06T05:43:24","date_gmt":"2023-12-06T05:43:24","guid":{"rendered":"https:\/\/wpachem.com\/?post_type=product&#038;p=5436"},"modified":"2023-12-06T05:43:25","modified_gmt":"2023-12-06T05:43:25","slug":"turpentine-cas-8006-64-2","status":"publish","type":"product","link":"https:\/\/wpachem.com\/vi\/product\/turpentine-cas-8006-64-2\/","title":{"rendered":"Nh\u1ef1a th\u00f4ng CAS 8006-64-2"},"content":{"rendered":"<p><strong>\u0110\u1eb7c \u0111i\u1ec3m<\/strong><\/p>\n<p>D\u1ea7u th\u00f4ng l\u00e0 ch\u1ea5t l\u1ecfng trong su\u1ed1t kh\u00f4ng m\u00e0u ho\u1eb7c v\u00e0ng nh\u1ea1t c\u00f3 m\u00f9i th\u01a1m, l\u00e0 dung m\u00f4i tuy\u1ec7t v\u1eddi, v\u00e0 ete, etanol, benzen, cacbon disulfua, cacbon tetraclorua v\u00e0 x\u0103ng v\u00e0 c\u00e1c dung m\u00f4i h\u1eefu c\u01a1 kh\u00e1c c\u00f3 th\u1ec3 tr\u1ed9n l\u1eabn, kh\u00f4ng tan trong n\u01b0\u1edbc. N\u00f3 c\u00f3 t\u00e1c d\u1ee5ng k\u00edch \u1ee9ng da v\u00e0 ni\u00eam m\u1ea1c.<\/p>\n<p><strong>\u1ee8ng d\u1ee5ng<\/strong><\/p>\n<p>Nh\u1ef1a th\u00f4ng l\u00e0 nguy\u00ean li\u1ec7u h\u00f3a h\u1ecdc \u0111\u01b0\u1ee3c s\u1eed d\u1ee5ng r\u1ed9ng r\u00e3i trong s\u1ea3n xu\u1ea5t k\u00ednh ngh\u1ec7 thu\u1eadt, s\u01a1n, s\u1ea3n xu\u1ea5t long n\u00e3o, d\u01b0\u1ee3c ph\u1ea9m, s\u1ea3n xu\u1ea5t nh\u1ef1a th\u00f4ng v\u00e0 c\u00e1c ng\u00e0nh c\u00f4ng nghi\u1ec7p kh\u00e1c c\u00f3 c\u01a1 h\u1ed9i ti\u1ebfp x\u00fac v\u1edbi nh\u1ef1a th\u00f4ng.<\/p>\n<ol>\n<li>\u0110\u00e2y l\u00e0 dung m\u00f4i tuy\u1ec7t v\u1eddi v\u00e0 c\u00f3 kh\u1ea3 n\u0103ng h\u00f2a tan ch\u1ea5t h\u1eefu c\u01a1 m\u1ea1nh. Theo truy\u1ec1n th\u1ed1ng, n\u00f3 \u0111\u01b0\u1ee3c s\u1eed d\u1ee5ng trong s\u01a1n, ch\u1ea5t l\u00e0m kh\u00f4, thu\u1ed1c m\u1ee1, xi \u0111\u00e1nh gi\u00e0y, ch\u1ea5t k\u1ebft d\u00ednh v\u00e0 thu\u1ed1c men.<\/li>\n<li>Ch\u1ea5t pha lo\u00e3ng d\u1ea7u s\u01a1n<\/li>\n<li>D\u1ea7u th\u00f4ng c\u00f3 t\u00e1c d\u1ee5ng k\u00edch th\u00edch t\u1ea1i ch\u1ed7 v\u00e0 c\u00f3 th\u1ec3 th\u00fac \u0111\u1ea9y l\u01b0u th\u00f4ng m\u00e1u. D\u00f9ng cho \u0111au c\u01a1, th\u1ea5p kh\u1edbp v\u00e0 \u0111au d\u00e2y th\u1ea7n kinh. D\u00f9ng t\u1ea1i ch\u1ed7.<\/li>\n<\/ol>\n<p><strong>\u0110\u00f3ng g\u00f3i &amp; L\u01b0u tr\u1eef<\/strong><\/p>\n<p>Tr\u00e1nh xa ngu\u1ed3n g\u00e2y ch\u00e1y. B\u1ea3o qu\u1ea3n \u1edf n\u01a1i m\u00e1t m\u1ebb trong h\u1ed9p \u0111\u1ef1ng ban \u0111\u1ea7u v\u00e0 tr\u00e1nh \u00e1nh n\u1eafng m\u1eb7t tr\u1eddi. B\u1ea3o qu\u1ea3n trong h\u1ed9p \u0111\u1eady k\u00edn.<\/p>","protected":false},"excerpt":{"rendered":"<p>T\u00ean s\u1ea3n ph\u1ea9m: Nh\u1ef1a th\u00f4ng<br \/>\nS\u1ed1 hi\u1ec7u: 8006-64-2<br \/>\nNguy\u00ean t\u1eed: C12H20O7<br \/>\nNgo\u1ea1i quan: ch\u1ea5t l\u1ecfng trong su\u1ed1t kh\u00f4ng m\u00e0u ho\u1eb7c v\u00e0ng nh\u1ea1t<\/p>","protected":false},"featured_media":4793,"template":"","meta":{"_acf_changed":false,"_gspb_post_css":""},"product_brand":[],"product_cat":[61],"product_tag":[],"class_list":{"0":"post-5436","1":"product","2":"type-product","3":"status-publish","4":"has-post-thumbnail","6":"product_cat-flavor-and-fragrance","8":"first","9":"instock","10":"shipping-taxable","11":"product-type-simple"},"acf":[],"_links":{"self":[{"href":"https:\/\/wpachem.com\/vi\/wp-json\/wp\/v2\/product\/5436","targetHints":{"allow":["GET"]}}],"collection":[{"href":"https:\/\/wpachem.com\/vi\/wp-json\/wp\/v2\/product"}],"about":[{"href":"https:\/\/wpachem.com\/vi\/wp-json\/wp\/v2\/types\/product"}],"version-history":[{"count":0,"href":"https:\/\/wpachem.com\/vi\/wp-json\/wp\/v2\/product\/5436\/revisions"}],"wp:featuredmedia":[{"embeddable":true,"href":"https:\/\/wpachem.com\/vi\/wp-json\/wp\/v2\/media\/4793"}],"wp:attachment":[{"href":"https:\/\/wpachem.com\/vi\/wp-json\/wp\/v2\/media?parent=5436"}],"wp:term":[{"taxonomy":"product_brand","embeddable":true,"href":"https:\/\/wpachem.com\/vi\/wp-json\/wp\/v2\/product_brand?post=5436"},{"taxonomy":"product_cat","embeddable":true,"href":"https:\/\/wpachem.com\/vi\/wp-json\/wp\/v2\/product_cat?post=5436"},{"taxonomy":"product_tag","embeddable":true,"href":"https:\/\/wpachem.com\/vi\/wp-json\/wp\/v2\/product_tag?post=5436"}],"curies":[{"name":"wp","href":"https:\/\/api.w.org\/{rel}","templated":true}]}}