{"id":5438,"date":"2023-12-06T06:08:29","date_gmt":"2023-12-06T06:08:29","guid":{"rendered":"https:\/\/wpachem.com\/?post_type=product&#038;p=5438"},"modified":"2023-12-06T06:08:29","modified_gmt":"2023-12-06T06:08:29","slug":"methyl-eugenol-cas-93-15-2","status":"publish","type":"product","link":"https:\/\/wpachem.com\/vi\/product\/methyl-eugenol-cas-93-15-2\/","title":{"rendered":"Metyl eugenol CAS 93-15-2"},"content":{"rendered":"<p><strong>\u0110\u1eb7c \u0111i\u1ec3m<\/strong><\/p>\n<p>Ch\u1ea5t l\u1ecfng kh\u00f4ng m\u00e0u \u0111\u1ebfn h\u01a1i v\u00e0ng. \u0110i\u1ec3m s\u00f4i 249\u2103, t\u1ef7 tr\u1ecdng t\u01b0\u01a1ng \u0111\u1ed1i 1.032-1.036, chi\u1ebft su\u1ea5t 1.532-1.536, \u0111i\u1ec3m ch\u1edbp ch\u00e1y 99\u2103, h\u00f2a tan trong 2 th\u1ec3 t\u00edch etanol 70% v\u00e0 d\u1ea7u. C\u00f3 m\u00f9i th\u01a1m ng\u1ecdt c\u1ee7a hoa t\u1eed \u0111inh h\u01b0\u01a1ng v\u00e0 th\u00ec l\u00e0, gi\u1ed1ng nh\u01b0 hoa c\u1ea9m ch\u01b0\u1edbng, v\u1edbi h\u01b0\u01a1ng th\u01a1m trong su\u1ed1t v\u00e0 l\u00e2u h\u01a1n v\u00e0 h\u01b0\u01a1ng th\u01a1m nh\u1eb9 v\u00e0 th\u01a1m nh\u01b0 tr\u00e0.<\/p>\n<p><strong>\u1ee8ng d\u1ee5ng<\/strong><\/p>\n<p>C\u00f3 th\u1ec3 d\u00f9ng l\u00e0m ch\u1ea5t n\u00e2ng h\u01b0\u01a1ng \u0111inh h\u01b0\u01a1ng. C\u00f3 th\u1ec3 t\u1ea1o ra c\u00e1c ch\u1ea5t l\u1eafng \u0111\u1ecdng nh\u1eb9 trong h\u01b0\u01a1ng hoa, th\u1ea3o m\u1ed9c ho\u1eb7c h\u01b0\u01a1ng ph\u01b0\u01a1ng \u0110\u00f4ng. C\u00f3 th\u1ec3 d\u00f9ng m\u1ed9t l\u01b0\u1ee3ng nh\u1ecf hoa h\u1ed3ng, hoa c\u1ea9m ch\u01b0\u1edbng, hoa ng\u1ecdc lan t\u00e2y, hoa t\u1eed \u0111inh h\u01b0\u01a1ng, hoa d\u00e0nh d\u00e0nh, hoa l\u1ee5c b\u00ecnh, hoa alba, hoa hu\u1ec7, t\u00eda t\u00f4, hoa o\u1ea3i h\u01b0\u01a1ng, r\u01b0\u1ee3u rum nguy\u1ec7t qu\u1ebf, n\u01b0\u1edbc hoa nam v\u00e0 c\u00e1c lo\u1ea1i n\u01b0\u1edbc hoa kh\u00e1c, c\u0169ng c\u00f3 th\u1ec3 d\u00f9ng trong h\u01b0\u01a1ng li\u1ec7u th\u1ef1c ph\u1ea9m, ch\u1ee7 y\u1ebfu d\u00f9ng l\u00e0m ch\u1ea5t \u0111i\u1ec1u ch\u1ec9nh v\u1ecb cay, \u0111\u1ec3 cung c\u1ea5p h\u01b0\u01a1ng g\u1eebng, h\u01b0\u01a1ng thu\u1ed1c l\u00e1 c\u0169ng c\u00f3 th\u1ec3 d\u00f9ng.<\/p>\n<p><strong>\u0110\u00f3ng g\u00f3i &amp; L\u01b0u tr\u1eef<\/strong><\/p>\n<p>B\u1ea3o qu\u1ea3n trong h\u1ed9p \u0111\u1eady k\u00edn. B\u1ea3o qu\u1ea3n \u1edf n\u01a1i kh\u00f4 r\u00e1o, tho\u00e1ng m\u00e1t, tr\u00e1nh xa c\u00e1c ch\u1ea5t kh\u00f4ng t\u01b0\u01a1ng th\u00edch.<\/p>","protected":false},"excerpt":{"rendered":"<p>T\u00ean s\u1ea3n ph\u1ea9m: Methyl eugenol<br \/>\nS\u1ed1 CAS: 93-15-2<br \/>\nCh\u1ea5t trung gian: C10H12O2<br \/>\nNgo\u1ea1i quan: Ch\u1ea5t l\u1ecfng kh\u00f4ng m\u00e0u \u0111\u1ebfn h\u01a1i v\u00e0ng<\/p>","protected":false},"featured_media":3321,"template":"","meta":{"_acf_changed":false,"_gspb_post_css":""},"product_brand":[],"product_cat":[61],"product_tag":[],"class_list":{"0":"post-5438","1":"product","2":"type-product","3":"status-publish","4":"has-post-thumbnail","6":"product_cat-flavor-and-fragrance","8":"first","9":"instock","10":"shipping-taxable","11":"product-type-simple"},"acf":[],"_links":{"self":[{"href":"https:\/\/wpachem.com\/vi\/wp-json\/wp\/v2\/product\/5438","targetHints":{"allow":["GET"]}}],"collection":[{"href":"https:\/\/wpachem.com\/vi\/wp-json\/wp\/v2\/product"}],"about":[{"href":"https:\/\/wpachem.com\/vi\/wp-json\/wp\/v2\/types\/product"}],"version-history":[{"count":0,"href":"https:\/\/wpachem.com\/vi\/wp-json\/wp\/v2\/product\/5438\/revisions"}],"wp:featuredmedia":[{"embeddable":true,"href":"https:\/\/wpachem.com\/vi\/wp-json\/wp\/v2\/media\/3321"}],"wp:attachment":[{"href":"https:\/\/wpachem.com\/vi\/wp-json\/wp\/v2\/media?parent=5438"}],"wp:term":[{"taxonomy":"product_brand","embeddable":true,"href":"https:\/\/wpachem.com\/vi\/wp-json\/wp\/v2\/product_brand?post=5438"},{"taxonomy":"product_cat","embeddable":true,"href":"https:\/\/wpachem.com\/vi\/wp-json\/wp\/v2\/product_cat?post=5438"},{"taxonomy":"product_tag","embeddable":true,"href":"https:\/\/wpachem.com\/vi\/wp-json\/wp\/v2\/product_tag?post=5438"}],"curies":[{"name":"wp","href":"https:\/\/api.w.org\/{rel}","templated":true}]}}