{"id":5440,"date":"2023-12-06T06:16:03","date_gmt":"2023-12-06T06:16:03","guid":{"rendered":"https:\/\/wpachem.com\/?post_type=product&#038;p=5440"},"modified":"2023-12-06T06:16:04","modified_gmt":"2023-12-06T06:16:04","slug":"eugenol-cas-97-53-0","status":"publish","type":"product","link":"https:\/\/wpachem.com\/vi\/product\/eugenol-cas-97-53-0\/","title":{"rendered":"Eugenol CAS 97-53-0"},"content":{"rendered":"<p><strong>\u0110\u1eb7c \u0111i\u1ec3m<\/strong><\/p>\n<p>Eugenol c\u00f3 trong c\u00e1c lo\u1ea1i tinh d\u1ea7u nh\u01b0 tinh d\u1ea7u \u0111inh h\u01b0\u01a1ng, tinh d\u1ea7u h\u00fang qu\u1ebf v\u00e0 tinh d\u1ea7u qu\u1ebf. \u0110\u00e2y l\u00e0 ch\u1ea5t l\u1ecfng nh\u1eddn \u0111\u1eb7c kh\u00f4ng m\u00e0u \u0111\u1ebfn v\u00e0ng nh\u1ea1t c\u00f3 m\u00f9i \u0111inh h\u01b0\u01a1ng n\u1ed3ng v\u00e0 h\u01b0\u01a1ng th\u01a1m n\u1ed3ng.<\/p>\n<p><strong>\u1ee8ng d\u1ee5ng<\/strong><\/p>\n<ol>\n<li>\u0110\u00e2y l\u00e0 h\u01b0\u01a1ng th\u01a1m c\u1ee7a hoa c\u1ea9m ch\u01b0\u1edbng. \u0110\u01b0\u1ee3c s\u1eed d\u1ee5ng r\u1ed9ng r\u00e3i trong h\u01b0\u01a1ng th\u01a1m c\u1ee7a c\u00e2y sim v\u00e0 c\u00e1c lo\u1ea1i n\u01b0\u1edbc hoa kh\u00e1c, c\u00f3 th\u1ec3 \u0111\u01b0\u1ee3c s\u1eed d\u1ee5ng nh\u01b0 m\u1ed9t ch\u1ea5t \u0111i\u1ec1u ch\u1ec9nh v\u00e0 ch\u1ea5t c\u1ed1 \u0111\u1ecbnh, v\u1edbi x\u00e0 ph\u00f2ng m\u00e0u \u0111\u1ec3 th\u00eam h\u01b0\u01a1ng th\u01a1m. C\u00f3 th\u1ec3 \u0111\u01b0\u1ee3c s\u1eed d\u1ee5ng cho nhi\u1ec1u lo\u1ea1i n\u01b0\u1edbc hoa nh\u01b0 hoa h\u1ed3ng v\u00e0 c\u00e1c lo\u1ea1i kh\u00e1c. N\u00f3 c\u0169ng c\u00f3 th\u1ec3 \u0111\u01b0\u1ee3c s\u1eed d\u1ee5ng trong gia v\u1ecb, g\u1ed7, ph\u01b0\u01a1ng \u0110\u00f4ng v\u00e0 li\u1ec7u ph\u00e1p h\u01b0\u01a1ng th\u01a1m, v\u00e0 c\u0169ng c\u00f3 th\u1ec3 \u0111\u01b0\u1ee3c s\u1eed d\u1ee5ng trong gia v\u1ecb \u0103n \u0111\u01b0\u1ee3c, b\u1ea1c h\u00e0, c\u00e1c lo\u1ea1i h\u1ea1t, nhi\u1ec1u lo\u1ea1i tr\u00e1i c\u00e2y, ch\u00e0 l\u00e0 v\u00e0 c\u00e1c h\u01b0\u01a1ng v\u1ecb kh\u00e1c v\u00e0 h\u01b0\u01a1ng thu\u1ed1c l\u00e1.<\/li>\n<li>Eugenol c\u00f3 m\u00f9i x\u1ea1 h\u01b0\u01a1ng m\u1ea1nh m\u1ebd c\u1ee7a hoa c\u1ea9m ch\u01b0\u1edbng, l\u00e0 c\u01a1 s\u1edf \u0111\u1ec3 pha tr\u1ed9n h\u01b0\u01a1ng v\u1ecb s\u1ee9c kh\u1ecfe v\u00e0 tim m\u1ea1ch. N\u00f3 \u0111\u01b0\u1ee3c s\u1eed d\u1ee5ng trong vi\u1ec7c pha tr\u1ed9n h\u01b0\u01a1ng v\u1ecb m\u1ef9 ph\u1ea9m, x\u00e0 ph\u00f2ng v\u00e0 th\u1ef1c ph\u1ea9m.<\/li>\n<li>N\u00f3 \u0111\u01b0\u1ee3c s\u1eed d\u1ee5ng \u0111\u1ec3 ch\u1ebf bi\u1ebfn h\u01b0\u01a1ng hoa c\u1ea9m ch\u01b0\u1edbng, isoeugenol v\u00e0 vanillin, v.v. N\u00f3 c\u0169ng \u0111\u01b0\u1ee3c s\u1eed d\u1ee5ng l\u00e0m thu\u1ed1c tr\u1eeb s\u00e2u v\u00e0 ch\u1ea5t b\u1ea3o qu\u1ea3n.<\/li>\n<li>GB 2760-96 quy \u0111\u1ecbnh vi\u1ec7c s\u1eed d\u1ee5ng \u0111\u01b0\u1ee3c ph\u00e9p c\u1ee7a gia v\u1ecb \u0103n \u0111\u01b0\u1ee3c. Ch\u1ee7 y\u1ebfu d\u00f9ng \u0111\u1ec3 ch\u1ebf bi\u1ebfn gi\u0103m b\u00f4ng hun kh\u00f3i, h\u1ea1t v\u00e0 gia v\u1ecb v\u00e0 c\u00e1c h\u01b0\u01a1ng v\u1ecb kh\u00e1c. C\u0169ng l\u00e0 nguy\u00ean li\u1ec7u ch\u00ednh \u0111\u1ec3 t\u1ed5ng h\u1ee3p vanillin.<\/li>\n<li>Ch\u1ee7 y\u1ebfu d\u00f9ng \u0111\u1ec3 kh\u00e1ng khu\u1ea9n, h\u1ea1 huy\u1ebft \u00e1p.<\/li>\n<\/ol>\n<p><strong>\u0110\u00f3ng g\u00f3i &amp; L\u01b0u tr\u1eef<\/strong><\/p>\n<p>Gi\u1eef b\u00ecnh ch\u1ee9a \u0111\u00f3ng ch\u1eb7t \u1edf n\u01a1i kh\u00f4 r\u00e1o v\u00e0 th\u00f4ng gi\u00f3 t\u1ed1t. B\u1ea3o qu\u1ea3n \u1edf n\u01a1i m\u00e1t m\u1ebb. B\u1ea3o qu\u1ea3n trong kh\u00ed tr\u01a1. Nh\u1ea1y c\u1ea3m v\u1edbi kh\u00f4ng kh\u00ed.<\/p>","protected":false},"excerpt":{"rendered":"<p>T\u00ean s\u1ea3n ph\u1ea9m: Eugenol<br \/>\nS\u1ed1 CAS: 97-53-0<br \/>\nCh\u1ea5t trung gian: C10H12O2<br \/>\nNgo\u1ea1i quan: ch\u1ea5t l\u1ecfng nh\u1eddn \u0111\u1eb7c kh\u00f4ng m\u00e0u \u0111\u1ebfn v\u00e0ng nh\u1ea1t<\/p>","protected":false},"featured_media":4788,"template":"","meta":{"_acf_changed":false,"_gspb_post_css":""},"product_brand":[],"product_cat":[61],"product_tag":[],"class_list":{"0":"post-5440","1":"product","2":"type-product","3":"status-publish","4":"has-post-thumbnail","6":"product_cat-flavor-and-fragrance","8":"first","9":"instock","10":"shipping-taxable","11":"product-type-simple"},"acf":[],"_links":{"self":[{"href":"https:\/\/wpachem.com\/vi\/wp-json\/wp\/v2\/product\/5440","targetHints":{"allow":["GET"]}}],"collection":[{"href":"https:\/\/wpachem.com\/vi\/wp-json\/wp\/v2\/product"}],"about":[{"href":"https:\/\/wpachem.com\/vi\/wp-json\/wp\/v2\/types\/product"}],"version-history":[{"count":0,"href":"https:\/\/wpachem.com\/vi\/wp-json\/wp\/v2\/product\/5440\/revisions"}],"wp:featuredmedia":[{"embeddable":true,"href":"https:\/\/wpachem.com\/vi\/wp-json\/wp\/v2\/media\/4788"}],"wp:attachment":[{"href":"https:\/\/wpachem.com\/vi\/wp-json\/wp\/v2\/media?parent=5440"}],"wp:term":[{"taxonomy":"product_brand","embeddable":true,"href":"https:\/\/wpachem.com\/vi\/wp-json\/wp\/v2\/product_brand?post=5440"},{"taxonomy":"product_cat","embeddable":true,"href":"https:\/\/wpachem.com\/vi\/wp-json\/wp\/v2\/product_cat?post=5440"},{"taxonomy":"product_tag","embeddable":true,"href":"https:\/\/wpachem.com\/vi\/wp-json\/wp\/v2\/product_tag?post=5440"}],"curies":[{"name":"wp","href":"https:\/\/api.w.org\/{rel}","templated":true}]}}