{"id":5488,"date":"2023-12-14T08:22:52","date_gmt":"2023-12-14T08:22:52","guid":{"rendered":"https:\/\/wpachem.com\/?post_type=product&#038;p=5488"},"modified":"2023-12-14T08:22:52","modified_gmt":"2023-12-14T08:22:52","slug":"cis-3-hexen-1-ol-cas-928-96-1","status":"publish","type":"product","link":"https:\/\/wpachem.com\/vi\/product\/cis-3-hexen-1-ol-cas-928-96-1\/","title":{"rendered":"Cis-3-hexen-1-ol CAS 928-96-1"},"content":{"rendered":"<p><strong>\u0110\u1eb7c \u0111i\u1ec3m<\/strong><\/p>\n<p>\u1ede nhi\u1ec7t \u0111\u1ed9 ph\u00f2ng v\u00e0 \u00e1p su\u1ea5t, n\u00f3 l\u00e0 ch\u1ea5t l\u1ecfng kh\u00f4ng m\u00e0u \u0111\u1ebfn v\u00e0ng nh\u1ea1t, c\u00f3 m\u00f9i th\u01a1m n\u1ed3ng c\u1ee7a c\u1ecf Liu m\u1edbi v\u00e0 l\u00e1 xanh v\u00e0 h\u01b0\u01a1ng tr\u00e1i c\u00e2y. N\u00f3 c\u00f3 \u0111\u1ed9 bay h\u01a1i th\u1ea5p v\u00e0 \u0111\u1ed9 h\u00f2a tan t\u1ed1t trong Chemicalbook. N\u00f3 c\u00f3 kh\u1ea3 n\u0103ng ph\u1ea3n \u1ee9ng cao, d\u1ec5 x\u1ea3y ra ph\u1ea3n \u1ee9ng c\u1ed9ng, este h\u00f3a, r\u01b0\u1ee3u h\u00f3a v\u00e0 c\u00e1c ph\u1ea3n \u1ee9ng kh\u00e1c, ngo\u00e0i ra, h\u1ee3p ch\u1ea5t n\u00e0y c\u0169ng d\u1ec5 b\u1ecb oxy h\u00f3a \u0111\u1ec3 t\u1ea1o ra axit, andehit, axit cacboxylic v\u00e0 c\u00e1c s\u1ea3n ph\u1ea9m kh\u00e1c.<\/p>\n<p><strong>\u1ee8ng d\u1ee5ng<\/strong><\/p>\n<p>D\u00f9ng \u0111\u1ec3 ch\u1ebf bi\u1ebfn c\u00e1c m\u00f3n \u0103n v\u00e0 h\u01b0\u01a1ng v\u1ecb h\u00e0ng ng\u00e0y<\/p>\n<p><strong>\u0110\u00f3ng g\u00f3i &amp; L\u01b0u tr\u1eef<\/strong><\/p>\n<p>B\u1ea3o qu\u1ea3n \u1edf n\u01a1i m\u00e1t m\u1ebb. Gi\u1eef h\u1ed9p \u0111\u1ef1ng \u0111\u00f3ng ch\u1eb7t \u1edf n\u01a1i kh\u00f4 r\u00e1o v\u00e0 th\u00f4ng gi\u00f3 t\u1ed1t. C\u00e1c h\u1ed9p \u0111\u1ef1ng \u0111\u00e3 m\u1edf ph\u1ea3i \u0111\u01b0\u1ee3c \u0111\u1eady k\u00edn c\u1ea9n th\u1eadn v\u00e0 gi\u1eef th\u1eb3ng \u0111\u1ee9ng \u0111\u1ec3 tr\u00e1nh r\u00f2 r\u1ec9.<\/p>","protected":false},"excerpt":{"rendered":"<p>T\u00ean s\u1ea3n ph\u1ea9m: Cis-3-hexen-1-ol<br \/>\nS\u1ed1 hi\u1ec7u: 928-96-1<br \/>\nNguy\u00ean t\u1eed: C10H18O<br \/>\nNgo\u1ea1i quan: ch\u1ea5t l\u1ecfng kh\u00f4ng m\u00e0u \u0111\u1ebfn v\u00e0ng nh\u1ea1t<\/p>","protected":false},"featured_media":3321,"template":"","meta":{"_acf_changed":false,"_gspb_post_css":""},"product_brand":[],"product_cat":[61],"product_tag":[],"class_list":{"0":"post-5488","1":"product","2":"type-product","3":"status-publish","4":"has-post-thumbnail","6":"product_cat-flavor-and-fragrance","8":"first","9":"instock","10":"shipping-taxable","11":"product-type-simple"},"acf":[],"_links":{"self":[{"href":"https:\/\/wpachem.com\/vi\/wp-json\/wp\/v2\/product\/5488","targetHints":{"allow":["GET"]}}],"collection":[{"href":"https:\/\/wpachem.com\/vi\/wp-json\/wp\/v2\/product"}],"about":[{"href":"https:\/\/wpachem.com\/vi\/wp-json\/wp\/v2\/types\/product"}],"version-history":[{"count":0,"href":"https:\/\/wpachem.com\/vi\/wp-json\/wp\/v2\/product\/5488\/revisions"}],"wp:featuredmedia":[{"embeddable":true,"href":"https:\/\/wpachem.com\/vi\/wp-json\/wp\/v2\/media\/3321"}],"wp:attachment":[{"href":"https:\/\/wpachem.com\/vi\/wp-json\/wp\/v2\/media?parent=5488"}],"wp:term":[{"taxonomy":"product_brand","embeddable":true,"href":"https:\/\/wpachem.com\/vi\/wp-json\/wp\/v2\/product_brand?post=5488"},{"taxonomy":"product_cat","embeddable":true,"href":"https:\/\/wpachem.com\/vi\/wp-json\/wp\/v2\/product_cat?post=5488"},{"taxonomy":"product_tag","embeddable":true,"href":"https:\/\/wpachem.com\/vi\/wp-json\/wp\/v2\/product_tag?post=5488"}],"curies":[{"name":"wp","href":"https:\/\/api.w.org\/{rel}","templated":true}]}}