{"id":5490,"date":"2023-12-14T08:29:04","date_gmt":"2023-12-14T08:29:04","guid":{"rendered":"https:\/\/wpachem.com\/?post_type=product&#038;p=5490"},"modified":"2023-12-14T08:42:05","modified_gmt":"2023-12-14T08:42:05","slug":"terpineol-cas-8000-41-7","status":"publish","type":"product","link":"https:\/\/wpachem.com\/vi\/product\/terpineol-cas-8000-41-7\/","title":{"rendered":"Terpineol CAS 8000-41-7"},"content":{"rendered":"<p><strong>\u0110\u1eb7c \u0111i\u1ec3m<\/strong><\/p>\n<p>Ch\u1ea5t l\u1ecfng kh\u00f4ng m\u00e0u ho\u1eb7c tinh th\u1ec3 trong su\u1ed1t c\u00f3 \u0111i\u1ec3m n\u00f3ng ch\u1ea3y th\u1ea5p, c\u00f3 h\u01b0\u01a1ng \u0111inh h\u01b0\u01a1ng. 1 ph\u1ea7n terpinol h\u00f2a tan trong 2 ph\u1ea7n (70% theo th\u1ec3 t\u00edch) dung d\u1ecbch ethanol, \u00edt tan trong n\u01b0\u1edbc v\u00e0 glycerol.<\/p>\n<p><strong>\u1ee8ng d\u1ee5ng<\/strong><\/p>\n<p>N\u00f3 c\u0169ng \u0111\u01b0\u1ee3c s\u1eed d\u1ee5ng trong y h\u1ecdc, thu\u1ed1c tr\u1eeb s\u00e2u, nh\u1ef1a, x\u00e0 ph\u00f2ng, c\u00f4ng nghi\u1ec7p m\u1ef1c in v\u00e0 l\u00e0m dung m\u00f4i cho m\u00e0u c\u1ee7a \u0111\u1ed3 th\u1ee7y tinh. Ch\u1ee7 y\u1ebfu \u0111\u01b0\u1ee3c s\u1eed d\u1ee5ng trong vi\u1ec7c ch\u1ebf bi\u1ebfn hoa t\u1eed \u0111inh h\u01b0\u01a1ng, hoa linh lan, c\u00e2y keo, hoa cam v\u00e0 c\u00e1c lo\u1ea1i x\u00e0 ph\u00f2ng th\u01a1m kh\u00e1c, tinh ch\u1ea5t m\u1ef9 ph\u1ea9m. \u03b1-terpinol tinh khi\u1ebft c\u00f3 th\u1ec3 ch\u1ebf bi\u1ebfn chanh, cam, \u0111\u00e0o v\u00e0 c\u00e1c h\u01b0\u01a1ng v\u1ecb \u0103n \u0111\u01b0\u1ee3c kh\u00e1c. Nhi\u1ec1u h\u1ee3p ch\u1ea5t este \u0111\u01b0\u1ee3c ch\u1ebf bi\u1ebfn t\u1eeb terpinol c\u0169ng l\u00e0 gia v\u1ecb t\u1ed1t.<\/p>\n<p><strong>\u0110\u00f3ng g\u00f3i &amp; L\u01b0u tr\u1eef<\/strong><\/p>\n<p>B\u1ea3o qu\u1ea3n trong h\u1ed9p k\u00edn \u1edf n\u01a1i kh\u00f4 r\u00e1o, tho\u00e1ng m\u00e1t, th\u00f4ng gi\u00f3 t\u1ed1t. B\u1ea3o qu\u1ea3n ri\u00eang v\u1edbi h\u1ed9p \u0111\u1ef1ng th\u1ef1c ph\u1ea9m ho\u1eb7c v\u1eadt li\u1ec7u kh\u00f4ng t\u01b0\u01a1ng th\u00edch.<\/p>","protected":false},"excerpt":{"rendered":"<p>T\u00ean s\u1ea3n ph\u1ea9m: Terpineol<br \/>\nS\u1ed1 CAS: 8000-41-7<br \/>\nNguy\u00ean t\u1eed: C10H18O<br \/>\nNgo\u1ea1i quan: Ch\u1ea5t l\u1ecfng kh\u00f4ng m\u00e0u ho\u1eb7c tinh th\u1ec3 trong su\u1ed1t<\/p>","protected":false},"featured_media":3321,"template":"","meta":{"_acf_changed":false,"_gspb_post_css":""},"product_brand":[],"product_cat":[61],"product_tag":[],"class_list":{"0":"post-5490","1":"product","2":"type-product","3":"status-publish","4":"has-post-thumbnail","6":"product_cat-flavor-and-fragrance","8":"first","9":"instock","10":"shipping-taxable","11":"product-type-simple"},"acf":[],"_links":{"self":[{"href":"https:\/\/wpachem.com\/vi\/wp-json\/wp\/v2\/product\/5490","targetHints":{"allow":["GET"]}}],"collection":[{"href":"https:\/\/wpachem.com\/vi\/wp-json\/wp\/v2\/product"}],"about":[{"href":"https:\/\/wpachem.com\/vi\/wp-json\/wp\/v2\/types\/product"}],"version-history":[{"count":0,"href":"https:\/\/wpachem.com\/vi\/wp-json\/wp\/v2\/product\/5490\/revisions"}],"wp:featuredmedia":[{"embeddable":true,"href":"https:\/\/wpachem.com\/vi\/wp-json\/wp\/v2\/media\/3321"}],"wp:attachment":[{"href":"https:\/\/wpachem.com\/vi\/wp-json\/wp\/v2\/media?parent=5490"}],"wp:term":[{"taxonomy":"product_brand","embeddable":true,"href":"https:\/\/wpachem.com\/vi\/wp-json\/wp\/v2\/product_brand?post=5490"},{"taxonomy":"product_cat","embeddable":true,"href":"https:\/\/wpachem.com\/vi\/wp-json\/wp\/v2\/product_cat?post=5490"},{"taxonomy":"product_tag","embeddable":true,"href":"https:\/\/wpachem.com\/vi\/wp-json\/wp\/v2\/product_tag?post=5490"}],"curies":[{"name":"wp","href":"https:\/\/api.w.org\/{rel}","templated":true}]}}