{"id":5514,"date":"2023-12-21T08:36:15","date_gmt":"2023-12-21T08:36:15","guid":{"rendered":"https:\/\/wpachem.com\/?post_type=product&#038;p=5514"},"modified":"2024-01-31T05:51:31","modified_gmt":"2024-01-31T05:51:31","slug":"dihydroxypropane-cas-57-55-6","status":"publish","type":"product","link":"https:\/\/wpachem.com\/vi\/product\/dihydroxypropane-cas-57-55-6\/","title":{"rendered":"Dihydroxypropan CAS 57-55-6"},"content":{"rendered":"<p><strong>\u0110\u1eb7c \u0111i\u1ec3m<\/strong><\/p>\n<p>Ch\u1ea5t l\u1ecfng nh\u1edbt kh\u00f4ng m\u00e0u ho\u1eb7c h\u01a1i v\u00e0ng, h\u01a1i m\u1eb7n v\u00e0 lo\u00e3ng. Ch\u1ee7 y\u1ebfu d\u00f9ng \u0111\u1ec3 s\u1ea3n xu\u1ea5t polyester polypropylene terephthalate (PTT) m\u1edbi. PTT kh\u00f4ng ch\u1ec9 c\u00f3 \u0111\u1ed9 \u1ed5n \u0111\u1ecbnh h\u00f3a h\u1ecdc c\u1ee7a polyethylene terephthalate (PET) m\u00e0 c\u00f2n c\u00f3 kh\u1ea3 n\u0103ng ph\u1ee5c h\u1ed3i v\u00e0 ch\u1ed1ng \u00f4 nhi\u1ec5m t\u1ed1t, v\u00ec v\u1eady c\u00f3 tri\u1ec3n v\u1ecdng \u1ee9ng d\u1ee5ng t\u1ed1t trong l\u0129nh v\u1ef1c d\u1ec7t may.<\/p>\n<p><strong>\u1ee8ng d\u1ee5ng<\/strong><\/p>\n<ol>\n<li>N\u00f3 c\u0169ng c\u00f3 th\u1ec3 \u0111\u01b0\u1ee3c s\u1eed d\u1ee5ng l\u00e0m ch\u1ea5t ch\u1ed1ng \u0111\u00f4ng, ch\u1ea5t nh\u0169 h\u00f3a v\u00e0 c\u00e1c nguy\u00ean li\u1ec7u h\u00f3a h\u1ecdc m\u1ecbn kh\u00e1c.<\/li>\n<li>N\u00f3 c\u00f3 th\u1ec3 \u0111\u01b0\u1ee3c s\u1eed d\u1ee5ng \u0111\u1ec3 t\u1ed5ng h\u1ee3p nhi\u1ec1u lo\u1ea1i thu\u1ed1c, polyester PTT m\u1edbi, c\u00e1c s\u1ea3n ph\u1ea9m trung gian d\u01b0\u1ee3c ph\u1ea9m v\u00e0 ch\u1ea5t ch\u1ed1ng oxy h\u00f3a m\u1edbi.<\/li>\n<\/ol>\n<p><strong>\u0110\u00f3ng g\u00f3i &amp; L\u01b0u tr\u1eef<\/strong><\/p>\n<p>B\u1ea3o qu\u1ea3n n\u01a1i tho\u00e1ng m\u00e1t. \u0110\u1eady k\u00edn h\u1ed9p \u0111\u1ef1ng \u1edf n\u01a1i kh\u00f4 r\u00e1o, th\u00f4ng gi\u00f3 t\u1ed1t.<\/p>","protected":false},"excerpt":{"rendered":"<p>T\u00ean s\u1ea3n ph\u1ea9m: Dihydroxypropane<br \/>\nS\u1ed1 CAS: 57-55-6<br \/>\nCh\u1ea5t trung gian: C3H8O2<br \/>\nNgo\u1ea1i quan: Ch\u1ea5t l\u1ecfng nh\u1edbt kh\u00f4ng m\u00e0u ho\u1eb7c h\u01a1i v\u00e0ng<\/p>","protected":false},"featured_media":4888,"template":"","meta":{"_acf_changed":false,"_gspb_post_css":""},"product_brand":[],"product_cat":[60],"product_tag":[],"class_list":{"0":"post-5514","1":"product","2":"type-product","3":"status-publish","4":"has-post-thumbnail","6":"product_cat-cosmetic-ingredients","8":"first","9":"instock","10":"shipping-taxable","11":"product-type-simple"},"acf":[],"_links":{"self":[{"href":"https:\/\/wpachem.com\/vi\/wp-json\/wp\/v2\/product\/5514","targetHints":{"allow":["GET"]}}],"collection":[{"href":"https:\/\/wpachem.com\/vi\/wp-json\/wp\/v2\/product"}],"about":[{"href":"https:\/\/wpachem.com\/vi\/wp-json\/wp\/v2\/types\/product"}],"version-history":[{"count":0,"href":"https:\/\/wpachem.com\/vi\/wp-json\/wp\/v2\/product\/5514\/revisions"}],"wp:featuredmedia":[{"embeddable":true,"href":"https:\/\/wpachem.com\/vi\/wp-json\/wp\/v2\/media\/4888"}],"wp:attachment":[{"href":"https:\/\/wpachem.com\/vi\/wp-json\/wp\/v2\/media?parent=5514"}],"wp:term":[{"taxonomy":"product_brand","embeddable":true,"href":"https:\/\/wpachem.com\/vi\/wp-json\/wp\/v2\/product_brand?post=5514"},{"taxonomy":"product_cat","embeddable":true,"href":"https:\/\/wpachem.com\/vi\/wp-json\/wp\/v2\/product_cat?post=5514"},{"taxonomy":"product_tag","embeddable":true,"href":"https:\/\/wpachem.com\/vi\/wp-json\/wp\/v2\/product_tag?post=5514"}],"curies":[{"name":"wp","href":"https:\/\/api.w.org\/{rel}","templated":true}]}}