{"id":5520,"date":"2023-12-21T08:59:43","date_gmt":"2023-12-21T08:59:43","guid":{"rendered":"https:\/\/wpachem.com\/?post_type=product&#038;p=5520"},"modified":"2024-01-31T05:37:20","modified_gmt":"2024-01-31T05:37:20","slug":"squalane-cas-111-01-3","status":"publish","type":"product","link":"https:\/\/wpachem.com\/vi\/product\/squalane-cas-111-01-3\/","title":{"rendered":"Squalane CAS 111-01-3"},"content":{"rendered":"<p><strong>\u0110\u1eb7c \u0111i\u1ec3m<\/strong><\/p>\n<p>Squalane tinh ch\u1ebf l\u00e0 ch\u1ea5t l\u1ecfng nh\u1edbt nh\u1eddn trong su\u1ed1t kh\u00f4ng m\u00e0u, kh\u00f4ng v\u1ecb, kh\u00f4ng m\u00f9i, tr\u01a1. \u0110\u1ed9 th\u1ea9m th\u1ea5u, \u0111\u1ed9 b\u00f4i tr\u01a1n v\u00e0 \u0111\u1ed9 th\u1ea9m th\u1ea5u c\u1ee7a n\u00f3 t\u1ed1t h\u01a1n c\u00e1c lo\u1ea1i d\u1ea7u kh\u00e1c v\u00e0 ph\u00f9 h\u1ee3p v\u1edbi h\u1ea7u h\u1ebft c\u00e1c nguy\u00ean li\u1ec7u m\u1ef9 ph\u1ea9m.<\/p>\n<p><strong>\u1ee8ng d\u1ee5ng<\/strong><\/p>\n<p>C\u00f3 th\u1ec3 d\u00f9ng l\u00e0m nguy\u00ean li\u1ec7u d\u1ea7u th\u00f4 c\u1ee7a m\u1ef9 ph\u1ea9m c\u01a1 b\u1ea3n nh\u01b0 son d\u01b0\u1ee1ng v\u00e0 nh\u0169 t\u01b0\u01a1ng dinh d\u01b0\u1ee1ng. Squalene cung c\u1ea5p oxy v\u00e0 ch\u1ea5t dinh d\u01b0\u1ee1ng cho t\u1ebf b\u00e0o, th\u00fac \u0111\u1ea9y qu\u00e1 tr\u00ecnh trao \u0111\u1ed5i ch\u1ea5t c\u1ee7a t\u1ebf b\u00e0o, t\u1ea1o th\u00e0nh m\u00e0ng b\u00e3 nh\u1eddn \u1edf l\u1edbp ngo\u00e0i c\u1ee7a da, ng\u0103n ng\u1eeba m\u1ea5t n\u01b0\u1edbc v\u00e0 b\u1ea3o v\u1ec7 da kh\u1ecfi vi khu\u1ea9n, b\u1ee5i v\u00e0 t\u00e1c h\u1ea1i c\u1ee7a tia UV.<\/p>\n<p><strong>\u0110\u00f3ng g\u00f3i &amp; L\u01b0u tr\u1eef<\/strong><\/p>\n<p>B\u1ea3o qu\u1ea3n n\u01a1i tho\u00e1ng m\u00e1t. \u0110\u1eady k\u00edn h\u1ed9p \u0111\u1ef1ng \u1edf n\u01a1i kh\u00f4 r\u00e1o, th\u00f4ng gi\u00f3 t\u1ed1t.<\/p>","protected":false},"excerpt":{"rendered":"<p>T\u00ean s\u1ea3n ph\u1ea9m: squalane th\u1ef1c v\u1eadt<br \/>\nS\u1ed1 hi\u1ec7u: 111-01-3<br \/>\nMF: C30H62<br \/>\nNgo\u1ea1i quan: ch\u1ea5t l\u1ecfng nh\u1edbt nh\u1eddn trong su\u1ed1t kh\u00f4ng m\u00e0u, kh\u00f4ng v\u1ecb, kh\u00f4ng m\u00f9i, tr\u01a1<\/p>","protected":false},"featured_media":3321,"template":"","meta":{"_acf_changed":false,"_gspb_post_css":""},"product_brand":[],"product_cat":[60],"product_tag":[],"class_list":{"0":"post-5520","1":"product","2":"type-product","3":"status-publish","4":"has-post-thumbnail","6":"product_cat-cosmetic-ingredients","8":"first","9":"instock","10":"shipping-taxable","11":"product-type-simple"},"acf":[],"_links":{"self":[{"href":"https:\/\/wpachem.com\/vi\/wp-json\/wp\/v2\/product\/5520","targetHints":{"allow":["GET"]}}],"collection":[{"href":"https:\/\/wpachem.com\/vi\/wp-json\/wp\/v2\/product"}],"about":[{"href":"https:\/\/wpachem.com\/vi\/wp-json\/wp\/v2\/types\/product"}],"version-history":[{"count":0,"href":"https:\/\/wpachem.com\/vi\/wp-json\/wp\/v2\/product\/5520\/revisions"}],"wp:featuredmedia":[{"embeddable":true,"href":"https:\/\/wpachem.com\/vi\/wp-json\/wp\/v2\/media\/3321"}],"wp:attachment":[{"href":"https:\/\/wpachem.com\/vi\/wp-json\/wp\/v2\/media?parent=5520"}],"wp:term":[{"taxonomy":"product_brand","embeddable":true,"href":"https:\/\/wpachem.com\/vi\/wp-json\/wp\/v2\/product_brand?post=5520"},{"taxonomy":"product_cat","embeddable":true,"href":"https:\/\/wpachem.com\/vi\/wp-json\/wp\/v2\/product_cat?post=5520"},{"taxonomy":"product_tag","embeddable":true,"href":"https:\/\/wpachem.com\/vi\/wp-json\/wp\/v2\/product_tag?post=5520"}],"curies":[{"name":"wp","href":"https:\/\/api.w.org\/{rel}","templated":true}]}}