{"id":5594,"date":"2024-01-03T09:40:29","date_gmt":"2024-01-03T09:40:29","guid":{"rendered":"https:\/\/wpapigments.com\/?post_type=product&amp;p=5594"},"modified":"2024-01-03T09:40:29","modified_gmt":"2024-01-03T09:40:29","slug":"pigment-yellow-13-permanent-yellow-txl-p-y-13-cas-no-5102-83-0","status":"publish","type":"product","link":"https:\/\/wpachem.com\/vi\/product\/pigment-yellow-13-permanent-yellow-txl-p-y-13-cas-no-5102-83-0\/","title":{"rendered":"S\u1eafc t\u1ed1 v\u00e0ng 13 (V\u00e0ng v\u0129nh vi\u1ec5n TXL)\/PY13 CAS s\u1ed1 5102-83-0"},"content":{"rendered":"<p><strong>\u0110\u1eb7c \u0111i\u1ec3m<\/strong><\/p>\n<p><strong><b>Thu\u1ed9c t\u00ednh c\u1ee7a con ng\u01b0\u1eddi<\/b><\/strong>: \u0110\u1ed9 b\u00f3ng cao, g\u1ed1c dung m\u00f4i<\/p>\n<p><strong><b>\u1ee8ng d\u1ee5ng:<\/b><\/strong><\/p>\n<p><strong><b>M\u1ef1c s\u1eed d\u1ee5ng: <\/b><\/strong>M\u1ef1c in Offset, M\u1ef1c g\u1ed1c n\u01b0\u1edbc, M\u1ef1c g\u1ed1c dung m\u00f4i.<\/p>","protected":false},"excerpt":{"rendered":"<p><strong>T\u00ean s\u1ea3n ph\u1ea9m:<\/strong>\u00a0V\u00e0ng v\u0129nh c\u1eedu TXL<\/p>\n<p><strong>Ch\u1ec9 s\u1ed1 m\u00e0u:<\/strong>\u00a0N\u0103m 13<\/p>\n<p><strong>V\u1ebb b\u1ec1 ngo\u00e0i:<\/strong>\u00a0B\u1ed9t m\u00e0u v\u00e0ng<\/p>\n<p><strong>S\u1ed1 CAS:<\/strong><strong>\u00a0<\/strong>6358-85-6<\/p>\n<p><strong>T\u00ean kh\u00e1c:\u00a0<\/strong>S\u1eafc t\u1ed1 v\u00e0ng 13\/v\u00e0ng amazon x2485\/s\u01a1n m\u00e0i benzidine v\u00e0ng g<\/p>","protected":false},"featured_media":7620,"template":"","meta":{"_acf_changed":false,"_gspb_post_css":""},"product_brand":[],"product_cat":[162],"product_tag":[],"class_list":{"0":"post-5594","1":"product","2":"type-product","3":"status-publish","4":"has-post-thumbnail","6":"product_cat-for-inks","8":"first","9":"instock","10":"shipping-taxable","11":"product-type-simple"},"acf":[],"_links":{"self":[{"href":"https:\/\/wpachem.com\/vi\/wp-json\/wp\/v2\/product\/5594","targetHints":{"allow":["GET"]}}],"collection":[{"href":"https:\/\/wpachem.com\/vi\/wp-json\/wp\/v2\/product"}],"about":[{"href":"https:\/\/wpachem.com\/vi\/wp-json\/wp\/v2\/types\/product"}],"version-history":[{"count":0,"href":"https:\/\/wpachem.com\/vi\/wp-json\/wp\/v2\/product\/5594\/revisions"}],"wp:featuredmedia":[{"embeddable":true,"href":"https:\/\/wpachem.com\/vi\/wp-json\/wp\/v2\/media\/7620"}],"wp:attachment":[{"href":"https:\/\/wpachem.com\/vi\/wp-json\/wp\/v2\/media?parent=5594"}],"wp:term":[{"taxonomy":"product_brand","embeddable":true,"href":"https:\/\/wpachem.com\/vi\/wp-json\/wp\/v2\/product_brand?post=5594"},{"taxonomy":"product_cat","embeddable":true,"href":"https:\/\/wpachem.com\/vi\/wp-json\/wp\/v2\/product_cat?post=5594"},{"taxonomy":"product_tag","embeddable":true,"href":"https:\/\/wpachem.com\/vi\/wp-json\/wp\/v2\/product_tag?post=5594"}],"curies":[{"name":"wp","href":"https:\/\/api.w.org\/{rel}","templated":true}]}}