{"id":5626,"date":"2024-01-26T08:40:19","date_gmt":"2024-01-26T08:40:19","guid":{"rendered":"https:\/\/wpachem.com\/?post_type=product&#038;p=5626"},"modified":"2024-01-26T09:15:23","modified_gmt":"2024-01-26T09:15:23","slug":"vitamin-b4-choline-chloride-cas-67-48-1","status":"publish","type":"product","link":"https:\/\/wpachem.com\/vi\/product\/vitamin-b4-choline-chloride-cas-67-48-1\/","title":{"rendered":"Vitamin B4 (Choline clorua) CAS 67-48-1"},"content":{"rendered":"<div><strong><span data-spm-anchor-id=\"a2700.details.0.i23.4db3381coUncIN\">B\u1ed9t Vitamin C l\u00e0 g\u00ec?<\/span><\/strong><\/div>\n<div class=\"magic-23\">\n<div class=\"magic-23\" data-spm-anchor-id=\"a2700.details.0.i26.70326dc12rqLNy\">Vitamin B4 l\u00e0 tinh th\u1ec3 h\u00fat \u1ea9m m\u00e0u tr\u1eafng, kh\u00f4ng m\u00f9i, c\u00f3 m\u00f9i tanh. Choline clorua c\u00f3 th\u1ec3 \u0111\u01b0\u1ee3c s\u1eed d\u1ee5ng nh\u01b0 m\u1ed9t ch\u1ea5t ph\u1ee5 gia dinh d\u01b0\u1ee1ng.<\/div>\n<\/div>\n<p><strong>B\u1ed9t Vitamin C c\u00f3 th\u1ec3 \u0111\u01b0\u1ee3c s\u1eed d\u1ee5ng \u1edf \u0111\u00e2u?<\/strong><\/p>\n<p>Choline clorua l\u00e0 ch\u1ea5t t\u0103ng t\u1ed1c quang h\u1ee3p c\u1ee7a th\u1ef1c v\u1eadt c\u00f3 t\u00e1c d\u1ee5ng \u0111\u00e1ng k\u1ec3 trong vi\u1ec7c t\u0103ng n\u0103ng su\u1ea5t. C\u00f3 th\u1ec3 d\u00f9ng \u0111\u1ec3 t\u0103ng n\u0103ng su\u1ea5t ng\u00f4, m\u00eda, khoai lang, khoai t\u00e2y, c\u1ee7 c\u1ea3i, h\u00e0nh t\u00e2y, b\u00f4ng, thu\u1ed1c l\u00e1, rau, nho, xo\u00e0i, v.v. D\u00f9ng \u0111\u1ec3 \u0111i\u1ec1u tr\u1ecb gan nhi\u1ec5m m\u1ee1 v\u00e0 x\u01a1 gan. C\u0169ng \u0111\u01b0\u1ee3c d\u00f9ng l\u00e0m ph\u1ee5 gia th\u1ee9c \u0103n cho gia c\u1ea7m v\u00e0 v\u1eadt nu\u00f4i, c\u00f3 th\u1ec3 k\u00edch th\u00edch bu\u1ed3ng tr\u1ee9ng s\u1ea3n xu\u1ea5t nhi\u1ec1u tr\u1ee9ng h\u01a1n, sinh con v\u00e0 t\u0103ng tr\u01b0\u1edfng c\u1ee7a gia c\u1ea7m v\u00e0 c\u00e1. Choline clorua l\u00e0 hydrochloride c\u1ee7a choline v\u00e0 l\u00e0 ch\u1ea5t b\u1ed5 sung dinh d\u01b0\u1ee1ng v\u00e0 ch\u1ea5t lo\u1ea1i b\u1ecf lipid hi\u1ec7u qu\u1ea3. C\u00f3 th\u1ec3 th\u00fac \u0111\u1ea9y qu\u00e1 tr\u00ecnh chuy\u1ec3n h\u00f3a ch\u1ea5t b\u00e9o v\u00e0 ng\u0103n ng\u1eeba t\u00edch t\u1ee5 ch\u1ea5t b\u00e9o trong gan. L\u00e0 m\u1ed9t s\u1ea3n ph\u1ea9m vitamin, \u0111\u01b0\u1ee3c s\u1eed d\u1ee5ng r\u1ed9ng r\u00e3i trong c\u00e1c lo\u1ea1i thu\u1ed1c, s\u1ea3n ph\u1ea9m s\u1ee9c kh\u1ecfe v\u00e0 th\u1ef1c ph\u1ea9m b\u1ed5 sung dinh d\u01b0\u1ee1ng. L\u00e0 m\u1ed9t ch\u1ea5t ph\u1ee5 gia th\u1ef1c ph\u1ea9m, choline clorua \u0111\u01b0\u1ee3c ng\u01b0\u1eddi d\u00f9ng trong n\u01b0\u1edbc \u01b0a chu\u1ed9ng v\u00ec h\u00e0m l\u01b0\u1ee3ng choline cao (85%) v\u00e0 gi\u00e1 th\u00e0nh th\u1ea5p.<\/p>","protected":false},"excerpt":{"rendered":"<p>T\u00ean s\u1ea3n ph\u1ea9m: Vitamin B4<br \/>\nS\u1ed1 CAS: 67-48-1<br \/>\nMF:C5H14ClNO<br \/>\nNgo\u1ea1i quan: tinh th\u1ec3 h\u00fat \u1ea9m m\u00e0u tr\u1eafng<\/p>","protected":false},"featured_media":2160,"template":"","meta":{"_acf_changed":false,"_gspb_post_css":""},"product_brand":[],"product_cat":[55,103],"product_tag":[],"class_list":{"0":"post-5626","1":"product","2":"type-product","3":"status-publish","4":"has-post-thumbnail","6":"product_cat-food-additives","7":"product_cat-nutrition-enhancer","9":"first","10":"instock","11":"shipping-taxable","12":"product-type-simple"},"acf":[],"_links":{"self":[{"href":"https:\/\/wpachem.com\/vi\/wp-json\/wp\/v2\/product\/5626","targetHints":{"allow":["GET"]}}],"collection":[{"href":"https:\/\/wpachem.com\/vi\/wp-json\/wp\/v2\/product"}],"about":[{"href":"https:\/\/wpachem.com\/vi\/wp-json\/wp\/v2\/types\/product"}],"version-history":[{"count":0,"href":"https:\/\/wpachem.com\/vi\/wp-json\/wp\/v2\/product\/5626\/revisions"}],"wp:featuredmedia":[{"embeddable":true,"href":"https:\/\/wpachem.com\/vi\/wp-json\/wp\/v2\/media\/2160"}],"wp:attachment":[{"href":"https:\/\/wpachem.com\/vi\/wp-json\/wp\/v2\/media?parent=5626"}],"wp:term":[{"taxonomy":"product_brand","embeddable":true,"href":"https:\/\/wpachem.com\/vi\/wp-json\/wp\/v2\/product_brand?post=5626"},{"taxonomy":"product_cat","embeddable":true,"href":"https:\/\/wpachem.com\/vi\/wp-json\/wp\/v2\/product_cat?post=5626"},{"taxonomy":"product_tag","embeddable":true,"href":"https:\/\/wpachem.com\/vi\/wp-json\/wp\/v2\/product_tag?post=5626"}],"curies":[{"name":"wp","href":"https:\/\/api.w.org\/{rel}","templated":true}]}}