{"id":5635,"date":"2024-01-05T05:31:54","date_gmt":"2024-01-05T05:31:54","guid":{"rendered":"https:\/\/wpapigments.com\/?post_type=product&amp;p=5635"},"modified":"2024-01-05T05:31:54","modified_gmt":"2024-01-05T05:31:54","slug":"pigment-yellow-74-permanent-yellow-5gx-tr-p-y-62-cas-no-6358-31-2","status":"publish","type":"product","link":"https:\/\/wpachem.com\/vi\/product\/pigment-yellow-74-permanent-yellow-5gx-tr-p-y-62-cas-no-6358-31-2\/","title":{"rendered":"S\u1eafc t\u1ed1 v\u00e0ng 74 (V\u00e0ng v\u0129nh vi\u1ec5n 5GX-TR)\/PY74 CAS s\u1ed1 6358-31-2"},"content":{"rendered":"<p><strong>\u0110\u1eb7c \u0111i\u1ec3m<\/strong><\/p>\n<p><strong><b>Thu\u1ed9c t\u00ednh c\u1ee7a con ng\u01b0\u1eddi<\/b><\/strong>: Trong su\u1ed1t, chuy\u00ean d\u00f9ng cho s\u01a1n nh\u0169 t\u01b0\u01a1ng n\u01b0\u1edbc<\/p>\n<p><strong><b>\u1ee8ng d\u1ee5ng:<\/b><\/strong><\/p>\n<ol>\n<li><strong><b>S\u01a1n s\u1eed d\u1ee5ng:<\/b><\/strong> S\u01a1n c\u00f4ng nghi\u1ec7p, s\u01a1n \u00f4 t\u00f4, s\u01a1n g\u1ed1c n\u01b0\u1edbc.<\/li>\n<li><b><\/b><strong><b>M\u1ef1c s\u1eed d\u1ee5ng:<\/b><\/strong> M\u1ef1c in Offset, M\u1ef1c g\u1ed1c n\u01b0\u1edbc, M\u1ef1c g\u1ed1c dung m\u00f4i.<\/li>\n<\/ol>","protected":false},"excerpt":{"rendered":"<p><strong><b>T\u00ean s\u1ea3n ph\u1ea9m:<\/b><\/strong>V\u00e0ng v\u0129nh c\u1eedu 5GX-TR<\/p>\n<p><strong>Ch\u1ec9 s\u1ed1 m\u00e0u:<\/strong>\u00a0S\u1ed1 74<\/p>\n<p><strong>V\u1ebb b\u1ec1 ngo\u00e0i:<\/strong>\u00a0B\u1ed9t m\u00e0u v\u00e0ng<\/p>\n<p><strong>S\u1ed1 CAS:<\/strong>6358-31-2<\/p>\n<p><strong>T\u00ean kh\u00e1c:<\/strong>S\u1eafc t\u1ed1 v\u00e0ng 74\/V\u00c0NG DALAMAR\/v\u00e0ng lunayellow\/v\u00e0ng ponolithyellowy<\/p>","protected":false},"featured_media":7620,"template":"","meta":{"_acf_changed":false,"_gspb_post_css":""},"product_brand":[],"product_cat":[162,163],"product_tag":[],"class_list":{"0":"post-5635","1":"product","2":"type-product","3":"status-publish","4":"has-post-thumbnail","6":"product_cat-for-inks","7":"product_cat-for-paints-and-coatings","9":"first","10":"instock","11":"shipping-taxable","12":"product-type-simple"},"acf":[],"_links":{"self":[{"href":"https:\/\/wpachem.com\/vi\/wp-json\/wp\/v2\/product\/5635","targetHints":{"allow":["GET"]}}],"collection":[{"href":"https:\/\/wpachem.com\/vi\/wp-json\/wp\/v2\/product"}],"about":[{"href":"https:\/\/wpachem.com\/vi\/wp-json\/wp\/v2\/types\/product"}],"version-history":[{"count":0,"href":"https:\/\/wpachem.com\/vi\/wp-json\/wp\/v2\/product\/5635\/revisions"}],"wp:featuredmedia":[{"embeddable":true,"href":"https:\/\/wpachem.com\/vi\/wp-json\/wp\/v2\/media\/7620"}],"wp:attachment":[{"href":"https:\/\/wpachem.com\/vi\/wp-json\/wp\/v2\/media?parent=5635"}],"wp:term":[{"taxonomy":"product_brand","embeddable":true,"href":"https:\/\/wpachem.com\/vi\/wp-json\/wp\/v2\/product_brand?post=5635"},{"taxonomy":"product_cat","embeddable":true,"href":"https:\/\/wpachem.com\/vi\/wp-json\/wp\/v2\/product_cat?post=5635"},{"taxonomy":"product_tag","embeddable":true,"href":"https:\/\/wpachem.com\/vi\/wp-json\/wp\/v2\/product_tag?post=5635"}],"curies":[{"name":"wp","href":"https:\/\/api.w.org\/{rel}","templated":true}]}}