{"id":5654,"date":"2024-01-05T06:06:45","date_gmt":"2024-01-05T06:06:45","guid":{"rendered":"https:\/\/wpapigments.com\/?post_type=product&amp;p=5654"},"modified":"2024-01-05T06:06:45","modified_gmt":"2024-01-05T06:06:45","slug":"pigment-yellow-83-permanent-yellow-hra-p-y-83-cas-no-5567-15-7","status":"publish","type":"product","link":"https:\/\/wpachem.com\/vi\/product\/pigment-yellow-83-permanent-yellow-hra-p-y-83-cas-no-5567-15-7\/","title":{"rendered":"S\u1eafc t\u1ed1 v\u00e0ng 83 (HRA v\u00e0ng v\u0129nh vi\u1ec5n)\/PY83 CAS s\u1ed1 5567-15-7"},"content":{"rendered":"<p><strong>\u0110\u1eb7c \u0111i\u1ec3m<\/strong><\/p>\n<p><strong><b>Thu\u1ed9c t\u00ednh c\u1ee7a con ng\u01b0\u1eddi<\/b><\/strong>: M\u00e0u xanh l\u00e1 c\u00e2y, \u0110\u1ed9 b\u00f3ng cao, G\u1ed1c dung m\u00f4i<\/p>\n<p><strong><b>\u1ee8ng d\u1ee5ng:<\/b><\/strong><\/p>\n<p><strong><b>S\u01a1n s\u1eed d\u1ee5ng:<\/b><\/strong> S\u01a1n c\u00f4ng nghi\u1ec7p, s\u01a1n t\u0129nh \u0111i\u1ec7n, s\u01a1n \u00f4 t\u00f4, s\u01a1n trang tr\u00ed, in d\u1ec7t, s\u01a1n g\u1ed1c n\u01b0\u1edbc.<\/p>\n<p><strong><b>M\u1ef1c s\u1eed d\u1ee5ng: <\/b><\/strong>M\u1ef1c in offset, m\u1ef1c g\u1ed1c dung m\u00f4i.<\/p>\n<p><strong><b>S\u1eed d\u1ee5ng nh\u1ef1a:<\/b><\/strong> PVC, PP, PE, PS, ABS, EVA, Cao su<\/p>","protected":false},"excerpt":{"rendered":"<p><strong><b>T\u00ean s\u1ea3n ph\u1ea9m:<\/b><\/strong>HRA m\u00e0u v\u00e0ng v\u0129nh vi\u1ec5n<\/p>\n<p><strong>Ch\u1ec9 s\u1ed1 m\u00e0u:<\/strong>\u00a0S\u1ed1 83<\/p>\n<p><strong>V\u1ebb b\u1ec1 ngo\u00e0i:<\/strong>\u00a0B\u1ed9t m\u00e0u v\u00e0ng<\/p>\n<p><strong>S\u1ed1 CAS:<\/strong>5567-15-7<\/p>\n<p><strong>T\u00ean kh\u00e1c:<\/strong>S\u1eafc t\u1ed1 v\u00e0ng 83<\/p>","protected":false},"featured_media":7617,"template":"","meta":{"_acf_changed":false,"_gspb_post_css":""},"product_brand":[],"product_cat":[161,162,163],"product_tag":[],"class_list":{"0":"post-5654","1":"product","2":"type-product","3":"status-publish","4":"has-post-thumbnail","6":"product_cat-for-plastics","7":"product_cat-for-inks","8":"product_cat-for-paints-and-coatings","10":"first","11":"instock","12":"shipping-taxable","13":"product-type-simple"},"acf":[],"_links":{"self":[{"href":"https:\/\/wpachem.com\/vi\/wp-json\/wp\/v2\/product\/5654","targetHints":{"allow":["GET"]}}],"collection":[{"href":"https:\/\/wpachem.com\/vi\/wp-json\/wp\/v2\/product"}],"about":[{"href":"https:\/\/wpachem.com\/vi\/wp-json\/wp\/v2\/types\/product"}],"version-history":[{"count":0,"href":"https:\/\/wpachem.com\/vi\/wp-json\/wp\/v2\/product\/5654\/revisions"}],"wp:featuredmedia":[{"embeddable":true,"href":"https:\/\/wpachem.com\/vi\/wp-json\/wp\/v2\/media\/7617"}],"wp:attachment":[{"href":"https:\/\/wpachem.com\/vi\/wp-json\/wp\/v2\/media?parent=5654"}],"wp:term":[{"taxonomy":"product_brand","embeddable":true,"href":"https:\/\/wpachem.com\/vi\/wp-json\/wp\/v2\/product_brand?post=5654"},{"taxonomy":"product_cat","embeddable":true,"href":"https:\/\/wpachem.com\/vi\/wp-json\/wp\/v2\/product_cat?post=5654"},{"taxonomy":"product_tag","embeddable":true,"href":"https:\/\/wpachem.com\/vi\/wp-json\/wp\/v2\/product_tag?post=5654"}],"curies":[{"name":"wp","href":"https:\/\/api.w.org\/{rel}","templated":true}]}}