{"id":5669,"date":"2024-01-05T06:31:39","date_gmt":"2024-01-05T06:31:39","guid":{"rendered":"https:\/\/wpapigments.com\/?post_type=product&amp;p=5669"},"modified":"2024-01-05T06:31:39","modified_gmt":"2024-01-05T06:31:39","slug":"pigment-yellow-83-permanent-yellow-hr-07-p-y-83-cas-no-5567-15-7","status":"publish","type":"product","link":"https:\/\/wpachem.com\/vi\/product\/pigment-yellow-83-permanent-yellow-hr-07-p-y-83-cas-no-5567-15-7\/","title":{"rendered":"S\u1eafc t\u1ed1 v\u00e0ng 83 (V\u00e0ng v\u0129nh c\u1eedu H110)\/PY83 CAS s\u1ed1 5567-15-7"},"content":{"rendered":"<p><strong>\u0110\u1eb7c \u0111i\u1ec3m<\/strong><\/p>\n<p><strong><b>Thu\u1ed9c t\u00ednh c\u1ee7a con ng\u01b0\u1eddi<\/b><\/strong>: M\u00e0u \u0111\u1ecf,<\/p>\n<p><strong><b>\u1ee8ng d\u1ee5ng:<\/b><\/strong><\/p>\n<ol>\n<li><strong><b>S\u1eed d\u1ee5ng nh\u1ef1a: <\/b><\/strong>PVC, PP, PE, PS, ABS, EVA, Cao su.<\/li>\n<li><strong><b>M\u1ef1c s\u1eed d\u1ee5ng:<\/b><\/strong>\u00a0M\u1ef1c in Offset, M\u1ef1c g\u1ed1c n\u01b0\u1edbc, M\u1ef1c g\u1ed1c dung m\u00f4i.<\/li>\n<\/ol>","protected":false},"excerpt":{"rendered":"<p><strong><b>T\u00ean s\u1ea3n ph\u1ea9m:<\/b><\/strong>V\u00e0ng v\u0129nh c\u1eedu H110<\/p>\n<p><strong>Ch\u1ec9 s\u1ed1 m\u00e0u:<\/strong>\u00a0S\u1ed1 83<\/p>\n<p><strong>V\u1ebb b\u1ec1 ngo\u00e0i:<\/strong>\u00a0B\u1ed9t m\u00e0u v\u00e0ng<\/p>\n<p><strong>S\u1ed1 CAS:<\/strong>5567-15-7<\/p>\n<p><strong>T\u00ean kh\u00e1c:<\/strong>S\u1eafc t\u1ed1 v\u00e0ng 83<\/p>","protected":false},"featured_media":7617,"template":"","meta":{"_acf_changed":false,"_gspb_post_css":""},"product_brand":[],"product_cat":[161,162],"product_tag":[],"class_list":{"0":"post-5669","1":"product","2":"type-product","3":"status-publish","4":"has-post-thumbnail","6":"product_cat-for-plastics","7":"product_cat-for-inks","9":"first","10":"instock","11":"shipping-taxable","12":"product-type-simple"},"acf":[],"_links":{"self":[{"href":"https:\/\/wpachem.com\/vi\/wp-json\/wp\/v2\/product\/5669","targetHints":{"allow":["GET"]}}],"collection":[{"href":"https:\/\/wpachem.com\/vi\/wp-json\/wp\/v2\/product"}],"about":[{"href":"https:\/\/wpachem.com\/vi\/wp-json\/wp\/v2\/types\/product"}],"version-history":[{"count":0,"href":"https:\/\/wpachem.com\/vi\/wp-json\/wp\/v2\/product\/5669\/revisions"}],"wp:featuredmedia":[{"embeddable":true,"href":"https:\/\/wpachem.com\/vi\/wp-json\/wp\/v2\/media\/7617"}],"wp:attachment":[{"href":"https:\/\/wpachem.com\/vi\/wp-json\/wp\/v2\/media?parent=5669"}],"wp:term":[{"taxonomy":"product_brand","embeddable":true,"href":"https:\/\/wpachem.com\/vi\/wp-json\/wp\/v2\/product_brand?post=5669"},{"taxonomy":"product_cat","embeddable":true,"href":"https:\/\/wpachem.com\/vi\/wp-json\/wp\/v2\/product_cat?post=5669"},{"taxonomy":"product_tag","embeddable":true,"href":"https:\/\/wpachem.com\/vi\/wp-json\/wp\/v2\/product_tag?post=5669"}],"curies":[{"name":"wp","href":"https:\/\/api.w.org\/{rel}","templated":true}]}}