{"id":5758,"date":"2024-01-08T09:25:12","date_gmt":"2024-01-08T09:25:12","guid":{"rendered":"https:\/\/wpapigments.com\/?post_type=product&amp;p=5758"},"modified":"2024-01-08T09:25:12","modified_gmt":"2024-01-08T09:25:12","slug":"pigment-orange-34-permanent-orange-tr-p-o-34-cas-no-15793-73-4","status":"publish","type":"product","link":"https:\/\/wpachem.com\/vi\/product\/pigment-orange-34-permanent-orange-tr-p-o-34-cas-no-15793-73-4\/","title":{"rendered":"S\u1eafc t\u1ed1 m\u00e0u cam 34 (M\u00e0u cam v\u0129nh c\u1eedu TR)\/PO34 CAS s\u1ed1 15793-73-4"},"content":{"rendered":"<p><strong>\u0110\u1eb7c \u0111i\u1ec3m<\/strong><\/p>\n<p><strong><b>Thu\u1ed9c t\u00ednh c\u1ee7a con ng\u01b0\u1eddi<\/b><\/strong>: Trong su\u1ed1t, Lo\u1ea1i ph\u1ed5 th\u00f4ng<\/p>\n<p><strong><b>\u1ee8ng d\u1ee5ng:<\/b><\/strong><\/p>\n<ul>\n<li>M\u1ef1c s\u1eed d\u1ee5ng: M\u1ef1c in offset, m\u1ef1c g\u1ed1c n\u01b0\u1edbc, m\u1ef1c g\u1ed1c dung m\u00f4i.<\/li>\n<\/ul>","protected":false},"excerpt":{"rendered":"<p><strong><b>T\u00ean s\u1ea3n ph\u1ea9m<\/b><\/strong><strong><b>:<\/b><\/strong>Cam v\u0129nh c\u1eedu TR<\/p>\n<p><strong>Ch\u1ec9 s\u1ed1 m\u00e0u:<\/strong>\u00a0PO34<\/p>\n<p><strong>V\u1ebb b\u1ec1 ngo\u00e0i:<\/strong>\u00a0b\u1ed9t cam<\/p>\n<p><strong>S\u1ed1 CAS<\/strong><strong>:<\/strong>15793-73-4<\/p>\n<p><strong>T\u00ean kh\u00e1c:<\/strong>Irgalite Cam F2G\uff1bS\u1eafc t\u1ed1 cam 34<\/p>","protected":false},"featured_media":7617,"template":"","meta":{"_acf_changed":false,"_gspb_post_css":""},"product_brand":[],"product_cat":[162,70],"product_tag":[],"class_list":{"0":"post-5758","1":"product","2":"type-product","3":"status-publish","4":"has-post-thumbnail","6":"product_cat-for-inks","7":"product_cat-organic-pigment","9":"first","10":"instock","11":"shipping-taxable","12":"product-type-simple"},"acf":[],"_links":{"self":[{"href":"https:\/\/wpachem.com\/vi\/wp-json\/wp\/v2\/product\/5758","targetHints":{"allow":["GET"]}}],"collection":[{"href":"https:\/\/wpachem.com\/vi\/wp-json\/wp\/v2\/product"}],"about":[{"href":"https:\/\/wpachem.com\/vi\/wp-json\/wp\/v2\/types\/product"}],"version-history":[{"count":0,"href":"https:\/\/wpachem.com\/vi\/wp-json\/wp\/v2\/product\/5758\/revisions"}],"wp:featuredmedia":[{"embeddable":true,"href":"https:\/\/wpachem.com\/vi\/wp-json\/wp\/v2\/media\/7617"}],"wp:attachment":[{"href":"https:\/\/wpachem.com\/vi\/wp-json\/wp\/v2\/media?parent=5758"}],"wp:term":[{"taxonomy":"product_brand","embeddable":true,"href":"https:\/\/wpachem.com\/vi\/wp-json\/wp\/v2\/product_brand?post=5758"},{"taxonomy":"product_cat","embeddable":true,"href":"https:\/\/wpachem.com\/vi\/wp-json\/wp\/v2\/product_cat?post=5758"},{"taxonomy":"product_tag","embeddable":true,"href":"https:\/\/wpachem.com\/vi\/wp-json\/wp\/v2\/product_tag?post=5758"}],"curies":[{"name":"wp","href":"https:\/\/api.w.org\/{rel}","templated":true}]}}