{"id":5775,"date":"2024-01-08T09:50:03","date_gmt":"2024-01-08T09:50:03","guid":{"rendered":"https:\/\/wpapigments.com\/?post_type=product&amp;p=5775"},"modified":"2024-01-08T09:50:03","modified_gmt":"2024-01-08T09:50:03","slug":"pigment-yellow-191-fast-yellow-rp-p-y-191-cas-no-129423-54-7","status":"publish","type":"product","link":"https:\/\/wpachem.com\/vi\/product\/pigment-yellow-191-fast-yellow-rp-p-y-191-cas-no-129423-54-7\/","title":{"rendered":"S\u1eafc t\u1ed1 v\u00e0ng 191 (Fast Yellow RP)\/PY191 S\u1ed1 CAS 129423-54-7"},"content":{"rendered":"<p><strong>\u0110\u1eb7c \u0111i\u1ec3m<\/strong><\/p>\n<p><strong><b>Thu\u1ed9c t\u00ednh c\u1ee7a con ng\u01b0\u1eddi<\/b><\/strong>: Trong su\u1ed1t m\u1ed9t ph\u1ea7n\uff0cM\u00e0u xanh l\u00e1 c\u00e2y\uff0c\u0110\u1eb7c bi\u1ec7t cho nh\u1ef1a<\/p>\n<p><strong><b>\u1ee8ng d\u1ee5ng:<\/b><\/strong><\/p>\n<ul>\n<li>Nh\u1ef1a s\u1eed d\u1ee5ng: PVC, PP, ABS, EVA, Cao su.<\/li>\n<\/ul>","protected":false},"excerpt":{"rendered":"<p><strong><b>T\u00ean s\u1ea3n ph\u1ea9m<\/b><\/strong><strong><b>:<\/b><\/strong>RP V\u00e0ng Nhanh<\/p>\n<p><strong>Ch\u1ec9 s\u1ed1 m\u00e0u:<\/strong>\u00a0PO191<\/p>\n<p><strong>V\u1ebb b\u1ec1 ngo\u00e0i:<\/strong>\u00a0b\u1ed9t m\u00e0u v\u00e0ng<\/p>\n<p><strong>S\u1ed1 CAS<\/strong><strong>:<\/strong>129423-54-7<\/p>\n<p><strong>T\u00ean kh\u00e1c:<\/strong>PYRAZOLONE V\u00c0NG HGRPigment Brilliant Yellow HGR:Pigment Orange 191<\/p>","protected":false},"featured_media":7617,"template":"","meta":{"_acf_changed":false,"_gspb_post_css":""},"product_brand":[],"product_cat":[70,161],"product_tag":[],"class_list":{"0":"post-5775","1":"product","2":"type-product","3":"status-publish","4":"has-post-thumbnail","6":"product_cat-organic-pigment","7":"product_cat-for-plastics","9":"first","10":"instock","11":"shipping-taxable","12":"product-type-simple"},"acf":[],"_links":{"self":[{"href":"https:\/\/wpachem.com\/vi\/wp-json\/wp\/v2\/product\/5775","targetHints":{"allow":["GET"]}}],"collection":[{"href":"https:\/\/wpachem.com\/vi\/wp-json\/wp\/v2\/product"}],"about":[{"href":"https:\/\/wpachem.com\/vi\/wp-json\/wp\/v2\/types\/product"}],"version-history":[{"count":0,"href":"https:\/\/wpachem.com\/vi\/wp-json\/wp\/v2\/product\/5775\/revisions"}],"wp:featuredmedia":[{"embeddable":true,"href":"https:\/\/wpachem.com\/vi\/wp-json\/wp\/v2\/media\/7617"}],"wp:attachment":[{"href":"https:\/\/wpachem.com\/vi\/wp-json\/wp\/v2\/media?parent=5775"}],"wp:term":[{"taxonomy":"product_brand","embeddable":true,"href":"https:\/\/wpachem.com\/vi\/wp-json\/wp\/v2\/product_brand?post=5775"},{"taxonomy":"product_cat","embeddable":true,"href":"https:\/\/wpachem.com\/vi\/wp-json\/wp\/v2\/product_cat?post=5775"},{"taxonomy":"product_tag","embeddable":true,"href":"https:\/\/wpachem.com\/vi\/wp-json\/wp\/v2\/product_tag?post=5775"}],"curies":[{"name":"wp","href":"https:\/\/api.w.org\/{rel}","templated":true}]}}