{"id":5777,"date":"2024-01-31T07:45:35","date_gmt":"2024-01-31T07:45:35","guid":{"rendered":"https:\/\/wpachem.com\/?post_type=product&#038;p=5777"},"modified":"2024-01-31T07:53:43","modified_gmt":"2024-01-31T07:53:43","slug":"l-glutamine-cas-56-85-9","status":"publish","type":"product","link":"https:\/\/wpachem.com\/vi\/product\/l-glutamine-cas-56-85-9\/","title":{"rendered":"L-Glutamin CAS 56-85-9"},"content":{"rendered":"<p>L-Glutamine l\u00e0 m\u1ed9t ch\u1ea5t d\u1ea1ng tinh th\u1ec3 m\u00e0u tr\u1eafng ho\u1eb7c b\u1ed9t tinh th\u1ec3<\/p>\n<p><strong>\u1ee8ng d\u1ee5ng<\/strong><\/p>\n<p>Th\u1ef1c ph\u1ea9m b\u1ed5 sung dinh d\u01b0\u1ee1ng, h\u01b0\u01a1ng li\u1ec7u v\u00e0 ch\u1ea5t t\u1ea1o h\u01b0\u01a1ng v\u1ecb.<\/p>\n<p>N\u00f3 \u0111\u01b0\u1ee3c s\u1eed d\u1ee5ng trong y h\u1ecdc \u0111\u1ec3 \u0111i\u1ec1u tr\u1ecb lo\u00e9t c\u01a1 quan ti\u00eau h\u00f3a, ng\u1ed9 \u0111\u1ed9c r\u01b0\u1ee3u v\u00e0 c\u1ea3i thi\u1ec7n ch\u1ee9c n\u0103ng n\u00e3o<\/p>\n<p><strong>\u0110\u00f3ng g\u00f3i &amp; L\u01b0u tr\u1eef<\/strong><\/p>\n<p>25 KG\/Tr\u1ed1ng<\/p>","protected":false},"excerpt":{"rendered":"<p>T\u00ean s\u1ea3n ph\u1ea9m: L-Glutamine<\/p>\n<p>S\u1ed1 CAS: 56-85-9<\/p>\n<p>Ch\u1ea5t trung gian: C5H10N2O3<\/p>\n<p>Ngo\u1ea1i quan: Tinh th\u1ec3 m\u00e0u tr\u1eafng<\/p>","protected":false},"featured_media":5175,"template":"","meta":{"_acf_changed":false,"_gspb_post_css":""},"product_brand":[],"product_cat":[55,103],"product_tag":[],"class_list":{"0":"post-5777","1":"product","2":"type-product","3":"status-publish","4":"has-post-thumbnail","6":"product_cat-food-additives","7":"product_cat-nutrition-enhancer","9":"first","10":"instock","11":"shipping-taxable","12":"product-type-simple"},"acf":[],"_links":{"self":[{"href":"https:\/\/wpachem.com\/vi\/wp-json\/wp\/v2\/product\/5777","targetHints":{"allow":["GET"]}}],"collection":[{"href":"https:\/\/wpachem.com\/vi\/wp-json\/wp\/v2\/product"}],"about":[{"href":"https:\/\/wpachem.com\/vi\/wp-json\/wp\/v2\/types\/product"}],"version-history":[{"count":0,"href":"https:\/\/wpachem.com\/vi\/wp-json\/wp\/v2\/product\/5777\/revisions"}],"wp:featuredmedia":[{"embeddable":true,"href":"https:\/\/wpachem.com\/vi\/wp-json\/wp\/v2\/media\/5175"}],"wp:attachment":[{"href":"https:\/\/wpachem.com\/vi\/wp-json\/wp\/v2\/media?parent=5777"}],"wp:term":[{"taxonomy":"product_brand","embeddable":true,"href":"https:\/\/wpachem.com\/vi\/wp-json\/wp\/v2\/product_brand?post=5777"},{"taxonomy":"product_cat","embeddable":true,"href":"https:\/\/wpachem.com\/vi\/wp-json\/wp\/v2\/product_cat?post=5777"},{"taxonomy":"product_tag","embeddable":true,"href":"https:\/\/wpachem.com\/vi\/wp-json\/wp\/v2\/product_tag?post=5777"}],"curies":[{"name":"wp","href":"https:\/\/api.w.org\/{rel}","templated":true}]}}