{"id":5779,"date":"2024-01-31T07:54:23","date_gmt":"2024-01-31T07:54:23","guid":{"rendered":"https:\/\/wpachem.com\/?post_type=product&#038;p=5779"},"modified":"2024-01-31T07:59:41","modified_gmt":"2024-01-31T07:59:41","slug":"glycine-cas-56-40-6","status":"publish","type":"product","link":"https:\/\/wpachem.com\/vi\/product\/glycine-cas-56-40-6\/","title":{"rendered":"Glycine CAS 56-40-6"},"content":{"rendered":"<p>Tinh th\u1ec3 \u0111\u01a1n nghi\u00eang ho\u1eb7c l\u1ee5c gi\u00e1c m\u00e0u tr\u1eafng, ho\u1eb7c b\u1ed9t tinh th\u1ec3 m\u00e0u tr\u1eafng. Kh\u00f4ng m\u00f9i, c\u00f3 v\u1ecb ng\u1ecdt \u0111\u1eb7c bi\u1ec7t, d\u1ec5 tan trong n\u01b0\u1edbc,<\/p>\n<p><strong>\u1ee8ng d\u1ee5ng<\/strong><\/p>\n<p>D\u00f9ng l\u00e0m ch\u1ea5t \u0111\u1ec7m, d\u00f9ng trong vi\u1ec7c chu\u1ea9n b\u1ecb m\u00f4i tr\u01b0\u1eddng nu\u00f4i c\u1ea5y m\u00f4, th\u1eed nghi\u1ec7m \u0111\u1ed3ng, v\u00e0ng, b\u1ea1c v\u00e0 d\u00f9ng l\u00e0m thu\u1ed1c \u0111\u1ec3 \u0111i\u1ec1u tr\u1ecb b\u1ec7nh nh\u01b0\u1ee3c c\u01a1 v\u00e0 teo c\u01a1 ti\u1ebfn tri\u1ec3n, t\u0103ng axit d\u1ea1 d\u00e0y, vi\u00eam ru\u1ed9t m\u00e3n t\u00ednh, t\u0103ng prolin m\u00e1u \u1edf tr\u1ebb em, v.v.<\/p>\n<p>Glycine ch\u1ee7 y\u1ebfu \u0111\u01b0\u1ee3c s\u1eed d\u1ee5ng l\u00e0m ph\u1ee5 gia dinh d\u01b0\u1ee1ng cho th\u1ee9c \u0103n cho g\u00e0.<\/p>\n<p>Th\u1ef1c ph\u1ea9m b\u1ed5 sung dinh d\u01b0\u1ee1ng. Ch\u1ee7 y\u1ebfu d\u00f9ng l\u00e0m gia v\u1ecb, v.v.<\/p>\n<p><strong>\u0110\u00f3ng g\u00f3i &amp; L\u01b0u tr\u1eef<\/strong><\/p>\n<p>25 KG\/T\u00daI<\/p>","protected":false},"excerpt":{"rendered":"<p>T\u00ean s\u1ea3n ph\u1ea9m: Glycine<\/p>\n<p>S\u1ed1 CAS: 56-40-6<\/p>\n<p>Ch\u1ea5t trung gian: C2H5NO2<\/p>\n<p>Ngo\u1ea1i quan: B\u1ed9t tinh th\u1ec3 m\u00e0u tr\u1eafng<\/p>","protected":false},"featured_media":5175,"template":"","meta":{"_acf_changed":false,"_gspb_post_css":""},"product_brand":[],"product_cat":[55,103],"product_tag":[],"class_list":{"0":"post-5779","1":"product","2":"type-product","3":"status-publish","4":"has-post-thumbnail","6":"product_cat-food-additives","7":"product_cat-nutrition-enhancer","9":"first","10":"instock","11":"shipping-taxable","12":"product-type-simple"},"acf":[],"_links":{"self":[{"href":"https:\/\/wpachem.com\/vi\/wp-json\/wp\/v2\/product\/5779","targetHints":{"allow":["GET"]}}],"collection":[{"href":"https:\/\/wpachem.com\/vi\/wp-json\/wp\/v2\/product"}],"about":[{"href":"https:\/\/wpachem.com\/vi\/wp-json\/wp\/v2\/types\/product"}],"version-history":[{"count":0,"href":"https:\/\/wpachem.com\/vi\/wp-json\/wp\/v2\/product\/5779\/revisions"}],"wp:featuredmedia":[{"embeddable":true,"href":"https:\/\/wpachem.com\/vi\/wp-json\/wp\/v2\/media\/5175"}],"wp:attachment":[{"href":"https:\/\/wpachem.com\/vi\/wp-json\/wp\/v2\/media?parent=5779"}],"wp:term":[{"taxonomy":"product_brand","embeddable":true,"href":"https:\/\/wpachem.com\/vi\/wp-json\/wp\/v2\/product_brand?post=5779"},{"taxonomy":"product_cat","embeddable":true,"href":"https:\/\/wpachem.com\/vi\/wp-json\/wp\/v2\/product_cat?post=5779"},{"taxonomy":"product_tag","embeddable":true,"href":"https:\/\/wpachem.com\/vi\/wp-json\/wp\/v2\/product_tag?post=5779"}],"curies":[{"name":"wp","href":"https:\/\/api.w.org\/{rel}","templated":true}]}}