{"id":5781,"date":"2024-01-31T07:59:53","date_gmt":"2024-01-31T07:59:53","guid":{"rendered":"https:\/\/wpachem.com\/?post_type=product&#038;p=5781"},"modified":"2024-01-31T08:05:28","modified_gmt":"2024-01-31T08:05:28","slug":"l-alanine-cas-56-41-7","status":"publish","type":"product","link":"https:\/\/wpachem.com\/vi\/product\/l-alanine-cas-56-41-7\/","title":{"rendered":"L-Alanin CAS 56-41-7"},"content":{"rendered":"<p>Tinh th\u1ec3 m\u00e0u tr\u1eafng ho\u1eb7c b\u1ed9t k\u1ebft tinh, kh\u00f4ng m\u00f9i, ng\u1ecdt, d\u1ec5 tan trong n\u01b0\u1edbc<\/p>\n<p><strong>\u1ee8ng d\u1ee5ng<\/strong><\/p>\n<p>(1) C\u00f3 th\u1ec3 c\u1ea3i thi\u1ec7n gi\u00e1 tr\u1ecb dinh d\u01b0\u1ee1ng c\u1ee7a th\u1ef1c ph\u1ea9m trong nhi\u1ec1u lo\u1ea1i th\u1ef1c ph\u1ea9m v\u00e0 \u0111\u1ed3 u\u1ed1ng, ch\u1eb3ng h\u1ea1n nh\u01b0: b\u00e1nh m\u00ec, b\u00e1nh kem, tr\u00e0 hoa qu\u1ea3, c\u00e1c s\u1ea3n ph\u1ea9m t\u1eeb s\u1eefa, \u0111\u1ed3 u\u1ed1ng c\u00f3 ga, kem, v.v. Th\u00eam 0,1 ~ 1% alanine c\u00f3 th\u1ec3 c\u1ea3i thi\u1ec7n \u0111\u00e1ng k\u1ec3 t\u1ef7 l\u1ec7 s\u1eed d\u1ee5ng protein trong th\u1ef1c ph\u1ea9m v\u00e0 \u0111\u1ed3 u\u1ed1ng. V\u00ec alanine c\u00f3 th\u1ec3 \u0111\u01b0\u1ee3c t\u1ebf b\u00e0o h\u1ea5p th\u1ee5 tr\u1ef1c ti\u1ebfp, n\u00ean c\u00f3 th\u1ec3 nhanh ch\u00f3ng ph\u1ee5c h\u1ed3i sau khi m\u1ec7t m\u1ecfi v\u00e0 t\u0103ng c\u01b0\u1eddng tinh th\u1ea7n sau khi u\u1ed1ng.<br \/>\n(2) C\u1ea3i thi\u1ec7n h\u01b0\u01a1ng v\u1ecb c\u1ee7a ch\u1ea5t t\u1ea1o ng\u1ecdt nh\u00e2n t\u1ea1o (natri saccharin, cyclamate, cyclamate, v.v.), c\u00f3 th\u1ec3 t\u0103ng \u0111\u1ed9 ng\u1ecdt v\u00e0 gi\u1ea3m li\u1ec1u l\u01b0\u1ee3ng. Th\u00eam 1 ~ 10% alanine v\u00e0o ch\u1ea5t t\u1ea1o ng\u1ecdt h\u1ee3p ch\u1ea5t c\u00f3 th\u1ec3 t\u0103ng \u0111\u1ed9 ng\u1ecdt v\u00e0 l\u00e0m d\u1ecbu v\u1ecb ng\u1ecdt c\u1ee7a ch\u1ea5t t\u1ea1o ng\u1ecdt nh\u00e2n t\u1ea1o, gi\u1ed1ng nh\u01b0 ch\u1ea5t t\u1ea1o ng\u1ecdt t\u1ef1 nhi\u00ean, khi\u1ebfn n\u00f3 c\u00f3 h\u1eadu v\u1ecb l\u00e2u d\u00e0i. \u0110\u00e2y l\u00e0 m\u1ed9t trong nh\u1eefng nguy\u00ean li\u1ec7u th\u00f4 \u0111\u1ec3 t\u1ed5ng h\u1ee3p alitame c\u00f3 \u0111\u1ed9 ng\u1ecdt cao (Alitame, L-asparagyl-D-alaninamide, ng\u1ecdt h\u01a1n sucrose 600 l\u1ea7n).<br \/>\n(3) C\u1ea3i thi\u1ec7n v\u1ecb chua c\u1ee7a axit h\u1eefu c\u01a1. Th\u00eam 1-5% axit h\u1eefu c\u01a1 c\u00f3 th\u1ec3 c\u1ea3i thi\u1ec7n v\u1ecb chua c\u1ee7a axit axetic b\u0103ng, axit succinic, axit fumaric, axit citric, axit tartaric, v.v., l\u00e0m cho v\u1ecb chua h\u1ed7n h\u1ee3p g\u1ea7n v\u1edbi v\u1ecb t\u1ef1 nhi\u00ean h\u01a1n.<br \/>\n(4) T\u00e1c d\u1ee5ng \u0111\u1ed1i v\u1edbi s\u1ea3n ph\u1ea9m ng\u00e2m chua. Th\u00eam 5-10% l\u01b0\u1ee3ng mu\u1ed1i c\u00f3 th\u1ec3 c\u1ea3i thi\u1ec7n h\u01b0\u01a1ng v\u1ecb v\u00e0 r\u00fat ng\u1eafn th\u1eddi gian \u01b0\u1edbp. (5) Th\u00eam L-alanine v\u00e0o \u0111\u1ed3 u\u1ed1ng c\u00f3 c\u1ed3n c\u00f3 th\u1ec3 l\u00e0m cho ch\u00fang c\u00f3 v\u1ecb d\u1ecbu, ng\u0103n ng\u1eeba bia v\u00e0 r\u01b0\u1ee3u vang s\u1ee7i b\u1ecdt b\u1ecb l\u00e3o h\u00f3a v\u00e0 gi\u1ea3m m\u00f9i n\u1ea5m men. L\u01b0\u1ee3ng th\u00eam v\u00e0o th\u01b0\u1eddng l\u00e0 1-3%.<br \/>\n(6) Th\u00eam 1-3% L-alanine v\u00e0o mayonnaise c\u00f3 th\u1ec3 ng\u0103n ng\u1eeba qu\u00e1 tr\u00ecnh oxy h\u00f3a.<br \/>\n(7) Th\u00eam 2-3% v\u00e0o c\u00e1c s\u1ea3n ph\u1ea9m b\u1ed9t \u0111\u1eadu n\u00e0nh (nh\u01b0 n\u01b0\u1edbc t\u01b0\u01a1ng, v.v.) c\u00f3 th\u1ec3 c\u1ea3i thi\u1ec7n h\u01b0\u01a1ng v\u1ecb.<\/p>\n<p><strong>\u0110\u00f3ng g\u00f3i &amp; L\u01b0u tr\u1eef<\/strong><\/p>\n<p>25 KG\/T\u00daI<\/p>\n<p>25 KG\/TR\u1ed0NG<\/p>","protected":false},"excerpt":{"rendered":"<p>T\u00ean s\u1ea3n ph\u1ea9m: L-Alanine<\/p>\n<p>S\u1ed1 CAS: 56-41-7<\/p>\n<p>Ch\u1ea5t trung gian: C3H7NO2<\/p>\n<p>Ngo\u1ea1i quan: B\u1ed9t tinh th\u1ec3 m\u00e0u tr\u1eafng<\/p>","protected":false},"featured_media":5175,"template":"","meta":{"_acf_changed":false,"_gspb_post_css":""},"product_brand":[],"product_cat":[55,103],"product_tag":[],"class_list":{"0":"post-5781","1":"product","2":"type-product","3":"status-publish","4":"has-post-thumbnail","6":"product_cat-food-additives","7":"product_cat-nutrition-enhancer","9":"first","10":"instock","11":"shipping-taxable","12":"product-type-simple"},"acf":[],"_links":{"self":[{"href":"https:\/\/wpachem.com\/vi\/wp-json\/wp\/v2\/product\/5781","targetHints":{"allow":["GET"]}}],"collection":[{"href":"https:\/\/wpachem.com\/vi\/wp-json\/wp\/v2\/product"}],"about":[{"href":"https:\/\/wpachem.com\/vi\/wp-json\/wp\/v2\/types\/product"}],"version-history":[{"count":0,"href":"https:\/\/wpachem.com\/vi\/wp-json\/wp\/v2\/product\/5781\/revisions"}],"wp:featuredmedia":[{"embeddable":true,"href":"https:\/\/wpachem.com\/vi\/wp-json\/wp\/v2\/media\/5175"}],"wp:attachment":[{"href":"https:\/\/wpachem.com\/vi\/wp-json\/wp\/v2\/media?parent=5781"}],"wp:term":[{"taxonomy":"product_brand","embeddable":true,"href":"https:\/\/wpachem.com\/vi\/wp-json\/wp\/v2\/product_brand?post=5781"},{"taxonomy":"product_cat","embeddable":true,"href":"https:\/\/wpachem.com\/vi\/wp-json\/wp\/v2\/product_cat?post=5781"},{"taxonomy":"product_tag","embeddable":true,"href":"https:\/\/wpachem.com\/vi\/wp-json\/wp\/v2\/product_tag?post=5781"}],"curies":[{"name":"wp","href":"https:\/\/api.w.org\/{rel}","templated":true}]}}