{"id":5783,"date":"2024-01-31T08:41:55","date_gmt":"2024-01-31T08:41:55","guid":{"rendered":"https:\/\/wpachem.com\/?post_type=product&#038;p=5783"},"modified":"2024-01-31T09:14:54","modified_gmt":"2024-01-31T09:14:54","slug":"l-valine-cas-72-18-4","status":"publish","type":"product","link":"https:\/\/wpachem.com\/vi\/product\/l-valine-cas-72-18-4\/","title":{"rendered":"L-Valine CAS 72-18-4"},"content":{"rendered":"<p>L-Valine l\u00e0 tinh th\u1ec3 \u0111\u01a1n nghi\u00eang m\u00e0u tr\u1eafng ho\u1eb7c b\u1ed9t tinh th\u1ec3.<\/p>\n<p><strong>\u1ee8ng d\u1ee5ng<\/strong><\/p>\n<p>Th\u1ef1c ph\u1ea9m b\u1ed5 sung dinh d\u01b0\u1ee1ng, c\u00f3 th\u1ec3 d\u00f9ng l\u00e0m th\u00e0nh ph\u1ea7n ch\u00ednh c\u1ee7a d\u1ecbch truy\u1ec1n axit amin v\u00e0 ch\u1ebf ph\u1ea9m axit amin to\u00e0n di\u1ec7n. L-Valine l\u00e0 m\u1ed9t trong ba axit amin chu\u1ed7i nh\u00e1nh. \u0110\u00e2y l\u00e0 m\u1ed9t axit amin thi\u1ebft y\u1ebfu v\u00e0 c\u00f3 th\u1ec3 \u0111i\u1ec1u tr\u1ecb suy gan v\u00e0 r\u1ed1i lo\u1ea1n ch\u1ee9c n\u0103ng h\u1ec7 th\u1ea7n kinh trung \u01b0\u01a1ng.<\/p>\n<p><strong>\u0110\u00f3ng g\u00f3i &amp; L\u01b0u tr\u1eef<\/strong><\/p>\n<p>25 KG\/T\u00daI<\/p>\n<p>25 KG\/TR\u1ed0NG<\/p>","protected":false},"excerpt":{"rendered":"<p>T\u00ean s\u1ea3n ph\u1ea9m: L-Valine<\/p>\n<p>CAS:72-18-4<\/p>\n<p>Ch\u1ea5t trung gian: C5H11NO2<\/p>\n<p>Ngo\u1ea1i quan: Tinh th\u1ec3 m\u00e0u tr\u1eafng<\/p>","protected":false},"featured_media":5175,"template":"","meta":{"_acf_changed":false,"_gspb_post_css":""},"product_brand":[],"product_cat":[55,103],"product_tag":[],"class_list":{"0":"post-5783","1":"product","2":"type-product","3":"status-publish","4":"has-post-thumbnail","6":"product_cat-food-additives","7":"product_cat-nutrition-enhancer","9":"first","10":"instock","11":"shipping-taxable","12":"product-type-simple"},"acf":[],"_links":{"self":[{"href":"https:\/\/wpachem.com\/vi\/wp-json\/wp\/v2\/product\/5783","targetHints":{"allow":["GET"]}}],"collection":[{"href":"https:\/\/wpachem.com\/vi\/wp-json\/wp\/v2\/product"}],"about":[{"href":"https:\/\/wpachem.com\/vi\/wp-json\/wp\/v2\/types\/product"}],"version-history":[{"count":0,"href":"https:\/\/wpachem.com\/vi\/wp-json\/wp\/v2\/product\/5783\/revisions"}],"wp:featuredmedia":[{"embeddable":true,"href":"https:\/\/wpachem.com\/vi\/wp-json\/wp\/v2\/media\/5175"}],"wp:attachment":[{"href":"https:\/\/wpachem.com\/vi\/wp-json\/wp\/v2\/media?parent=5783"}],"wp:term":[{"taxonomy":"product_brand","embeddable":true,"href":"https:\/\/wpachem.com\/vi\/wp-json\/wp\/v2\/product_brand?post=5783"},{"taxonomy":"product_cat","embeddable":true,"href":"https:\/\/wpachem.com\/vi\/wp-json\/wp\/v2\/product_cat?post=5783"},{"taxonomy":"product_tag","embeddable":true,"href":"https:\/\/wpachem.com\/vi\/wp-json\/wp\/v2\/product_tag?post=5783"}],"curies":[{"name":"wp","href":"https:\/\/api.w.org\/{rel}","templated":true}]}}