{"id":5787,"date":"2024-02-01T08:26:06","date_gmt":"2024-02-01T08:26:06","guid":{"rendered":"https:\/\/wpachem.com\/?post_type=product&#038;p=5787"},"modified":"2024-02-01T09:33:26","modified_gmt":"2024-02-01T09:33:26","slug":"hydrocotyle-asiatica-extract-cas-84696-21-9-hydrocotyleasiaticaextract","status":"publish","type":"product","link":"https:\/\/wpachem.com\/vi\/product\/hydrocotyle-asiatica-extract-cas-84696-21-9-hydrocotyleasiaticaextract\/","title":{"rendered":"Chi\u1ebft xu\u1ea5t Hydrocotyle Asiatica CAS 84696-21-9 Chi\u1ebft xu\u1ea5t Hydrocotyleasiatica"},"content":{"rendered":"<p>N\u00f3 th\u01b0\u1eddng c\u00f3 d\u1ea1ng b\u1ed9t m\u00e0u v\u00e0ng nh\u1ea1t \u0111\u1ebfn x\u00e1m n\u00e2u.<\/p>\n<p><strong>\u1ee8ng d\u1ee5ng<\/strong><\/p>\n<p>\u2013 Ch\u0103m s\u00f3c da: Chi\u1ebft xu\u1ea5t Centella asiatica \u0111\u01b0\u1ee3c s\u1eed d\u1ee5ng r\u1ed9ng r\u00e3i trong m\u1ef9 ph\u1ea9m v\u00e0 c\u00e1c s\u1ea3n ph\u1ea9m ch\u0103m s\u00f3c da v\u00ec kh\u1ea3 n\u0103ng th\u00fac \u0111\u1ea9y t\u1ed5ng h\u1ee3p collagen, c\u00f3 th\u1ec3 c\u1ea3i thi\u1ec7n \u0111\u1ed9 \u0111\u00e0n h\u1ed3i v\u00e0 s\u0103n ch\u1eafc c\u1ee7a da, \u0111\u1ed3ng th\u1eddi l\u00e0m gi\u1ea3m n\u1ebfp nh\u0103n v\u00e0 v\u1ebft ch\u00e2n chim.<br \/>\n\u2013 L\u00e0m l\u00e0nh v\u1ebft th\u01b0\u01a1ng: Chi\u1ebft xu\u1ea5t Centella asiatica c\u00f2n gi\u00fap \u0111\u1ea9y nhanh qu\u00e1 tr\u00ecnh l\u00e0m l\u00e0nh v\u1ebft th\u01b0\u01a1ng v\u00e0 gi\u1ea3m s\u1eb9o.<br \/>\n\u2013 Ch\u1ea5t ch\u1ed1ng oxy h\u00f3a: C\u00f3 t\u00e1c d\u1ee5ng ch\u1ed1ng oxy h\u00f3a v\u00e0 c\u00f3 th\u1ec3 gi\u00fap l\u00e0m gi\u1ea3m t\u1ed5n th\u01b0\u01a1ng t\u1ebf b\u00e0o do c\u00e1c g\u1ed1c t\u1ef1 do g\u00e2y ra.<\/p>\n<p><strong>\u0110\u00f3ng g\u00f3i &amp; L\u01b0u tr\u1eef<\/strong><\/p>\n<p>25 KG\/T\u00daI<\/p>\n<p>25 KG\/TR\u1ed0NG<\/p>","protected":false},"excerpt":{"rendered":"<p>T\u00ean s\u1ea3n ph\u1ea9m: Chi\u1ebft xu\u1ea5t Hydrocotyle Asiatica<\/p>\n<p>CAS:84696-21-9<\/p>\n<p>Ngo\u1ea1i quan: B\u1ed9t m\u00e0u tr\u1eafng<\/p>","protected":false},"featured_media":5175,"template":"","meta":{"_acf_changed":false,"_gspb_post_css":""},"product_brand":[],"product_cat":[122,125],"product_tag":[],"class_list":{"0":"post-5787","1":"product","2":"type-product","3":"status-publish","4":"has-post-thumbnail","6":"product_cat-plant-extract","7":"product_cat-cosmetic-raw-materials","9":"first","10":"instock","11":"shipping-taxable","12":"product-type-simple"},"acf":[],"_links":{"self":[{"href":"https:\/\/wpachem.com\/vi\/wp-json\/wp\/v2\/product\/5787","targetHints":{"allow":["GET"]}}],"collection":[{"href":"https:\/\/wpachem.com\/vi\/wp-json\/wp\/v2\/product"}],"about":[{"href":"https:\/\/wpachem.com\/vi\/wp-json\/wp\/v2\/types\/product"}],"version-history":[{"count":0,"href":"https:\/\/wpachem.com\/vi\/wp-json\/wp\/v2\/product\/5787\/revisions"}],"wp:featuredmedia":[{"embeddable":true,"href":"https:\/\/wpachem.com\/vi\/wp-json\/wp\/v2\/media\/5175"}],"wp:attachment":[{"href":"https:\/\/wpachem.com\/vi\/wp-json\/wp\/v2\/media?parent=5787"}],"wp:term":[{"taxonomy":"product_brand","embeddable":true,"href":"https:\/\/wpachem.com\/vi\/wp-json\/wp\/v2\/product_brand?post=5787"},{"taxonomy":"product_cat","embeddable":true,"href":"https:\/\/wpachem.com\/vi\/wp-json\/wp\/v2\/product_cat?post=5787"},{"taxonomy":"product_tag","embeddable":true,"href":"https:\/\/wpachem.com\/vi\/wp-json\/wp\/v2\/product_tag?post=5787"}],"curies":[{"name":"wp","href":"https:\/\/api.w.org\/{rel}","templated":true}]}}