{"id":5789,"date":"2024-02-01T09:33:52","date_gmt":"2024-02-01T09:33:52","guid":{"rendered":"https:\/\/wpachem.com\/?post_type=product&#038;p=5789"},"modified":"2024-02-01T09:39:19","modified_gmt":"2024-02-01T09:39:19","slug":"dipotassium-glycyrrhizinate-cas-68797-35-3-18b-glycyrrhizic-acid-dipotassiumsalt","status":"publish","type":"product","link":"https:\/\/wpachem.com\/vi\/product\/dipotassium-glycyrrhizinate-cas-68797-35-3-18b-glycyrrhizic-acid-dipotassiumsalt\/","title":{"rendered":"Dipotassium Glycyrrhizinate CAS 68797-35-3 18b-Glycyrrhizinic acid dipotassiumsalt"},"content":{"rendered":"<p>Dipotassium glycyrrhizinate l\u00e0 b\u1ed9t tinh th\u1ec3 m\u00e0u tr\u1eafng, tan trong n\u01b0\u1edbc v\u00e0 tan \u00edt trong methanol v\u00e0 ethanol. N\u00f3 c\u00f3 \u0111\u1eb7c t\u00ednh \u0111\u1eb7c tr\u01b0ng c\u1ee7a axit glycyrrhizinic v\u00e0 c\u00f3 v\u1ecb ng\u1ecdt nh\u1ea5t \u0111\u1ecbnh.<\/p>\n<p><strong>\u1ee8ng d\u1ee5ng<\/strong><\/p>\n<p>Dipotassium glycyrrhizinate \u0111\u01b0\u1ee3c s\u1eed d\u1ee5ng r\u1ed9ng r\u00e3i trong ng\u00e0nh d\u01b0\u1ee3c ph\u1ea9m v\u00e0 th\u1ef1c ph\u1ea9m.<\/p>\n<p>Trong l\u0129nh v\u1ef1c y t\u1ebf, n\u00f3 th\u01b0\u1eddng \u0111\u01b0\u1ee3c d\u00f9ng \u0111\u1ec3 \u0111i\u1ec1u tr\u1ecb ho v\u00e0 vi\u00eam ph\u1ebf qu\u1ea3n, c\u00f3 th\u1ec3 l\u00e0m d\u1ecbu c\u1ed5 h\u1ecdng v\u00e0 ph\u1ebf qu\u1ea3n.<\/p>\n<p>Trong ng\u00e0nh c\u00f4ng nghi\u1ec7p th\u1ef1c ph\u1ea9m, n\u00f3 \u0111\u01b0\u1ee3c s\u1eed d\u1ee5ng nh\u01b0 m\u1ed9t ch\u1ea5t ph\u1ee5 gia th\u1ef1c ph\u1ea9m \u0111\u1ec3 t\u1ea1o v\u1ecb ng\u1ecdt v\u00e0 t\u0103ng h\u01b0\u01a1ng v\u1ecb cho th\u1ef1c ph\u1ea9m.<\/p>\n<p><strong>\u0110\u00f3ng g\u00f3i &amp; L\u01b0u tr\u1eef<\/strong><\/p>\n<p>25 KG\/T\u00daI<\/p>\n<p>25 KG\/TR\u1ed0NG<\/p>","protected":false},"excerpt":{"rendered":"<p>T\u00ean s\u1ea3n ph\u1ea9m: Dipotassium Glycyrrhizinate<\/p>\n<p>CAS:68797-35-3<\/p>\n<p>M\u00e3 s\u1ed1:C42H63KO16<\/p>\n<p>Ngo\u1ea1i quan: Tinh th\u1ec3 m\u00e0u tr\u1eafng<\/p>","protected":false},"featured_media":5175,"template":"","meta":{"_acf_changed":false,"_gspb_post_css":""},"product_brand":[],"product_cat":[122,125],"product_tag":[],"class_list":{"0":"post-5789","1":"product","2":"type-product","3":"status-publish","4":"has-post-thumbnail","6":"product_cat-plant-extract","7":"product_cat-cosmetic-raw-materials","9":"first","10":"instock","11":"shipping-taxable","12":"product-type-simple"},"acf":[],"_links":{"self":[{"href":"https:\/\/wpachem.com\/vi\/wp-json\/wp\/v2\/product\/5789","targetHints":{"allow":["GET"]}}],"collection":[{"href":"https:\/\/wpachem.com\/vi\/wp-json\/wp\/v2\/product"}],"about":[{"href":"https:\/\/wpachem.com\/vi\/wp-json\/wp\/v2\/types\/product"}],"version-history":[{"count":0,"href":"https:\/\/wpachem.com\/vi\/wp-json\/wp\/v2\/product\/5789\/revisions"}],"wp:featuredmedia":[{"embeddable":true,"href":"https:\/\/wpachem.com\/vi\/wp-json\/wp\/v2\/media\/5175"}],"wp:attachment":[{"href":"https:\/\/wpachem.com\/vi\/wp-json\/wp\/v2\/media?parent=5789"}],"wp:term":[{"taxonomy":"product_brand","embeddable":true,"href":"https:\/\/wpachem.com\/vi\/wp-json\/wp\/v2\/product_brand?post=5789"},{"taxonomy":"product_cat","embeddable":true,"href":"https:\/\/wpachem.com\/vi\/wp-json\/wp\/v2\/product_cat?post=5789"},{"taxonomy":"product_tag","embeddable":true,"href":"https:\/\/wpachem.com\/vi\/wp-json\/wp\/v2\/product_tag?post=5789"}],"curies":[{"name":"wp","href":"https:\/\/api.w.org\/{rel}","templated":true}]}}