{"id":5791,"date":"2024-02-02T06:07:00","date_gmt":"2024-02-02T06:07:00","guid":{"rendered":"https:\/\/wpachem.com\/?post_type=product&#038;p=5791"},"modified":"2024-02-02T06:10:58","modified_gmt":"2024-02-02T06:10:58","slug":"allantoin-cas-97-59-6-glyoxylic-diureide-5-ureidohydantoin-glyoxyldiureid","status":"publish","type":"product","link":"https:\/\/wpachem.com\/vi\/product\/allantoin-cas-97-59-6-glyoxylic-diureide-5-ureidohydantoin-glyoxyldiureid\/","title":{"rendered":"Allantoin CAS 97-59-6 Glyoxylic diureide 5-Ureidohydantoin Glyoxyldiureid"},"content":{"rendered":"<p>N\u00f3 l\u00e0 ch\u1ea5t r\u1eafn k\u1ebft tinh kh\u00f4ng m\u00e0u, tan trong n\u01b0\u1edbc v\u00e0 dung m\u00f4i c\u1ed3n, c\u00f3 \u0111\u1ed9 \u1ed5n \u0111\u1ecbnh nhi\u1ec7t cao.<\/p>\n<p><strong>\u1ee8ng d\u1ee5ng<\/strong><\/p>\n<p>Allantoin c\u00f3 nhi\u1ec1u c\u00f4ng d\u1ee5ng.<br \/>\n\u0110\u1ea7u ti\u00ean, n\u00f3 \u0111\u01b0\u1ee3c s\u1eed d\u1ee5ng r\u1ed9ng r\u00e3i nh\u01b0 m\u1ed9t ch\u1ea5t ph\u1ee5 gia ph\u00e2n b\u00f3n v\u00e0 khi \u0111\u01b0\u1ee3c c\u00e2y h\u1ea5p th\u1ee5, n\u00f3 s\u1ebd cung c\u1ea5p nit\u01a1 m\u00e0 c\u00e2y c\u1ea7n.<br \/>\nTh\u1ee9 hai, allantoin c\u00f3 th\u1ec3 \u0111\u01b0\u1ee3c s\u1eed d\u1ee5ng \u0111\u1ec3 \u0111i\u1ec1u ch\u1ebf ch\u1ea5t h\u1ed7 tr\u1ee3 ch\u1ebf bi\u1ebfn cao su, nh\u1ef1a t\u1ed5ng h\u1ee3p, thu\u1ed1c nhu\u1ed9m v\u00e0 ch\u1ea5t l\u00e0m tr\u1eafng hu\u1ef3nh quang, v.v.<br \/>\nNgo\u00e0i ra, allantoin c\u00f2n c\u00f3 th\u1ec3 \u0111\u01b0\u1ee3c d\u00f9ng \u0111\u1ec3 \u0111i\u1ec1u ch\u1ebf thu\u1ed1c th\u1eed h\u00f3a h\u1ecdc v\u00e0 d\u00f9ng l\u00e0m ch\u1ea5t chu\u1ea9n cho x\u00e9t nghi\u1ec7m n\u01b0\u1edbc ti\u1ec3u trong ch\u1ea9n \u0111o\u00e1n y khoa.<\/p>\n<p><strong>\u0110\u00f3ng g\u00f3i &amp; L\u01b0u tr\u1eef<\/strong><\/p>\n<p>25 KG\/T\u00daI<\/p>\n<p>25 KG\/TR\u1ed0NG<\/p>","protected":false},"excerpt":{"rendered":"<p>T\u00ean s\u1ea3n ph\u1ea9m: Allantoin<\/p>\n<p>CAS:97-59-6<\/p>\n<p>M\u00e3 s\u1ed1:C42H63KO16<\/p>\n<p>Ngo\u1ea1i quan: ch\u1ea5t r\u1eafn k\u1ebft tinh kh\u00f4ng m\u00e0u<\/p>","protected":false},"featured_media":5175,"template":"","meta":{"_acf_changed":false,"_gspb_post_css":""},"product_brand":[],"product_cat":[60],"product_tag":[],"class_list":{"0":"post-5791","1":"product","2":"type-product","3":"status-publish","4":"has-post-thumbnail","6":"product_cat-cosmetic-ingredients","8":"first","9":"instock","10":"shipping-taxable","11":"product-type-simple"},"acf":[],"_links":{"self":[{"href":"https:\/\/wpachem.com\/vi\/wp-json\/wp\/v2\/product\/5791","targetHints":{"allow":["GET"]}}],"collection":[{"href":"https:\/\/wpachem.com\/vi\/wp-json\/wp\/v2\/product"}],"about":[{"href":"https:\/\/wpachem.com\/vi\/wp-json\/wp\/v2\/types\/product"}],"version-history":[{"count":0,"href":"https:\/\/wpachem.com\/vi\/wp-json\/wp\/v2\/product\/5791\/revisions"}],"wp:featuredmedia":[{"embeddable":true,"href":"https:\/\/wpachem.com\/vi\/wp-json\/wp\/v2\/media\/5175"}],"wp:attachment":[{"href":"https:\/\/wpachem.com\/vi\/wp-json\/wp\/v2\/media?parent=5791"}],"wp:term":[{"taxonomy":"product_brand","embeddable":true,"href":"https:\/\/wpachem.com\/vi\/wp-json\/wp\/v2\/product_brand?post=5791"},{"taxonomy":"product_cat","embeddable":true,"href":"https:\/\/wpachem.com\/vi\/wp-json\/wp\/v2\/product_cat?post=5791"},{"taxonomy":"product_tag","embeddable":true,"href":"https:\/\/wpachem.com\/vi\/wp-json\/wp\/v2\/product_tag?post=5791"}],"curies":[{"name":"wp","href":"https:\/\/api.w.org\/{rel}","templated":true}]}}