{"id":5793,"date":"2024-02-02T06:11:36","date_gmt":"2024-02-02T06:11:36","guid":{"rendered":"https:\/\/wpachem.com\/?post_type=product&#038;p=5793"},"modified":"2024-02-02T06:16:24","modified_gmt":"2024-02-02T06:16:24","slug":"piroctone-olamine-cas-68890-66-4-1-hydroxy-4-methyl-62-4-4-trimethylpentyl2-pyridon-monoethanolamine-salt","status":"publish","type":"product","link":"https:\/\/wpachem.com\/vi\/product\/piroctone-olamine-cas-68890-66-4-1-hydroxy-4-methyl-62-4-4-trimethylpentyl2-pyridon-monoethanolamine-salt\/","title":{"rendered":"Piroctone olamine CAS 68890-66-4 Mu\u1ed1i 1-Hydroxy-4-methyl-6(2 4 4-trimethylpentyl)2-pyridon monoethanolamine"},"content":{"rendered":"<p>N\u00f3 l\u00e0 ch\u1ea5t l\u1ecfng kh\u00f4ng m\u00e0u c\u00f3 m\u00f9i \u0111\u1eb7c bi\u1ec7t.<\/p>\n<p><strong>\u1ee8ng d\u1ee5ng<\/strong><\/p>\n<p>1. T\u1ed5ng h\u1ee3p h\u00f3a h\u1ecdc: Oxypyridone c\u00f3 th\u1ec3 \u0111\u01b0\u1ee3c s\u1eed d\u1ee5ng nh\u01b0 m\u1ed9t ch\u1ea5t trung gian t\u1ed5ng h\u1ee3p quan tr\u1ecdng \u0111\u1ec3 t\u1ed5ng h\u1ee3p c\u00e1c h\u1ee3p ch\u1ea5t h\u1eefu c\u01a1 kh\u00e1c.<\/p>\n<p>2. M\u1ef9 ph\u1ea9m v\u00e0 s\u1ea3n ph\u1ea9m ch\u0103m s\u00f3c c\u00e1 nh\u00e2n: Oxypyridone th\u01b0\u1eddng \u0111\u01b0\u1ee3c s\u1eed d\u1ee5ng trong thu\u1ed1c nhu\u1ed9m t\u00f3c, thu\u1ed1c u\u1ed1n t\u00f3c v\u0129nh vi\u1ec5n v\u00e0 s\u00e1p vu\u1ed1t t\u00f3c \u0111\u1ec3 thay \u0111\u1ed5i m\u00e0u s\u1eafc v\u00e0 h\u00ecnh d\u1ea1ng c\u1ee7a t\u00f3c.<\/p>\n<p>3. L\u0129nh v\u1ef1c d\u01b0\u1ee3c ph\u1ea9m: Oxypyridone c\u00f3 nhi\u1ec1u \u1ee9ng d\u1ee5ng d\u01b0\u1ee3c ph\u1ea9m ti\u1ec1m n\u0103ng, ch\u1eb3ng h\u1ea1n nh\u01b0 nghi\u00ean c\u1ee9u ch\u1ed1ng l\u00e3o h\u00f3a v\u00e0 \u0111i\u1ec1u h\u00f2a mi\u1ec5n d\u1ecbch.<\/p>\n<p><strong>\u0110\u00f3ng g\u00f3i &amp; L\u01b0u tr\u1eef<\/strong><\/p>\n<p>25 KG\/TR\u1ed0NG<\/p>","protected":false},"excerpt":{"rendered":"<p>T\u00ean s\u1ea3n ph\u1ea9m: Piroctone olamine<\/p>\n<p>CAS:68890-66-4<\/p>\n<p>MF: C16H30N2O3<\/p>\n<p>Ngo\u1ea1i quan: ch\u1ea5t l\u1ecfng kh\u00f4ng m\u00e0u<\/p>","protected":false},"featured_media":2212,"template":"","meta":{"_acf_changed":false,"_gspb_post_css":""},"product_brand":[],"product_cat":[60],"product_tag":[],"class_list":{"0":"post-5793","1":"product","2":"type-product","3":"status-publish","4":"has-post-thumbnail","6":"product_cat-cosmetic-ingredients","8":"first","9":"instock","10":"shipping-taxable","11":"product-type-simple"},"acf":[],"_links":{"self":[{"href":"https:\/\/wpachem.com\/vi\/wp-json\/wp\/v2\/product\/5793","targetHints":{"allow":["GET"]}}],"collection":[{"href":"https:\/\/wpachem.com\/vi\/wp-json\/wp\/v2\/product"}],"about":[{"href":"https:\/\/wpachem.com\/vi\/wp-json\/wp\/v2\/types\/product"}],"version-history":[{"count":0,"href":"https:\/\/wpachem.com\/vi\/wp-json\/wp\/v2\/product\/5793\/revisions"}],"wp:featuredmedia":[{"embeddable":true,"href":"https:\/\/wpachem.com\/vi\/wp-json\/wp\/v2\/media\/2212"}],"wp:attachment":[{"href":"https:\/\/wpachem.com\/vi\/wp-json\/wp\/v2\/media?parent=5793"}],"wp:term":[{"taxonomy":"product_brand","embeddable":true,"href":"https:\/\/wpachem.com\/vi\/wp-json\/wp\/v2\/product_brand?post=5793"},{"taxonomy":"product_cat","embeddable":true,"href":"https:\/\/wpachem.com\/vi\/wp-json\/wp\/v2\/product_cat?post=5793"},{"taxonomy":"product_tag","embeddable":true,"href":"https:\/\/wpachem.com\/vi\/wp-json\/wp\/v2\/product_tag?post=5793"}],"curies":[{"name":"wp","href":"https:\/\/api.w.org\/{rel}","templated":true}]}}