{"id":5795,"date":"2024-02-02T06:16:34","date_gmt":"2024-02-02T06:16:34","guid":{"rendered":"https:\/\/wpachem.com\/?post_type=product&#038;p=5795"},"modified":"2024-02-02T06:19:57","modified_gmt":"2024-02-02T06:19:57","slug":"ginger-extract-cas-84696-15-1-cosmetics-raw-material-beauty-gingerextract-high-quality-cosmetic-ingredients","status":"publish","type":"product","link":"https:\/\/wpachem.com\/vi\/product\/ginger-extract-cas-84696-15-1-cosmetics-raw-material-beauty-gingerextract-high-quality-cosmetic-ingredients\/","title":{"rendered":"Chi\u1ebft xu\u1ea5t g\u1eebng CAS 84696-15-1 Nguy\u00ean li\u1ec7u m\u1ef9 ph\u1ea9m l\u00e0m \u0111\u1eb9p Chi\u1ebft xu\u1ea5t g\u1eebng Th\u00e0nh ph\u1ea7n m\u1ef9 ph\u1ea9m ch\u1ea5t l\u01b0\u1ee3ng cao"},"content":{"rendered":"<p>Ch\u1ea5t l\u1ecfng ho\u1eb7c b\u1ed9t m\u00e0u v\u00e0ng nh\u1ea1t \u0111\u1ebfn n\u00e2u<\/p>\n<p><strong>\u1ee8ng d\u1ee5ng<\/strong><\/p>\n<p>\u2013 C\u00f4ng nghi\u1ec7p th\u1ef1c ph\u1ea9m: Chi\u1ebft xu\u1ea5t g\u1eebng c\u00f3 th\u1ec3 \u0111\u01b0\u1ee3c s\u1eed d\u1ee5ng l\u00e0m ch\u1ea5t t\u1ea1o h\u01b0\u01a1ng v\u1ecb, ph\u1ee5 gia th\u1ef1c ph\u1ea9m g\u1eebng, th\u1ef1c ph\u1ea9m s\u1ee9c kh\u1ecfe, v.v.<br \/>\n\u2013 \u1ee8ng d\u1ee5ng trong y h\u1ecdc: Chi\u1ebft xu\u1ea5t g\u1eebng \u0111\u01b0\u1ee3c s\u1eed d\u1ee5ng r\u1ed9ng r\u00e3i trong y h\u1ecdc c\u1ed5 truy\u1ec1n v\u00e0 c\u00e1c ch\u1ebf ph\u1ea9m d\u01b0\u1ee3c ph\u1ea9m hi\u1ec7n \u0111\u1ea1i \u0111\u1ec3 l\u00e0m gi\u1ea3m kh\u00f3 ch\u1ecbu \u0111\u01b0\u1eddng ti\u00eau h\u00f3a, ch\u1ed1ng vi\u00eam, gi\u1ea3m \u0111au v\u00e0 t\u0103ng c\u01b0\u1eddng kh\u1ea3 n\u0103ng mi\u1ec5n d\u1ecbch.<br \/>\n\u2013 Ng\u00e0nh m\u1ef9 ph\u1ea9m: Chi\u1ebft xu\u1ea5t g\u1eebng th\u01b0\u1eddng c\u00f3 trong c\u00e1c s\u1ea3n ph\u1ea9m l\u00e0m \u0111\u1eb9p v\u00e0 ch\u0103m s\u00f3c da, c\u00f3 ch\u1ee9c n\u0103ng lo\u1ea1i b\u1ecf m\u1ee5n, l\u00e0m d\u1ecbu da nh\u1ea1y c\u1ea3m v\u00e0 l\u00e0m s\u00e1ng t\u00f4ng m\u00e0u da.<\/p>\n<p><strong>\u0110\u00f3ng g\u00f3i &amp; L\u01b0u tr\u1eef<\/strong><\/p>\n<p>25 KG\/T\u00daI<\/p>\n<p>25 KG\/TR\u1ed0NG<\/p>","protected":false},"excerpt":{"rendered":"<p>T\u00ean s\u1ea3n ph\u1ea9m: Chi\u1ebft xu\u1ea5t g\u1eebng<\/p>\n<p>CAS:84696-15-1<\/p>\n<p>M\u1ea0NG: C21H34O4<\/p>\n<p>Ngo\u1ea1i quan: Ch\u1ea5t l\u1ecfng ho\u1eb7c b\u1ed9t m\u00e0u v\u00e0ng nh\u1ea1t \u0111\u1ebfn n\u00e2u<\/p>","protected":false},"featured_media":5134,"template":"","meta":{"_acf_changed":false,"_gspb_post_css":""},"product_brand":[],"product_cat":[122,125,124],"product_tag":[],"class_list":{"0":"post-5795","1":"product","2":"type-product","3":"status-publish","4":"has-post-thumbnail","6":"product_cat-plant-extract","7":"product_cat-cosmetic-raw-materials","8":"product_cat-food-additives-plant-extract","10":"first","11":"instock","12":"shipping-taxable","13":"product-type-simple"},"acf":[],"_links":{"self":[{"href":"https:\/\/wpachem.com\/vi\/wp-json\/wp\/v2\/product\/5795","targetHints":{"allow":["GET"]}}],"collection":[{"href":"https:\/\/wpachem.com\/vi\/wp-json\/wp\/v2\/product"}],"about":[{"href":"https:\/\/wpachem.com\/vi\/wp-json\/wp\/v2\/types\/product"}],"version-history":[{"count":0,"href":"https:\/\/wpachem.com\/vi\/wp-json\/wp\/v2\/product\/5795\/revisions"}],"wp:featuredmedia":[{"embeddable":true,"href":"https:\/\/wpachem.com\/vi\/wp-json\/wp\/v2\/media\/5134"}],"wp:attachment":[{"href":"https:\/\/wpachem.com\/vi\/wp-json\/wp\/v2\/media?parent=5795"}],"wp:term":[{"taxonomy":"product_brand","embeddable":true,"href":"https:\/\/wpachem.com\/vi\/wp-json\/wp\/v2\/product_brand?post=5795"},{"taxonomy":"product_cat","embeddable":true,"href":"https:\/\/wpachem.com\/vi\/wp-json\/wp\/v2\/product_cat?post=5795"},{"taxonomy":"product_tag","embeddable":true,"href":"https:\/\/wpachem.com\/vi\/wp-json\/wp\/v2\/product_tag?post=5795"}],"curies":[{"name":"wp","href":"https:\/\/api.w.org\/{rel}","templated":true}]}}