{"id":5797,"date":"2024-02-02T06:20:19","date_gmt":"2024-02-02T06:20:19","guid":{"rendered":"https:\/\/wpachem.com\/?post_type=product&#038;p=5797"},"modified":"2024-02-02T06:24:10","modified_gmt":"2024-02-02T06:24:10","slug":"rutin-cas-153-18-4-quercetin-36-o-alpha-l-rhamnopyranosyl-glucopyranosidbeta-d","status":"publish","type":"product","link":"https:\/\/wpachem.com\/vi\/product\/rutin-cas-153-18-4-quercetin-36-o-alpha-l-rhamnopyranosyl-glucopyranosidbeta-d\/","title":{"rendered":"Rutin CAS 153-18-4 Quercetin-36-o-alpha-l-rhamnopyranosyl-glucopyranosidbeta-d"},"content":{"rendered":"<p>Rutin l\u00e0 tinh th\u1ec3 kh\u00f4ng m\u00e0u ho\u1eb7c v\u00e0ng nh\u1ea1t, tan trong n\u01b0\u1edbc n\u00f3ng, etanol v\u00e0 ete, nh\u01b0ng kh\u00f4ng tan trong dung m\u00f4i h\u1eefu c\u01a1. N\u00f3 c\u00f3 t\u00e1c d\u1ee5ng ch\u1ed1ng oxy h\u00f3a, ch\u1ed1ng vi\u00eam, kh\u00e1ng khu\u1ea9n, ch\u1ed1ng d\u1ecb \u1ee9ng v\u00e0 c\u00e1c ho\u1ea1t t\u00ednh kh\u00e1c.<\/p>\n<p><strong>\u1ee8ng d\u1ee5ng<\/strong><\/p>\n<p>Trong y h\u1ecdc, n\u00f3 \u0111\u01b0\u1ee3c s\u1eed d\u1ee5ng nh\u01b0 m\u1ed9t ch\u1ea5t ch\u1ed1ng oxy h\u00f3a v\u00e0 ch\u1ed1ng vi\u00eam, th\u01b0\u1eddng \u0111\u01b0\u1ee3c d\u00f9ng \u0111\u1ec3 \u0111i\u1ec1u tr\u1ecb c\u00e1c b\u1ec7nh tim m\u1ea1ch, ch\u1ed1ng d\u1ecb \u1ee9ng, c\u1ea3i thi\u1ec7n vi tu\u1ea7n ho\u00e0n, v.v.<br \/>\nNgo\u00e0i ra, rutin c\u00f2n c\u00f3 th\u1ec3 \u0111\u01b0\u1ee3c s\u1eed d\u1ee5ng trong th\u1ef1c ph\u1ea9m v\u00e0 m\u1ef9 ph\u1ea9m nh\u01b0 m\u1ed9t s\u1ea3n ph\u1ea9m ch\u0103m s\u00f3c s\u1ee9c kh\u1ecfe v\u00e0 l\u00e0m \u0111\u1eb9p t\u1ef1 nhi\u00ean.<\/p>\n<p><strong>\u0110\u00f3ng g\u00f3i &amp; L\u01b0u tr\u1eef<\/strong><\/p>\n<p>25 KG\/T\u00daI<\/p>\n<p>25 KG\/TR\u1ed0NG<\/p>","protected":false},"excerpt":{"rendered":"<p>T\u00ean s\u1ea3n ph\u1ea9m: Rutin<\/p>\n<p>CAS:153-18-4<\/p>\n<p>M\u1ea0NG: C27H30O16<\/p>\n<p>Ngo\u1ea1i quan: tinh th\u1ec3 kh\u00f4ng m\u00e0u ho\u1eb7c v\u00e0ng nh\u1ea1t<\/p>","protected":false},"featured_media":2097,"template":"","meta":{"_acf_changed":false,"_gspb_post_css":""},"product_brand":[],"product_cat":[122,125],"product_tag":[],"class_list":{"0":"post-5797","1":"product","2":"type-product","3":"status-publish","4":"has-post-thumbnail","6":"product_cat-plant-extract","7":"product_cat-cosmetic-raw-materials","9":"first","10":"instock","11":"shipping-taxable","12":"product-type-simple"},"acf":[],"_links":{"self":[{"href":"https:\/\/wpachem.com\/vi\/wp-json\/wp\/v2\/product\/5797","targetHints":{"allow":["GET"]}}],"collection":[{"href":"https:\/\/wpachem.com\/vi\/wp-json\/wp\/v2\/product"}],"about":[{"href":"https:\/\/wpachem.com\/vi\/wp-json\/wp\/v2\/types\/product"}],"version-history":[{"count":0,"href":"https:\/\/wpachem.com\/vi\/wp-json\/wp\/v2\/product\/5797\/revisions"}],"wp:featuredmedia":[{"embeddable":true,"href":"https:\/\/wpachem.com\/vi\/wp-json\/wp\/v2\/media\/2097"}],"wp:attachment":[{"href":"https:\/\/wpachem.com\/vi\/wp-json\/wp\/v2\/media?parent=5797"}],"wp:term":[{"taxonomy":"product_brand","embeddable":true,"href":"https:\/\/wpachem.com\/vi\/wp-json\/wp\/v2\/product_brand?post=5797"},{"taxonomy":"product_cat","embeddable":true,"href":"https:\/\/wpachem.com\/vi\/wp-json\/wp\/v2\/product_cat?post=5797"},{"taxonomy":"product_tag","embeddable":true,"href":"https:\/\/wpachem.com\/vi\/wp-json\/wp\/v2\/product_tag?post=5797"}],"curies":[{"name":"wp","href":"https:\/\/api.w.org\/{rel}","templated":true}]}}