{"id":5799,"date":"2024-02-02T06:24:31","date_gmt":"2024-02-02T06:24:31","guid":{"rendered":"https:\/\/wpachem.com\/?post_type=product&#038;p=5799"},"modified":"2024-02-05T08:30:12","modified_gmt":"2024-02-05T08:30:12","slug":"camipure-crystalline-cas-541-15-1-l-carnitine-3-hydroxy-4-trimethylammoniobutanoate","status":"publish","type":"product","link":"https:\/\/wpachem.com\/vi\/product\/camipure-crystalline-cas-541-15-1-l-carnitine-3-hydroxy-4-trimethylammoniobutanoate\/","title":{"rendered":"L \u2013 Camipure Crystalline CAS 541-15-1 L(-)-Carnitine 3-Hydroxy-4-(trimethylammonio)butanoate"},"content":{"rendered":"<p>L-Carnitine l\u00e0 ch\u1ea5t r\u1eafn d\u1ea1ng tinh th\u1ec3 m\u00e0u tr\u1eafng, kh\u00f4ng m\u00f9i.<\/p>\n<p><strong>\u1ee8ng d\u1ee5ng<\/strong><\/p>\n<p>L-carnitine \u0111\u01b0\u1ee3c s\u1eed d\u1ee5ng r\u1ed9ng r\u00e3i trong l\u0129nh v\u1ef1c dinh d\u01b0\u1ee1ng th\u1ec3 thao v\u00e0 th\u1ec3 h\u00ecnh nh\u01b0 m\u1ed9t ch\u1ea5t b\u1ed5 sung \u0111\u1ec3 t\u0103ng c\u01b0\u1eddng th\u1ec3 l\u1ef1c, th\u00fac \u0111\u1ea9y qu\u00e1 tr\u00ecnh chuy\u1ec3n h\u00f3a ch\u1ea5t b\u00e9o v\u00e0 gi\u1ea3m c\u00e2n.<\/p>\n<p><strong>\u0110\u00f3ng g\u00f3i &amp; L\u01b0u tr\u1eef<\/strong><\/p>\n<p>25 KG\/T\u00daI<\/p>\n<p>25 KG\/TR\u1ed0NG<\/p>","protected":false},"excerpt":{"rendered":"<p>T\u00ean s\u1ea3n ph\u1ea9m: L-Carnitine<\/p>\n<p>CAS:541-15-1<\/p>\n<p>MF:C7H15NO3<\/p>\n<p>Ngo\u1ea1i quan: ch\u1ea5t r\u1eafn k\u1ebft tinh m\u00e0u tr\u1eafng<\/p>","protected":false},"featured_media":5175,"template":"","meta":{"_acf_changed":false,"_gspb_post_css":""},"product_brand":[],"product_cat":[55,103],"product_tag":[],"class_list":{"0":"post-5799","1":"product","2":"type-product","3":"status-publish","4":"has-post-thumbnail","6":"product_cat-food-additives","7":"product_cat-nutrition-enhancer","9":"first","10":"instock","11":"shipping-taxable","12":"product-type-simple"},"acf":[],"_links":{"self":[{"href":"https:\/\/wpachem.com\/vi\/wp-json\/wp\/v2\/product\/5799","targetHints":{"allow":["GET"]}}],"collection":[{"href":"https:\/\/wpachem.com\/vi\/wp-json\/wp\/v2\/product"}],"about":[{"href":"https:\/\/wpachem.com\/vi\/wp-json\/wp\/v2\/types\/product"}],"version-history":[{"count":0,"href":"https:\/\/wpachem.com\/vi\/wp-json\/wp\/v2\/product\/5799\/revisions"}],"wp:featuredmedia":[{"embeddable":true,"href":"https:\/\/wpachem.com\/vi\/wp-json\/wp\/v2\/media\/5175"}],"wp:attachment":[{"href":"https:\/\/wpachem.com\/vi\/wp-json\/wp\/v2\/media?parent=5799"}],"wp:term":[{"taxonomy":"product_brand","embeddable":true,"href":"https:\/\/wpachem.com\/vi\/wp-json\/wp\/v2\/product_brand?post=5799"},{"taxonomy":"product_cat","embeddable":true,"href":"https:\/\/wpachem.com\/vi\/wp-json\/wp\/v2\/product_cat?post=5799"},{"taxonomy":"product_tag","embeddable":true,"href":"https:\/\/wpachem.com\/vi\/wp-json\/wp\/v2\/product_tag?post=5799"}],"curies":[{"name":"wp","href":"https:\/\/api.w.org\/{rel}","templated":true}]}}