{"id":5801,"date":"2024-02-02T06:27:53","date_gmt":"2024-02-02T06:27:53","guid":{"rendered":"https:\/\/wpachem.com\/?post_type=product&#038;p=5801"},"modified":"2024-02-02T06:31:25","modified_gmt":"2024-02-02T06:31:25","slug":"alpha-bisabolol-cas-515-69-5-6-methyl-2-4-methyl-3-cyclohexen-1-yl-5-hepten-2-ol","status":"publish","type":"product","link":"https:\/\/wpachem.com\/vi\/product\/alpha-bisabolol-cas-515-69-5-6-methyl-2-4-methyl-3-cyclohexen-1-yl-5-hepten-2-ol\/","title":{"rendered":"Alpha-Bisabolol CAS 515-69-5 6-Methyl-2-(4-methyl-3-cyclohexen-1-yl)-5-hepten-2-ol"},"content":{"rendered":"<p>Ch\u1ea5t l\u1ecfng kh\u00f4ng m\u00e0u ho\u1eb7c h\u01a1i v\u00e0ng<\/p>\n<p><strong>\u1ee8ng d\u1ee5ng<\/strong><\/p>\n<p>\u2013 Bisabolol th\u01b0\u1eddng \u0111\u01b0\u1ee3c d\u00f9ng l\u00e0m thu\u1ed1c th\u1eed trong t\u1ed5ng h\u1ee3p h\u00f3a h\u1ecdc.<br \/>\n\u2013 Ngo\u00e0i ra c\u00f2n l\u00e0 t\u00e1c nh\u00e2n li\u00ean k\u1ebft ngang \u0111\u01b0\u1ee3c s\u1eed d\u1ee5ng trong c\u00e1c \u1ee9ng d\u1ee5ng nh\u01b0 tr\u00f9ng h\u1ee3p nh\u0169 t\u01b0\u01a1ng, s\u01a1n v\u00e0 ch\u1ea5t ph\u1ee7.<\/p>\n<p><strong>\u0110\u00f3ng g\u00f3i &amp; L\u01b0u tr\u1eef<\/strong><\/p>\n<p>25 KG\/TR\u1ed0NG<\/p>","protected":false},"excerpt":{"rendered":"<p>T\u00ean s\u1ea3n ph\u1ea9m: alpha-Bisabolol<\/p>\n<p>CAS: 515-69-5<\/p>\n<p>MF: C15H26O<\/p>\n<p>Ngo\u1ea1i quan: Ch\u1ea5t l\u1ecfng kh\u00f4ng m\u00e0u ho\u1eb7c h\u01a1i v\u00e0ng<\/p>","protected":false},"featured_media":2211,"template":"","meta":{"_acf_changed":false,"_gspb_post_css":""},"product_brand":[],"product_cat":[52],"product_tag":[],"class_list":{"0":"post-5801","1":"product","2":"type-product","3":"status-publish","4":"has-post-thumbnail","6":"product_cat-pigment","8":"first","9":"instock","10":"shipping-taxable","11":"product-type-simple"},"acf":[],"_links":{"self":[{"href":"https:\/\/wpachem.com\/vi\/wp-json\/wp\/v2\/product\/5801","targetHints":{"allow":["GET"]}}],"collection":[{"href":"https:\/\/wpachem.com\/vi\/wp-json\/wp\/v2\/product"}],"about":[{"href":"https:\/\/wpachem.com\/vi\/wp-json\/wp\/v2\/types\/product"}],"version-history":[{"count":0,"href":"https:\/\/wpachem.com\/vi\/wp-json\/wp\/v2\/product\/5801\/revisions"}],"wp:featuredmedia":[{"embeddable":true,"href":"https:\/\/wpachem.com\/vi\/wp-json\/wp\/v2\/media\/2211"}],"wp:attachment":[{"href":"https:\/\/wpachem.com\/vi\/wp-json\/wp\/v2\/media?parent=5801"}],"wp:term":[{"taxonomy":"product_brand","embeddable":true,"href":"https:\/\/wpachem.com\/vi\/wp-json\/wp\/v2\/product_brand?post=5801"},{"taxonomy":"product_cat","embeddable":true,"href":"https:\/\/wpachem.com\/vi\/wp-json\/wp\/v2\/product_cat?post=5801"},{"taxonomy":"product_tag","embeddable":true,"href":"https:\/\/wpachem.com\/vi\/wp-json\/wp\/v2\/product_tag?post=5801"}],"curies":[{"name":"wp","href":"https:\/\/api.w.org\/{rel}","templated":true}]}}