{"id":5814,"date":"2024-02-05T08:30:24","date_gmt":"2024-02-05T08:30:24","guid":{"rendered":"https:\/\/wpachem.com\/?post_type=product&#038;p=5814"},"modified":"2024-02-05T08:34:08","modified_gmt":"2024-02-05T08:34:08","slug":"alpha-bisabolol-cas-515-69-5-6-methyl-2-4-methyl-3-cyclohexen-1-yl-5-hepten-2-ol-2","status":"publish","type":"product","link":"https:\/\/wpachem.com\/vi\/product\/alpha-bisabolol-cas-515-69-5-6-methyl-2-4-methyl-3-cyclohexen-1-yl-5-hepten-2-ol-2\/","title":{"rendered":"Alpha-Bisabolol CAS 515-69-5 6-Methyl-2-(4-methyl-3-cyclohexen-1-yl)-5-hepten-2-ol"},"content":{"rendered":"<p>Alpha-Bisabolol l\u00e0 ch\u1ea5t l\u1ecfng kh\u00f4ng m\u00e0u ho\u1eb7c h\u01a1i v\u00e0ng<\/p>\n<p><strong>\u1ee8ng d\u1ee5ng<\/strong><\/p>\n<p>Alpha-Bisabolol l\u00e0 m\u1ed9t t\u00e1c nh\u00e2n li\u00ean k\u1ebft ngang \u0111\u01b0\u1ee3c s\u1eed d\u1ee5ng trong c\u00e1c \u1ee9ng d\u1ee5ng nh\u01b0 tr\u00f9ng h\u1ee3p nh\u0169 t\u01b0\u01a1ng, s\u01a1n v\u00e0 ch\u1ea5t ph\u1ee7<\/p>\n<p><strong>\u0110\u00f3ng g\u00f3i &amp; L\u01b0u tr\u1eef<\/strong><\/p>\n<p>25 KG\/TR\u1ed0NG<\/p>","protected":false},"excerpt":{"rendered":"<p>T\u00ean s\u1ea3n ph\u1ea9m: Alpha-Bisabolol<\/p>\n<p>CAS: 515-69-5<\/p>\n<p>MF: C15H26O<\/p>\n<p>Ngo\u1ea1i quan: ch\u1ea5t l\u1ecfng kh\u00f4ng m\u00e0u ho\u1eb7c h\u01a1i v\u00e0ng<\/p>","protected":false},"featured_media":5809,"template":"","meta":{"_acf_changed":false,"_gspb_post_css":""},"product_brand":[],"product_cat":[63],"product_tag":[],"class_list":{"0":"post-5814","1":"product","2":"type-product","3":"status-publish","4":"has-post-thumbnail","6":"product_cat-industrial-chemicals","8":"first","9":"instock","10":"shipping-taxable","11":"product-type-simple"},"acf":[],"_links":{"self":[{"href":"https:\/\/wpachem.com\/vi\/wp-json\/wp\/v2\/product\/5814","targetHints":{"allow":["GET"]}}],"collection":[{"href":"https:\/\/wpachem.com\/vi\/wp-json\/wp\/v2\/product"}],"about":[{"href":"https:\/\/wpachem.com\/vi\/wp-json\/wp\/v2\/types\/product"}],"version-history":[{"count":0,"href":"https:\/\/wpachem.com\/vi\/wp-json\/wp\/v2\/product\/5814\/revisions"}],"wp:featuredmedia":[{"embeddable":true,"href":"https:\/\/wpachem.com\/vi\/wp-json\/wp\/v2\/media\/5809"}],"wp:attachment":[{"href":"https:\/\/wpachem.com\/vi\/wp-json\/wp\/v2\/media?parent=5814"}],"wp:term":[{"taxonomy":"product_brand","embeddable":true,"href":"https:\/\/wpachem.com\/vi\/wp-json\/wp\/v2\/product_brand?post=5814"},{"taxonomy":"product_cat","embeddable":true,"href":"https:\/\/wpachem.com\/vi\/wp-json\/wp\/v2\/product_cat?post=5814"},{"taxonomy":"product_tag","embeddable":true,"href":"https:\/\/wpachem.com\/vi\/wp-json\/wp\/v2\/product_tag?post=5814"}],"curies":[{"name":"wp","href":"https:\/\/api.w.org\/{rel}","templated":true}]}}