{"id":5816,"date":"2024-02-05T08:35:09","date_gmt":"2024-02-05T08:35:09","guid":{"rendered":"https:\/\/wpachem.com\/?post_type=product&#038;p=5816"},"modified":"2024-02-05T08:45:57","modified_gmt":"2024-02-05T08:45:57","slug":"paprika-oleoresin-cas-84625-29-6-capsicum-annuum-extract","status":"publish","type":"product","link":"https:\/\/wpachem.com\/vi\/product\/paprika-oleoresin-cas-84625-29-6-capsicum-annuum-extract\/","title":{"rendered":"PAPRIKA OLEORESIN CAS 84625-29-6 CHI\u1ebeT XU\u1ea4T CAPSICUM TH\u01af\u1edcNG NI\u00caN"},"content":{"rendered":"<p>N\u00f3 l\u00e0 b\u1ed9t m\u00e0u n\u00e2u \u0111\u1ebfn b\u1ed9t m\u00e0u tr\u1eafng<\/p>\n<p><strong>\u1ee8ng d\u1ee5ng<\/strong><\/p>\n<p>N\u00f3 \u0111\u01b0\u1ee3c s\u1eed d\u1ee5ng r\u1ed9ng r\u00e3i trong th\u1ef1c ph\u1ea9m, d\u01b0\u1ee3c ph\u1ea9m, m\u1ef9 ph\u1ea9m v\u00e0 c\u00e1c l\u0129nh v\u1ef1c kh\u00e1c.<br \/>\nTrong ng\u00e0nh th\u1ef1c ph\u1ea9m, n\u00f3 th\u01b0\u1eddng \u0111\u01b0\u1ee3c d\u00f9ng l\u00e0m gia v\u1ecb \u0111\u1ec3 t\u1ea1o h\u01b0\u01a1ng v\u1ecb cay cho th\u1ef1c ph\u1ea9m.<br \/>\nN\u00f3 c\u0169ng c\u00f3 m\u1ed9t s\u1ed1 l\u1ee3i \u00edch nh\u1ea5t \u0111\u1ecbnh cho s\u1ee9c kh\u1ecfe v\u00e0 \u0111\u01b0\u1ee3c s\u1eed d\u1ee5ng nh\u01b0 m\u1ed9t lo\u1ea1i thu\u1ed1c th\u1ea3o d\u01b0\u1ee3c v\u00e0 th\u1ef1c ph\u1ea9m b\u1ed5 sung.<br \/>\nNgo\u00e0i ra, n\u00f3 c\u00f2n th\u01b0\u1eddng \u0111\u01b0\u1ee3c s\u1eed d\u1ee5ng trong s\u1ea3n xu\u1ea5t t\u01b0\u01a1ng \u1edbt, b\u1ed9t \u1edbt, d\u1ea7u \u1edbt v\u00e0 nhi\u1ec1u lo\u1ea1i th\u1ef1c ph\u1ea9m kh\u00e1c.<\/p>\n<p><strong>\u0110\u00f3ng g\u00f3i &amp; L\u01b0u tr\u1eef<\/strong><\/p>\n<p>25 KG\/TR\u1ed0NG<\/p>","protected":false},"excerpt":{"rendered":"<p>T\u00ean s\u1ea3n ph\u1ea9m: PAPRIKA OLEORESIN<\/p>\n<p>CAS:84625-29-6<\/p>\n<p>Ngo\u1ea1i quan: b\u1ed9t m\u00e0u n\u00e2u \u0111\u1ebfn b\u1ed9t m\u00e0u tr\u1eafng<\/p>","protected":false},"featured_media":5134,"template":"","meta":{"_acf_changed":false,"_gspb_post_css":""},"product_brand":[],"product_cat":[55,124,122,103],"product_tag":[],"class_list":{"0":"post-5816","1":"product","2":"type-product","3":"status-publish","4":"has-post-thumbnail","6":"product_cat-food-additives","7":"product_cat-food-additives-plant-extract","8":"product_cat-plant-extract","9":"product_cat-nutrition-enhancer","11":"first","12":"instock","13":"shipping-taxable","14":"product-type-simple"},"acf":[],"_links":{"self":[{"href":"https:\/\/wpachem.com\/vi\/wp-json\/wp\/v2\/product\/5816","targetHints":{"allow":["GET"]}}],"collection":[{"href":"https:\/\/wpachem.com\/vi\/wp-json\/wp\/v2\/product"}],"about":[{"href":"https:\/\/wpachem.com\/vi\/wp-json\/wp\/v2\/types\/product"}],"version-history":[{"count":0,"href":"https:\/\/wpachem.com\/vi\/wp-json\/wp\/v2\/product\/5816\/revisions"}],"wp:featuredmedia":[{"embeddable":true,"href":"https:\/\/wpachem.com\/vi\/wp-json\/wp\/v2\/media\/5134"}],"wp:attachment":[{"href":"https:\/\/wpachem.com\/vi\/wp-json\/wp\/v2\/media?parent=5816"}],"wp:term":[{"taxonomy":"product_brand","embeddable":true,"href":"https:\/\/wpachem.com\/vi\/wp-json\/wp\/v2\/product_brand?post=5816"},{"taxonomy":"product_cat","embeddable":true,"href":"https:\/\/wpachem.com\/vi\/wp-json\/wp\/v2\/product_cat?post=5816"},{"taxonomy":"product_tag","embeddable":true,"href":"https:\/\/wpachem.com\/vi\/wp-json\/wp\/v2\/product_tag?post=5816"}],"curies":[{"name":"wp","href":"https:\/\/api.w.org\/{rel}","templated":true}]}}