{"id":5818,"date":"2024-02-05T08:46:06","date_gmt":"2024-02-05T08:46:06","guid":{"rendered":"https:\/\/wpachem.com\/?post_type=product&#038;p=5818"},"modified":"2024-02-05T08:59:55","modified_gmt":"2024-02-05T08:59:55","slug":"carnosic-acid-cas-3650-09-7-saivia-p-e-phenanthrenecarboxylic-acid","status":"publish","type":"product","link":"https:\/\/wpachem.com\/vi\/product\/carnosic-acid-cas-3650-09-7-saivia-p-e-phenanthrenecarboxylic-acid\/","title":{"rendered":"Axit Carnosic CAS 3650-09-7 Saivia PE Axit Phenanthrenecarboxylic"},"content":{"rendered":"<p>Axit carnosic l\u00e0 b\u1ed9t m\u00e0u tr\u1eafng ho\u1eb7c v\u00e0ng tr\u1eafng<\/p>\n<p><strong>\u1ee8ng d\u1ee5ng<\/strong><\/p>\n<p>C\u00f3 th\u1ec3 d\u00f9ng nh\u01b0 m\u1ed9t ch\u1ea5t t\u1ea1o h\u01b0\u01a1ng v\u1ecb \u0111\u1ec3 t\u1ea1o h\u01b0\u01a1ng th\u01a1m g\u1ed7 \u0111\u00e0n h\u01b0\u01a1ng cho th\u1ef1c ph\u1ea9m v\u00e0 \u0111\u1ed3 u\u1ed1ng.<br \/>\nN\u00f3 \u0111\u01b0\u1ee3c s\u1eed d\u1ee5ng trong ng\u00e0nh c\u00f4ng nghi\u1ec7p m\u1ef9 ph\u1ea9m \u0111\u1ec3 l\u00e0m ra c\u00e1c s\u1ea3n ph\u1ea9m nh\u01b0 n\u01b0\u1edbc hoa v\u00e0 x\u00e0 ph\u00f2ng.<br \/>\nN\u00f3 c\u0169ng \u0111\u01b0\u1ee3c s\u1eed d\u1ee5ng trong ng\u00e0nh d\u01b0\u1ee3c ph\u1ea9m nh\u01b0 m\u1ed9t ch\u1ea5t b\u1ea3o qu\u1ea3n v\u00e0 th\u00e0nh ph\u1ea7n c\u1ee7a c\u00e1c c\u00f4ng th\u1ee9c d\u01b0\u1ee3c ph\u1ea9m.<\/p>\n<p><strong>\u0110\u00f3ng g\u00f3i &amp; L\u01b0u tr\u1eef<\/strong><\/p>\n<p>25 KG\/TR\u1ed0NG<\/p>","protected":false},"excerpt":{"rendered":"<p>T\u00ean s\u1ea3n ph\u1ea9m: Axit Carnosic<\/p>\n<p>CAS:3650-09-7<\/p>\n<p>M\u1ea0NG: C20H28O4<\/p>\n<p>Ngo\u1ea1i quan: b\u1ed9t m\u00e0u tr\u1eafng ho\u1eb7c v\u00e0ng tr\u1eafng<\/p>","protected":false},"featured_media":2176,"template":"","meta":{"_acf_changed":false,"_gspb_post_css":""},"product_brand":[],"product_cat":[60,135],"product_tag":[],"class_list":{"0":"post-5818","1":"product","2":"type-product","3":"status-publish","4":"has-post-thumbnail","6":"product_cat-cosmetic-ingredients","7":"product_cat-preservative-cosmetic-ingredients","9":"first","10":"instock","11":"shipping-taxable","12":"product-type-simple"},"acf":[],"_links":{"self":[{"href":"https:\/\/wpachem.com\/vi\/wp-json\/wp\/v2\/product\/5818","targetHints":{"allow":["GET"]}}],"collection":[{"href":"https:\/\/wpachem.com\/vi\/wp-json\/wp\/v2\/product"}],"about":[{"href":"https:\/\/wpachem.com\/vi\/wp-json\/wp\/v2\/types\/product"}],"version-history":[{"count":0,"href":"https:\/\/wpachem.com\/vi\/wp-json\/wp\/v2\/product\/5818\/revisions"}],"wp:featuredmedia":[{"embeddable":true,"href":"https:\/\/wpachem.com\/vi\/wp-json\/wp\/v2\/media\/2176"}],"wp:attachment":[{"href":"https:\/\/wpachem.com\/vi\/wp-json\/wp\/v2\/media?parent=5818"}],"wp:term":[{"taxonomy":"product_brand","embeddable":true,"href":"https:\/\/wpachem.com\/vi\/wp-json\/wp\/v2\/product_brand?post=5818"},{"taxonomy":"product_cat","embeddable":true,"href":"https:\/\/wpachem.com\/vi\/wp-json\/wp\/v2\/product_cat?post=5818"},{"taxonomy":"product_tag","embeddable":true,"href":"https:\/\/wpachem.com\/vi\/wp-json\/wp\/v2\/product_tag?post=5818"}],"curies":[{"name":"wp","href":"https:\/\/api.w.org\/{rel}","templated":true}]}}