{"id":5820,"date":"2024-02-05T09:00:05","date_gmt":"2024-02-05T09:00:05","guid":{"rendered":"https:\/\/wpachem.com\/?post_type=product&#038;p=5820"},"modified":"2024-02-05T09:04:33","modified_gmt":"2024-02-05T09:04:33","slug":"triclosan-cas-3380-34-5-trichloro-2-hydroxydiphenylether-factory-supply-cosmetic-ingredients","status":"publish","type":"product","link":"https:\/\/wpachem.com\/vi\/product\/triclosan-cas-3380-34-5-trichloro-2-hydroxydiphenylether-factory-supply-cosmetic-ingredients\/","title":{"rendered":"Triclosan CAS 3380-34-5 Trichloro-2-hydroxydiphenylether Nh\u00e0 m\u00e1y cung c\u1ea5p Th\u00e0nh ph\u1ea7n m\u1ef9 ph\u1ea9m"},"content":{"rendered":"<p>N\u00f3 l\u00e0 tinh th\u1ec3 kh\u00f4ng m\u00e0u ho\u1eb7c ch\u1ea5t r\u1eafn m\u00e0u tr\u1eafng<\/p>\n<p><strong>\u1ee8ng d\u1ee5ng<\/strong><\/p>\n<p>N\u00f3 \u0111\u01b0\u1ee3c s\u1eed d\u1ee5ng r\u1ed9ng r\u00e3i trong c\u00e1c s\u1ea3n ph\u1ea9m \u0111i\u1ec7n t\u1eed, nh\u1ef1a, cao su, s\u01a1n ph\u1ee7, v\u1eadt li\u1ec7u x\u00e2y d\u1ef1ng v\u00e0 c\u00e1c l\u0129nh v\u1ef1c kh\u00e1c, v\u00e0 c\u00f3 th\u1ec3 \u0111\u01b0\u1ee3c s\u1eed d\u1ee5ng l\u00e0m ch\u1ea5t ch\u1ed1ng ch\u00e1y.<\/p>\n<p><strong>\u0110\u00f3ng g\u00f3i &amp; L\u01b0u tr\u1eef<\/strong><\/p>\n<p>25 KG\/T\u00daI<\/p>\n<p>25 KG\/TR\u1ed0NG<\/p>","protected":false},"excerpt":{"rendered":"<p>T\u00ean s\u1ea3n ph\u1ea9m: Triclosan<\/p>\n<p>CAS:3380-34-5<\/p>\n<p>MF:C12H7Cl3O2<\/p>\n<p>Ngo\u1ea1i quan: tinh th\u1ec3 kh\u00f4ng m\u00e0u ho\u1eb7c ch\u1ea5t r\u1eafn m\u00e0u tr\u1eafng<\/p>","protected":false},"featured_media":2123,"template":"","meta":{"_acf_changed":false,"_gspb_post_css":""},"product_brand":[],"product_cat":[62,76],"product_tag":[],"class_list":{"0":"post-5820","1":"product","2":"type-product","3":"status-publish","4":"has-post-thumbnail","6":"product_cat-rubberplastic-ingredients","7":"product_cat-others","9":"first","10":"instock","11":"shipping-taxable","12":"product-type-simple"},"acf":[],"_links":{"self":[{"href":"https:\/\/wpachem.com\/vi\/wp-json\/wp\/v2\/product\/5820","targetHints":{"allow":["GET"]}}],"collection":[{"href":"https:\/\/wpachem.com\/vi\/wp-json\/wp\/v2\/product"}],"about":[{"href":"https:\/\/wpachem.com\/vi\/wp-json\/wp\/v2\/types\/product"}],"version-history":[{"count":0,"href":"https:\/\/wpachem.com\/vi\/wp-json\/wp\/v2\/product\/5820\/revisions"}],"wp:featuredmedia":[{"embeddable":true,"href":"https:\/\/wpachem.com\/vi\/wp-json\/wp\/v2\/media\/2123"}],"wp:attachment":[{"href":"https:\/\/wpachem.com\/vi\/wp-json\/wp\/v2\/media?parent=5820"}],"wp:term":[{"taxonomy":"product_brand","embeddable":true,"href":"https:\/\/wpachem.com\/vi\/wp-json\/wp\/v2\/product_brand?post=5820"},{"taxonomy":"product_cat","embeddable":true,"href":"https:\/\/wpachem.com\/vi\/wp-json\/wp\/v2\/product_cat?post=5820"},{"taxonomy":"product_tag","embeddable":true,"href":"https:\/\/wpachem.com\/vi\/wp-json\/wp\/v2\/product_tag?post=5820"}],"curies":[{"name":"wp","href":"https:\/\/api.w.org\/{rel}","templated":true}]}}