{"id":5822,"date":"2024-02-05T09:04:48","date_gmt":"2024-02-05T09:04:48","guid":{"rendered":"https:\/\/wpachem.com\/?post_type=product&#038;p=5822"},"modified":"2024-02-05T09:09:51","modified_gmt":"2024-02-05T09:09:51","slug":"ligustilide-cas-4431-01-0","status":"publish","type":"product","link":"https:\/\/wpachem.com\/vi\/product\/ligustilide-cas-4431-01-0\/","title":{"rendered":"Ligustilide CAS 4431-01-0"},"content":{"rendered":"<p>N\u00f3 l\u00e0 ch\u1ea5t l\u1ecfng kh\u00f4ng m\u00e0u c\u00f3 m\u00f9i th\u01a1m \u0111\u1eb7c bi\u1ec7t<\/p>\n<p><strong>\u1ee8ng d\u1ee5ng<\/strong><\/p>\n<p>N\u00f3 \u0111\u01b0\u1ee3c s\u1eed d\u1ee5ng r\u1ed9ng r\u00e3i trong l\u0129nh v\u1ef1c s\u1ea3n xu\u1ea5t d\u01b0\u1ee3c ph\u1ea9m v\u00e0 thu\u1ed1c tr\u1eeb s\u00e2u.<br \/>\n\u0110\u00e2y l\u00e0 nguy\u00ean li\u1ec7u th\u00f4 quan tr\u1ecdng \u0111\u1ec3 t\u1ed5ng h\u1ee3p nhi\u1ec1u h\u1ee3p ch\u1ea5t h\u1eefu \u00edch, ch\u1eb3ng h\u1ea1n nh\u01b0 m\u1ed9t s\u1ed1 lo\u1ea1i thu\u1ed1c, gia v\u1ecb v\u00e0 ch\u1ea5t \u0111i\u1ec1u h\u00f2a sinh tr\u01b0\u1edfng th\u1ef1c v\u1eadt.<br \/>\nL\u00e0 m\u1ed9t ch\u1ea5t t\u1ea1o h\u01b0\u01a1ng v\u1ecb v\u00e0 ph\u1ee5 gia th\u1ef1c ph\u1ea9m, ligustilide c\u0169ng \u0111\u01b0\u1ee3c s\u1eed d\u1ee5ng \u0111\u1ec3 t\u0103ng c\u01b0\u1eddng m\u00f9i th\u01a1m v\u00e0 h\u01b0\u01a1ng v\u1ecb.<\/p>\n<p><strong>\u0110\u00f3ng g\u00f3i &amp; L\u01b0u tr\u1eef<\/strong><\/p>\n<p>25 KG\/T\u00daI<\/p>\n<p>25 KG\/TR\u1ed0NG<\/p>","protected":false},"excerpt":{"rendered":"<p>T\u00ean s\u1ea3n ph\u1ea9m: Ligustilide<\/p>\n<p>CAS:4431-01-0<\/p>\n<p>MF:C7H15NO3<\/p>\n<p>Xu\u1ea5t hi\u1ec7n: C12H14O2<\/p>","protected":false},"featured_media":2089,"template":"","meta":{"_acf_changed":false,"_gspb_post_css":""},"product_brand":[],"product_cat":[55],"product_tag":[],"class_list":{"0":"post-5822","1":"product","2":"type-product","3":"status-publish","4":"has-post-thumbnail","6":"product_cat-food-additives","8":"first","9":"instock","10":"shipping-taxable","11":"product-type-simple"},"acf":[],"_links":{"self":[{"href":"https:\/\/wpachem.com\/vi\/wp-json\/wp\/v2\/product\/5822","targetHints":{"allow":["GET"]}}],"collection":[{"href":"https:\/\/wpachem.com\/vi\/wp-json\/wp\/v2\/product"}],"about":[{"href":"https:\/\/wpachem.com\/vi\/wp-json\/wp\/v2\/types\/product"}],"version-history":[{"count":0,"href":"https:\/\/wpachem.com\/vi\/wp-json\/wp\/v2\/product\/5822\/revisions"}],"wp:featuredmedia":[{"embeddable":true,"href":"https:\/\/wpachem.com\/vi\/wp-json\/wp\/v2\/media\/2089"}],"wp:attachment":[{"href":"https:\/\/wpachem.com\/vi\/wp-json\/wp\/v2\/media?parent=5822"}],"wp:term":[{"taxonomy":"product_brand","embeddable":true,"href":"https:\/\/wpachem.com\/vi\/wp-json\/wp\/v2\/product_brand?post=5822"},{"taxonomy":"product_cat","embeddable":true,"href":"https:\/\/wpachem.com\/vi\/wp-json\/wp\/v2\/product_cat?post=5822"},{"taxonomy":"product_tag","embeddable":true,"href":"https:\/\/wpachem.com\/vi\/wp-json\/wp\/v2\/product_tag?post=5822"}],"curies":[{"name":"wp","href":"https:\/\/api.w.org\/{rel}","templated":true}]}}