{"id":5824,"date":"2024-02-05T09:10:03","date_gmt":"2024-02-05T09:10:03","guid":{"rendered":"https:\/\/wpachem.com\/?post_type=product&#038;p=5824"},"modified":"2024-02-05T09:18:08","modified_gmt":"2024-02-05T09:18:08","slug":"petroleum-jelly-white-cas-8009-03-8","status":"publish","type":"product","link":"https:\/\/wpachem.com\/vi\/product\/petroleum-jelly-white-cas-8009-03-8\/","title":{"rendered":"S\u00e1p d\u1ea7u m\u1ecf tr\u1eafng CAS 8009-03-8"},"content":{"rendered":"<p>\u0110\u00e2y l\u00e0 ch\u1ea5t b\u00e1n r\u1eafn kh\u00f4ng m\u00e0u ho\u1eb7c h\u01a1i v\u00e0ng.<\/p>\n<p><strong>\u1ee8ng d\u1ee5ng<\/strong><\/p>\n<p>Trong ng\u00e0nh d\u01b0\u1ee3c ph\u1ea9m, Vaseline th\u01b0\u1eddng \u0111\u01b0\u1ee3c d\u00f9ng \u0111\u1ec3 ch\u1ebf t\u1ea1o thu\u1ed1c m\u1ee1, kem, thu\u1ed1c m\u1ee1 b\u00f4i,... nh\u1eb1m b\u1ea3o v\u1ec7, d\u01b0\u1ee1ng \u1ea9m cho da v\u00e0 gi\u1ea3m vi\u00eam da.<br \/>\nTrong l\u0129nh v\u1ef1c l\u00e0m \u0111\u1eb9p v\u00e0 ch\u0103m s\u00f3c da, s\u00e1p d\u1ea7u th\u01b0\u1eddng \u0111\u01b0\u1ee3c th\u00eam v\u00e0o kem d\u01b0\u1ee1ng da, son m\u00f4i, son d\u01b0\u1ee1ng m\u00f4i v\u00e0 c\u00e1c s\u1ea3n ph\u1ea9m kh\u00e1c \u0111\u1ec3 b\u1ea3o v\u1ec7 v\u00e0 d\u01b0\u1ee1ng \u1ea9m cho da.<br \/>\nTrong c\u00f4ng nghi\u1ec7p, d\u1ea7u h\u1ecfa c\u0169ng \u0111\u01b0\u1ee3c s\u1eed d\u1ee5ng l\u00e0m ch\u1ea5t b\u00f4i tr\u01a1n, ch\u1ea5t b\u1ecbt k\u00edn, ch\u1ea5t c\u00e1ch \u0111i\u1ec7n, ph\u1ee5 gia nhi\u00ean li\u1ec7u, v.v.<\/p>\n<p><strong>\u0110\u00f3ng g\u00f3i &amp; L\u01b0u tr\u1eef<\/strong><\/p>\n<p>25 KG\/TR\u1ed0NG<\/p>","protected":false},"excerpt":{"rendered":"<p>T\u00ean s\u1ea3n ph\u1ea9m: Petroleum Jelly White<\/p>\n<p>S\u1ed1 CAS:8009-03-8<\/p>\n<p>MF:C15H15N<\/p>\n<p>Ngo\u1ea1i quan: ch\u1ea5t b\u00e1n r\u1eafn kh\u00f4ng m\u00e0u ho\u1eb7c h\u01a1i v\u00e0ng<\/p>","protected":false},"featured_media":5825,"template":"","meta":{"_acf_changed":false,"_gspb_post_css":""},"product_brand":[],"product_cat":[60,136],"product_tag":[],"class_list":{"0":"post-5824","1":"product","2":"type-product","3":"status-publish","4":"has-post-thumbnail","6":"product_cat-cosmetic-ingredients","7":"product_cat-repairing","9":"first","10":"instock","11":"shipping-taxable","12":"product-type-simple"},"acf":[],"_links":{"self":[{"href":"https:\/\/wpachem.com\/vi\/wp-json\/wp\/v2\/product\/5824","targetHints":{"allow":["GET"]}}],"collection":[{"href":"https:\/\/wpachem.com\/vi\/wp-json\/wp\/v2\/product"}],"about":[{"href":"https:\/\/wpachem.com\/vi\/wp-json\/wp\/v2\/types\/product"}],"version-history":[{"count":0,"href":"https:\/\/wpachem.com\/vi\/wp-json\/wp\/v2\/product\/5824\/revisions"}],"wp:featuredmedia":[{"embeddable":true,"href":"https:\/\/wpachem.com\/vi\/wp-json\/wp\/v2\/media\/5825"}],"wp:attachment":[{"href":"https:\/\/wpachem.com\/vi\/wp-json\/wp\/v2\/media?parent=5824"}],"wp:term":[{"taxonomy":"product_brand","embeddable":true,"href":"https:\/\/wpachem.com\/vi\/wp-json\/wp\/v2\/product_brand?post=5824"},{"taxonomy":"product_cat","embeddable":true,"href":"https:\/\/wpachem.com\/vi\/wp-json\/wp\/v2\/product_cat?post=5824"},{"taxonomy":"product_tag","embeddable":true,"href":"https:\/\/wpachem.com\/vi\/wp-json\/wp\/v2\/product_tag?post=5824"}],"curies":[{"name":"wp","href":"https:\/\/api.w.org\/{rel}","templated":true}]}}