{"id":5827,"date":"2024-02-05T09:18:34","date_gmt":"2024-02-05T09:18:34","guid":{"rendered":"https:\/\/wpachem.com\/?post_type=product&#038;p=5827"},"modified":"2024-02-05T09:41:02","modified_gmt":"2024-02-05T09:41:02","slug":"superoxide-dismutase-f-bovine-erythro-cytes-sod-cas-9054-89-1","status":"publish","type":"product","link":"https:\/\/wpachem.com\/vi\/product\/superoxide-dismutase-f-bovine-erythro-cytes-sod-cas-9054-89-1\/","title":{"rendered":"superoxide dismutase F. h\u1ed3ng c\u1ea7u b\u00f2 (SOD) CAS 9054-89-1"},"content":{"rendered":"<p>\u0110\u00e2y l\u00e0 b\u1ed9t tinh th\u1ec3 \u0111\u00f4ng kh\u00f4 r\u1eddi m\u00e0u tr\u1eafng ho\u1eb7c xanh nh\u1ea1t ho\u1eb7c b\u1ed9t tinh th\u1ec3 m\u00e0u xanh nh\u1ea1t.<\/p>\n<p><strong>\u1ee8ng d\u1ee5ng<\/strong><\/p>\n<p>N\u00f3 c\u00f3 th\u1ec3 \u0111\u01b0\u1ee3c s\u1eed d\u1ee5ng nh\u01b0 m\u1ed9t ch\u1ea5t ch\u1ed1ng oxy h\u00f3a trong c\u00e1c s\u1ea3n ph\u1ea9m ch\u1ed1ng l\u00e3o h\u00f3a, s\u1ea3n ph\u1ea9m l\u00e0m \u0111\u1eb9p v\u00e0 th\u1ef1c ph\u1ea9m b\u1ed5 sung s\u1ee9c kh\u1ecfe \u0111\u1ec3 lo\u1ea1i b\u1ecf c\u00e1c g\u1ed1c t\u1ef1 do v\u00e0 b\u1ea3o v\u1ec7 t\u1ebf b\u00e0o kh\u1ecfi t\u00e1c h\u1ea1i oxy h\u00f3a.<\/p>\n<p><strong>\u0110\u00f3ng g\u00f3i &amp; L\u01b0u tr\u1eef<\/strong><\/p>\n<p>10 G\/T\u00daI<\/p>\n<p>&nbsp;<\/p>","protected":false},"excerpt":{"rendered":"<p>T\u00ean s\u1ea3n ph\u1ea9m: Superoxide Dismutase<\/p>\n<p>CAS:9054-89-1<\/p>\n<p>Ngo\u1ea1i quan: b\u1ed9t tinh th\u1ec3 \u0111\u00f4ng kh\u00f4 m\u00e0u xanh nh\u1ea1t ho\u1eb7c b\u1ed9t tinh th\u1ec3 m\u00e0u xanh nh\u1ea1t<\/p>","protected":false},"featured_media":2183,"template":"","meta":{"_acf_changed":false,"_gspb_post_css":""},"product_brand":[],"product_cat":[55,131,136,60],"product_tag":[],"class_list":{"0":"post-5827","1":"product","2":"type-product","3":"status-publish","4":"has-post-thumbnail","6":"product_cat-food-additives","7":"product_cat-antioxidant","8":"product_cat-repairing","9":"product_cat-cosmetic-ingredients","11":"first","12":"instock","13":"shipping-taxable","14":"product-type-simple"},"acf":[],"_links":{"self":[{"href":"https:\/\/wpachem.com\/vi\/wp-json\/wp\/v2\/product\/5827","targetHints":{"allow":["GET"]}}],"collection":[{"href":"https:\/\/wpachem.com\/vi\/wp-json\/wp\/v2\/product"}],"about":[{"href":"https:\/\/wpachem.com\/vi\/wp-json\/wp\/v2\/types\/product"}],"version-history":[{"count":0,"href":"https:\/\/wpachem.com\/vi\/wp-json\/wp\/v2\/product\/5827\/revisions"}],"wp:featuredmedia":[{"embeddable":true,"href":"https:\/\/wpachem.com\/vi\/wp-json\/wp\/v2\/media\/2183"}],"wp:attachment":[{"href":"https:\/\/wpachem.com\/vi\/wp-json\/wp\/v2\/media?parent=5827"}],"wp:term":[{"taxonomy":"product_brand","embeddable":true,"href":"https:\/\/wpachem.com\/vi\/wp-json\/wp\/v2\/product_brand?post=5827"},{"taxonomy":"product_cat","embeddable":true,"href":"https:\/\/wpachem.com\/vi\/wp-json\/wp\/v2\/product_cat?post=5827"},{"taxonomy":"product_tag","embeddable":true,"href":"https:\/\/wpachem.com\/vi\/wp-json\/wp\/v2\/product_tag?post=5827"}],"curies":[{"name":"wp","href":"https:\/\/api.w.org\/{rel}","templated":true}]}}